{"id":1033,"date":"2025-05-20T16:50:37","date_gmt":"2025-05-20T14:50:37","guid":{"rendered":"https:\/\/alvarofrias.com\/avviso-legale\/"},"modified":"2026-05-04T11:08:58","modified_gmt":"2026-05-04T09:08:58","slug":"avviso-legale","status":"publish","type":"page","link":"https:\/\/alvarofrias.com\/it\/avviso-legale\/","title":{"rendered":"Avviso legale"},"content":{"rendered":"\t\t<div data-elementor-type=\"wp-page\" data-elementor-id=\"1033\" class=\"elementor elementor-1033 elementor-223\" data-elementor-post-type=\"page\">\n\t\t\t\t<div class=\"elementor-element elementor-element-d2d43f7 e-flex e-con-boxed e-con e-parent\" data-id=\"d2d43f7\" data-element_type=\"container\" data-e-type=\"container\">\n\t\t\t\t\t<div class=\"e-con-inner\">\n\t\t\t\t<div class=\"elementor-element elementor-element-a5eb86e elementor-widget elementor-widget-text-editor\" data-id=\"a5eb86e\" data-element_type=\"widget\" data-e-type=\"widget\" data-widget_type=\"text-editor.default\">\n\t\t\t\t<div class=\"elementor-widget-container\">\n\t\t\t\t\t\t\t\t\t<h1><b>Note Legali<\/b><\/h1>\n<p><span style=\"font-weight: 400;\">\u00a0<\/span><b>Legge sui Servizi della Societ\u00e0 dell&#8217;Informazione (LSSI)<\/b><\/p>\n<p><span style=\"font-weight: 400;\">\u00a0<\/span><span style=\"font-weight: 400;\">\u00c1LVARO FR\u00cdAS, responsabile del sito web, di seguito TITOLARE DEL TRATTAMENTO, mette a disposizione degli utenti il \u200b\u200bpresente documento, al fine di ottemperare agli obblighi previsti dalla Legge 34\/2002, dell&#8217;11 luglio, sui Servizi della Societ\u00e0 dell&#8217;Informazione e il Commercio Elettronico (LSSICE), BOE n. 166, nonch\u00e9 di informare tutti gli utenti del sito web sulle condizioni d&#8217;uso.<\/span><\/p>\n<p><span style=\"font-weight: 400;\">Chiunque acceda a questo sito web assume il ruolo di utente, impegnandosi al rispetto e alla rigorosa osservanza delle disposizioni qui stabilite, nonch\u00e9 di qualsiasi altra norma legale applicabile. disposizioni.<\/span><\/p>\n<p>\u00c1LVARO FR\u00cdAS si riserva il diritto di modificare qualsiasi tipo di informazione presente sul sito web, senza alcun obbligo di notifica o informazione degli utenti in merito a tali obblighi, essendo sufficiente la pubblicazione sul sito web di \u00c1LVARO FR\u00cdAS.<\/p>\n<ol>\n<li><b>DATI IDENTIFICATIVI<\/b><\/li>\n<\/ol>\n<p>&nbsp;<\/p>\n<ul>\n<li style=\"font-weight: 400;\" aria-level=\"1\"><span style=\"font-weight: 400;\">Nome di dominio: <\/span><span style=\"color: #800080;\"><span style=\"text-decoration: underline;\"><a style=\"color: #800080; text-decoration: underline;\" href=\"http:\/\/www.alvarofrias.com\"><span style=\"font-weight: 400;\">www.alvarofrias.com<\/span><\/a><\/span> <\/span><\/li>\n<li style=\"font-weight: 400;\" aria-level=\"1\"><span style=\"font-weight: 400;\">Nome commerciale: \u00c1lvaro Fr\u00edas Nisa<\/span><\/li>\n<li style=\"font-weight: 400;\" aria-level=\"1\"><span style=\"font-weight: 400;\">Nome dell&#8217;azienda: \u00c1LVARO FR\u00cdAS<\/span><\/li>\n<li style=\"font-weight: 400;\" aria-level=\"1\"><span style=\"font-weight: 400;\">NIF: 511019599F<\/span><\/li>\n<li style=\"font-weight: 400;\" aria-level=\"1\"><span style=\"font-weight: 400;\">Sede legale: Siviglia<\/span><\/li>\n<li style=\"font-weight: 400;\" aria-level=\"1\"><span style=\"font-weight: 400;\">Telefono: (+34) 614 64 53 27<\/span><\/li>\n<li style=\"font-weight: 400;\" aria-level=\"1\"><span style=\"font-weight: 400;\">E-mail: <span style=\"color: #800080;\"><a style=\"color: #800080;\" href=\"mailto:administracion@alvarofrias.com\"><span style=\"text-decoration: underline;\"><span style=\"color: #800080; text-decoration: underline;\">administracion@alvarofrias.com<\/span><\/span><\/a><\/span><\/span><\/li>\n<\/ul>\n<p>&nbsp;<\/p>\n<ol start=\"2\">\n<li><b>DIRITTI DI PROPRIET\u00c0 INTELLETTUALE E INDUSTRIALE<\/b><\/li>\n<\/ol>\n<p><span style=\"font-weight: 400;\">Il sito web, inclusi, a titolo esemplificativo ma non esaustivo, la sua programmazione, modifica, compilazione e altri elementi necessari al suo funzionamento, i design, i loghi, i testi e\/o la grafica, sono di propriet\u00e0 del TITOLARE del trattamento o, ove applicabile, godono di una licenza o di un&#8217;autorizzazione espressa da parte degli autori. Tutti i contenuti del sito web sono debitamente protetti dalle normative sulla propriet\u00e0 intellettuale e industriale e sono iscritti nei corrispondenti registri pubblici. <\/span><\/p>\n<p><span style=\"font-weight: 400;\">Indipendentemente dalla finalit\u00e0, qualsiasi riproduzione, utilizzo, sfruttamento, distribuzione o commercializzazione del materiale richiede la previa autorizzazione scritta del TITOLARE. Qualsiasi utilizzo non preventivamente autorizzato \u00e8 considerato una grave violazione dei diritti di propriet\u00e0 intellettuale o industriale dell&#8217;autore. <\/span><\/p>\n<p><span style=\"font-weight: 400;\">Qualsiasi disegno, logo, testo e\/o grafica non appartenenti al TITOLARE e che possa apparire sul sito web appartengono ai rispettivi proprietari, i quali sono responsabili per qualsiasi controversia che possa sorgere in merito. Il TITOLARE autorizza espressamente terzi a reindirizzare direttamente al contenuto specifico del sito web e, in ogni caso, a reindirizzare al sito web principale alvarofrias.com\/. <\/span><\/p>\n<p><span style=\"font-weight: 400;\">Il TITOLARE riconosce i corrispondenti diritti di propriet\u00e0 intellettuale e industriale a favore dei rispettivi titolari. La loro semplice menzione o apparizione sul sito web non implica l&#8217;esistenza di alcun diritto o responsabilit\u00e0 su di essi, n\u00e9 implica alcuna approvazione, sponsorizzazione o raccomandazione da parte del TITOLARE.<\/span><\/p>\n<p><span style=\"font-weight: 400;\">Per qualsiasi tipo di osservazione in merito a possibili violazioni dei diritti di propriet\u00e0 intellettuale o industriale, nonch\u00e9 a qualsiasi contenuto del sito web, \u00e8 possibile farlo inviando un&#8217;e-mail a administracion@alvarofrias.com.<\/span><\/p>\n<ol start=\"3\">\n<li><b>ESCLUSIONE DI RESPONSABILIT\u00c0<\/b><\/li>\n<\/ol>\n<p><span style=\"font-weight: 400;\">Il TITOLARE declina ogni responsabilit\u00e0 per qualsiasi contenuto, inclusi, a titolo esemplificativo ma non esaustivo, i contenuti, &#8230;qualsiasi tipo di responsabilit\u00e0 derivante dalle informazioni pubblicate sul proprio sito web, a condizione che non sia effettivamente a conoscenza del fatto che tali informazioni siano state manipolate o introdotte da terzi diversi da s\u00e9 stessa, o, in caso affermativo, abbia agito diligentemente per rimuovere i dati o renderne impossibile l&#8217;accesso. <\/span><\/p>\n<p><b>Utilizzo dei cookie<\/b><\/p>\n<p><span style=\"font-weight: 400;\">Questo sito web pu\u00f2 utilizzare cookie tecnici (piccoli file di informazioni che il server invia al computer di chi accede alla pagina) per svolgere alcune funzioni considerate essenziali per il corretto funzionamento e la visualizzazione del sito. I cookie utilizzati sono, in ogni caso, temporanei, al solo scopo di rendere la navigazione pi\u00f9 efficiente, e scompaiono al termine della sessione dell&#8217;utente. In nessun caso questi cookie forniscono di per s\u00e9 dati personali e non saranno utilizzati per raccogliere tali dati. <\/span><\/p>\n<p><span style=\"font-weight: 400;\">Attraverso l&#8217;utilizzo dei cookie, il server che ospita il sito web pu\u00f2 anche riconoscere il browser dell&#8217;utente, facilitando la navigazione. Ci\u00f2 consente, ad esempio, agli utenti precedentemente registrati di accedere ad aree, servizi, promozioni o concorsi a loro riservati esclusivamente senza dover effettuare la registrazione a ogni visita. I cookie possono anche essere utilizzati per misurare i parametri di audience e traffico, monitorare l&#8217;andamento e il numero di accessi, ecc. In questi casi, i cookie sono tecnicamente non necessari, ma utili per l&#8217;utente. Questo sito web non installer\u00e0 cookie non essenziali senza il previo consenso dell&#8217;utente.<\/span><\/p>\n<p>L&#8217;utente ha la possibilit\u00e0 di configurare il proprio browser in modo da essere avvisato della ricezione di cookie e di impedirne l&#8217;installazione sul proprio dispositivo. Per ulteriori informazioni, consultare le istruzioni del browser.<\/p>\n<p>Informativa sui link<\/p>\n<p>Dal sito web, \u00e8 possibile essere reindirizzati a contenuti di siti web di terze parti. Poich\u00e9 il TITOLARE non pu\u00f2 sempre controllare i contenuti pubblicati da terze parti sui rispettivi siti web, non si assume alcuna responsabilit\u00e0 per tali contenuti. In ogni caso, il TITOLARE rimuover\u00e0 immediatamente qualsiasi contenuto che possa violare la legislazione nazionale o internazionale, la morale o l&#8217;ordine pubblico, e rimuover\u00e0 immediatamente il reindirizzamento a tale sito web e informer\u00e0 le autorit\u00e0 competenti del contenuto in questione.<\/p>\n<p><span style=\"font-weight: 400;\">Il TITOLARE non \u00e8 responsabile delle informazioni e dei contenuti archiviati, inclusi, a titolo esemplificativo ma non esaustivo, forum, chat, generatori di blog, commenti, social network o qualsiasi altro mezzo che consenta a terzi di pubblicare contenuti in modo indipendente sul sito web del TITOLARE. Tuttavia, e in conformit\u00e0 con le disposizioni degli articoli 11 e 16 della LSSICE (Legge spagnola sul trattamento dei dati personali), il TITOLARE si rende disponibile a tutti gli utenti, autorit\u00e0 e forze dell&#8217;ordine, collaborando attivamente alla rimozione o, se del caso, al blocco di tutti i contenuti che possano ledere o violare la legislazione nazionale o internazionale, i diritti di terzi, la morale e l&#8217;ordine pubblico. Qualora l&#8217;utente ritenga che sul sito web siano presenti contenuti che potrebbero essere classificati come tali, \u00e8 pregato di avvisare immediatamente l&#8217;amministratore del sito web. <\/span><\/p>\n<p><span style=\"font-weight: 400;\">Questo sito web \u00e8 stato revisionato e testato per garantirne il corretto funzionamento. In linea di principio, il corretto funzionamento pu\u00f2 essere garantito 365 giorni all&#8217;anno, 24 ore su 24. Tuttavia, il TITOLARE DEL TRATTAMENTO non esclude la possibilit\u00e0 di determinati errori di programmazione, n\u00e9 il verificarsi di cause di forza maggiore, calamit\u00e0 naturali, scioperi o circostanze simili che rendano impossibile l&#8217;accesso al sito web.<\/span><\/p>\n<p><b>Indirizzi IP<\/b><\/p>\n<p><span style=\"font-weight: 400;\">I server del sito web possono rilevare automaticamente l&#8217;indirizzo IP e il nome di dominio utilizzati dall&#8217;utente. Un indirizzo IP \u00e8 un numero assegnato automaticamente a un computer quando si connette a Internet. Tutte queste informazioni vengono registrate in un file di attivit\u00e0 del server che consente la successiva elaborazione dei dati al fine di ottenere misurazioni puramente statistiche che ci consentono di conoscere il numero di visualizzazioni di pagina, il numero di visite effettuate sui server web, l&#8217;ordine delle visite, il punto di accesso, ecc. <\/span><\/p>\n<ol start=\"4\">\n<li><b>LEGGE APPLICABILE E GIURISDIZIONE<\/b><\/li>\n<\/ol>\n<p><span style=\"font-weight: 400;\">Per la risoluzione di qualsiasi controversia o questione relativa a questo sito webb o alle attivit\u00e0 ivi svolte, si applicher\u00e0 la legislazione spagnola, alla quale le parti si sottopongono espressamente, essendo competenti per la risoluzione di tutti i conflitti derivanti o relativi al suo utilizzo i Tribunali del domicilio dell&#8217;UTENTE o del luogo di adempimento dell&#8217;obbligo.<\/span><\/p>\n\t\t\t\t\t\t\t\t<\/div>\n\t\t\t\t<\/div>\n\t\t\t\t\t<\/div>\n\t\t\t\t<\/div>\n\t\t\t\t<\/div>\n\t\t","protected":false},"excerpt":{"rendered":"<p>Note Legali \u00a0Legge sui Servizi della Societ\u00e0 dell&#8217;Informazione (LSSI) \u00a0\u00c1LVARO FR\u00cdAS, responsabile del sito web, di seguito TITOLARE DEL TRATTAMENTO, mette a disposizione degli utenti il \u200b\u200bpresente documento, al fine di ottemperare agli obblighi previsti dalla Legge 34\/2002, dell&#8217;11 luglio, sui Servizi della Societ\u00e0 dell&#8217;Informazione e il Commercio Elettronico (LSSICE), BOE n. 166, nonch\u00e9 di [&hellip;]<\/p>\n","protected":false},"author":1,"featured_media":0,"parent":0,"menu_order":0,"comment_status":"closed","ping_status":"closed","template":"","meta":{"_joinchat":[],"footnotes":""},"class_list":["post-1033","page","type-page","status-publish","hentry"],"yoast_head":"<!-- This site is optimized with the Yoast SEO Premium plugin v27.4 (Yoast SEO v27.5) - https:\/\/yoast.com\/product\/yoast-seo-premium-wordpress\/ -->\n<title>Avviso legale | \u00c1lvaro Fr\u00edas<\/title>\n<meta name=\"robots\" content=\"noindex, nofollow\" \/>\n<meta property=\"og:locale\" content=\"it_IT\" \/>\n<meta property=\"og:type\" content=\"article\" \/>\n<meta property=\"og:title\" content=\"Avviso legale\" \/>\n<meta property=\"og:description\" content=\"Note Legali \u00a0Legge sui Servizi della Societ\u00e0 dell&#8217;Informazione (LSSI) \u00a0\u00c1LVARO FR\u00cdAS, responsabile del sito web, di seguito TITOLARE DEL TRATTAMENTO, mette a disposizione degli utenti il \u200b\u200bpresente documento, al fine di ottemperare agli obblighi previsti dalla Legge 34\/2002, dell&#8217;11 luglio, sui Servizi della Societ\u00e0 dell&#8217;Informazione e il Commercio Elettronico (LSSICE), BOE n. 166, nonch\u00e9 di [&hellip;]\" \/>\n<meta property=\"og:url\" content=\"https:\/\/alvarofrias.com\/aviso-legal\/\" \/>\n<meta property=\"og:site_name\" content=\"\u00c1lvaro Fr\u00edas\" \/>\n<meta property=\"article:publisher\" content=\"https:\/\/www.facebook.com\/p\/--Imaginero-y-Restaurador-61553494449802\/\" \/>\n<meta property=\"article:modified_time\" content=\"2026-05-04T09:08:58+00:00\" \/>\n<meta property=\"og:image\" content=\"https:\/\/alvarofrias.com\/wp-content\/uploads\/2025\/07\/Logo-vertical-scaled.jpg\" \/>\n\t<meta property=\"og:image:width\" content=\"2560\" \/>\n\t<meta property=\"og:image:height\" content=\"1440\" \/>\n\t<meta property=\"og:image:type\" content=\"image\/jpeg\" \/>\n<meta name=\"twitter:card\" content=\"summary_large_image\" \/>\n<meta name=\"twitter:label1\" content=\"Tempo di lettura stimato\" \/>\n\t<meta name=\"twitter:data1\" content=\"6 minuti\" \/>\n<script type=\"application\/ld+json\" class=\"yoast-schema-graph\">{\"@context\":\"https:\\\/\\\/schema.org\",\"@graph\":[{\"@type\":\"WebPage\",\"@id\":\"https:\\\/\\\/alvarofrias.com\\\/aviso-legal\\\/\",\"url\":\"https:\\\/\\\/alvarofrias.com\\\/aviso-legal\\\/\",\"name\":\"Avviso legale | \u00c1lvaro Fr\u00edas\",\"isPartOf\":{\"@id\":\"https:\\\/\\\/alvarofrias.com\\\/#website\"},\"datePublished\":\"2025-05-20T14:50:37+00:00\",\"dateModified\":\"2026-05-04T09:08:58+00:00\",\"breadcrumb\":{\"@id\":\"https:\\\/\\\/alvarofrias.com\\\/aviso-legal\\\/#breadcrumb\"},\"inLanguage\":\"it-IT\",\"potentialAction\":[{\"@type\":\"ReadAction\",\"target\":[\"https:\\\/\\\/alvarofrias.com\\\/aviso-legal\\\/\"]}]},{\"@type\":\"BreadcrumbList\",\"@id\":\"https:\\\/\\\/alvarofrias.com\\\/aviso-legal\\\/#breadcrumb\",\"itemListElement\":[{\"@type\":\"ListItem\",\"position\":1,\"name\":\"Portada\",\"item\":\"https:\\\/\\\/alvarofrias.com\\\/\"},{\"@type\":\"ListItem\",\"position\":2,\"name\":\"Avviso legale\"}]},{\"@type\":\"WebSite\",\"@id\":\"https:\\\/\\\/alvarofrias.com\\\/#website\",\"url\":\"https:\\\/\\\/alvarofrias.com\\\/\",\"name\":\"\u00c1lvaro Fr\u00edas\",\"description\":\"Imaginero y Restaurador\",\"publisher\":{\"@id\":\"https:\\\/\\\/alvarofrias.com\\\/#\\\/schema\\\/person\\\/3840bca3322ad7c84fa331dc30692152\"},\"alternateName\":\"\u00c1lvaro Fr\u00edas\",\"potentialAction\":[{\"@type\":\"SearchAction\",\"target\":{\"@type\":\"EntryPoint\",\"urlTemplate\":\"https:\\\/\\\/alvarofrias.com\\\/?s={search_term_string}\"},\"query-input\":{\"@type\":\"PropertyValueSpecification\",\"valueRequired\":true,\"valueName\":\"search_term_string\"}}],\"inLanguage\":\"it-IT\"},{\"@type\":[\"Person\",\"Organization\"],\"@id\":\"https:\\\/\\\/alvarofrias.com\\\/#\\\/schema\\\/person\\\/3840bca3322ad7c84fa331dc30692152\",\"name\":\"\u00c1lvaro Fr\u00edas\",\"image\":{\"@type\":\"ImageObject\",\"inLanguage\":\"it-IT\",\"@id\":\"https:\\\/\\\/alvarofrias.com\\\/wp-content\\\/uploads\\\/2025\\\/05\\\/cropped-Picsart_25-05-27_01-33-14-792-scaled-1.png\",\"url\":\"https:\\\/\\\/alvarofrias.com\\\/wp-content\\\/uploads\\\/2025\\\/05\\\/cropped-Picsart_25-05-27_01-33-14-792-scaled-1.png\",\"contentUrl\":\"https:\\\/\\\/alvarofrias.com\\\/wp-content\\\/uploads\\\/2025\\\/05\\\/cropped-Picsart_25-05-27_01-33-14-792-scaled-1.png\",\"width\":512,\"height\":512,\"caption\":\"\u00c1lvaro Fr\u00edas\"},\"logo\":{\"@id\":\"https:\\\/\\\/alvarofrias.com\\\/wp-content\\\/uploads\\\/2025\\\/05\\\/cropped-Picsart_25-05-27_01-33-14-792-scaled-1.png\"},\"description\":\"\u00c1lvaro Fr\u00edas, imaginero y restaurador, con taller en Alcal\u00e1 de Guada\u00edra. Formado en el taller del imaginero Antonio Jos\u00e9 Mart\u00ednez Rodr\u00edguez. Curs\u00f3 el Grado de Conservaci\u00f3n y Restauraci\u00f3n de Bienes Culturales en la Escuela Superior de Madrid, donde se especializ\u00f3 en Escultura. Su obra muestra un claro estilo naturalista, asimilado en el taller de su maestro, pero con grandes reminiscencias barrocas, influenciadas por la escuela sevillana. Adem\u00e1s, sus sentimientos religiosos hacen que sus obras transmitan piedad y devoci\u00f3n, siendo esculturas plenamente catequ\u00e9ticas con una clara funci\u00f3n evangelizadora y devocional.\",\"sameAs\":[\"http:\\\/\\\/www.alvarofrias.com\",\"https:\\\/\\\/www.facebook.com\\\/p\\\/--Imaginero-y-Restaurador-61553494449802\\\/\",\"https:\\\/\\\/www.instagram.com\\\/imaginero_alvarofrias\\\/\",\"https:\\\/\\\/es.linkedin.com\\\/in\\\/alvaro-frias-nisa\"],\"knowsLanguage\":[\"espa\u00f1ol\",\"ingl\u00e9s\"],\"jobTitle\":\"Imaginero y Restaurador\",\"worksFor\":\"\u00c1lvaro Fr\u00edas\"}]}<\/script>\n<!-- \/ Yoast SEO Premium plugin. -->","yoast_head_json":{"title":"Avviso legale | \u00c1lvaro Fr\u00edas","robots":{"index":"noindex","follow":"nofollow"},"og_locale":"it_IT","og_type":"article","og_title":"Avviso legale","og_description":"Note Legali \u00a0Legge sui Servizi della Societ\u00e0 dell&#8217;Informazione (LSSI) \u00a0\u00c1LVARO FR\u00cdAS, responsabile del sito web, di seguito TITOLARE DEL TRATTAMENTO, mette a disposizione degli utenti il \u200b\u200bpresente documento, al fine di ottemperare agli obblighi previsti dalla Legge 34\/2002, dell&#8217;11 luglio, sui Servizi della Societ\u00e0 dell&#8217;Informazione e il Commercio Elettronico (LSSICE), BOE n. 166, nonch\u00e9 di [&hellip;]","og_url":"https:\/\/alvarofrias.com\/aviso-legal\/","og_site_name":"\u00c1lvaro Fr\u00edas","article_publisher":"https:\/\/www.facebook.com\/p\/--Imaginero-y-Restaurador-61553494449802\/","article_modified_time":"2026-05-04T09:08:58+00:00","og_image":[{"width":2560,"height":1440,"url":"https:\/\/alvarofrias.com\/wp-content\/uploads\/2025\/07\/Logo-vertical-scaled.jpg","type":"image\/jpeg"}],"twitter_card":"summary_large_image","twitter_misc":{"Tempo di lettura stimato":"6 minuti"},"schema":{"@context":"https:\/\/schema.org","@graph":[{"@type":"WebPage","@id":"https:\/\/alvarofrias.com\/aviso-legal\/","url":"https:\/\/alvarofrias.com\/aviso-legal\/","name":"Avviso legale | \u00c1lvaro Fr\u00edas","isPartOf":{"@id":"https:\/\/alvarofrias.com\/#website"},"datePublished":"2025-05-20T14:50:37+00:00","dateModified":"2026-05-04T09:08:58+00:00","breadcrumb":{"@id":"https:\/\/alvarofrias.com\/aviso-legal\/#breadcrumb"},"inLanguage":"it-IT","potentialAction":[{"@type":"ReadAction","target":["https:\/\/alvarofrias.com\/aviso-legal\/"]}]},{"@type":"BreadcrumbList","@id":"https:\/\/alvarofrias.com\/aviso-legal\/#breadcrumb","itemListElement":[{"@type":"ListItem","position":1,"name":"Portada","item":"https:\/\/alvarofrias.com\/"},{"@type":"ListItem","position":2,"name":"Avviso legale"}]},{"@type":"WebSite","@id":"https:\/\/alvarofrias.com\/#website","url":"https:\/\/alvarofrias.com\/","name":"\u00c1lvaro Fr\u00edas","description":"Imaginero y Restaurador","publisher":{"@id":"https:\/\/alvarofrias.com\/#\/schema\/person\/3840bca3322ad7c84fa331dc30692152"},"alternateName":"\u00c1lvaro Fr\u00edas","potentialAction":[{"@type":"SearchAction","target":{"@type":"EntryPoint","urlTemplate":"https:\/\/alvarofrias.com\/?s={search_term_string}"},"query-input":{"@type":"PropertyValueSpecification","valueRequired":true,"valueName":"search_term_string"}}],"inLanguage":"it-IT"},{"@type":["Person","Organization"],"@id":"https:\/\/alvarofrias.com\/#\/schema\/person\/3840bca3322ad7c84fa331dc30692152","name":"\u00c1lvaro Fr\u00edas","image":{"@type":"ImageObject","inLanguage":"it-IT","@id":"https:\/\/alvarofrias.com\/wp-content\/uploads\/2025\/05\/cropped-Picsart_25-05-27_01-33-14-792-scaled-1.png","url":"https:\/\/alvarofrias.com\/wp-content\/uploads\/2025\/05\/cropped-Picsart_25-05-27_01-33-14-792-scaled-1.png","contentUrl":"https:\/\/alvarofrias.com\/wp-content\/uploads\/2025\/05\/cropped-Picsart_25-05-27_01-33-14-792-scaled-1.png","width":512,"height":512,"caption":"\u00c1lvaro Fr\u00edas"},"logo":{"@id":"https:\/\/alvarofrias.com\/wp-content\/uploads\/2025\/05\/cropped-Picsart_25-05-27_01-33-14-792-scaled-1.png"},"description":"\u00c1lvaro Fr\u00edas, imaginero y restaurador, con taller en Alcal\u00e1 de Guada\u00edra. Formado en el taller del imaginero Antonio Jos\u00e9 Mart\u00ednez Rodr\u00edguez. Curs\u00f3 el Grado de Conservaci\u00f3n y Restauraci\u00f3n de Bienes Culturales en la Escuela Superior de Madrid, donde se especializ\u00f3 en Escultura. Su obra muestra un claro estilo naturalista, asimilado en el taller de su maestro, pero con grandes reminiscencias barrocas, influenciadas por la escuela sevillana. Adem\u00e1s, sus sentimientos religiosos hacen que sus obras transmitan piedad y devoci\u00f3n, siendo esculturas plenamente catequ\u00e9ticas con una clara funci\u00f3n evangelizadora y devocional.","sameAs":["http:\/\/www.alvarofrias.com","https:\/\/www.facebook.com\/p\/--Imaginero-y-Restaurador-61553494449802\/","https:\/\/www.instagram.com\/imaginero_alvarofrias\/","https:\/\/es.linkedin.com\/in\/alvaro-frias-nisa"],"knowsLanguage":["espa\u00f1ol","ingl\u00e9s"],"jobTitle":"Imaginero y Restaurador","worksFor":"\u00c1lvaro Fr\u00edas"}]}},"_links":{"self":[{"href":"https:\/\/alvarofrias.com\/it\/wp-json\/wp\/v2\/pages\/1033","targetHints":{"allow":["GET"]}}],"collection":[{"href":"https:\/\/alvarofrias.com\/it\/wp-json\/wp\/v2\/pages"}],"about":[{"href":"https:\/\/alvarofrias.com\/it\/wp-json\/wp\/v2\/types\/page"}],"author":[{"embeddable":true,"href":"https:\/\/alvarofrias.com\/it\/wp-json\/wp\/v2\/users\/1"}],"replies":[{"embeddable":true,"href":"https:\/\/alvarofrias.com\/it\/wp-json\/wp\/v2\/comments?post=1033"}],"version-history":[{"count":2,"href":"https:\/\/alvarofrias.com\/it\/wp-json\/wp\/v2\/pages\/1033\/revisions"}],"predecessor-version":[{"id":1178,"href":"https:\/\/alvarofrias.com\/it\/wp-json\/wp\/v2\/pages\/1033\/revisions\/1178"}],"wp:attachment":[{"href":"https:\/\/alvarofrias.com\/it\/wp-json\/wp\/v2\/media?parent=1033"}],"curies":[{"name":"wp","href":"https:\/\/api.w.org\/{rel}","templated":true}]}}