{"id":1029,"date":"2025-05-20T16:50:58","date_gmt":"2025-05-20T14:50:58","guid":{"rendered":"https:\/\/alvarofrias.com\/politica-sui-cookie\/"},"modified":"2025-06-09T15:24:48","modified_gmt":"2025-06-09T13:24:48","slug":"politica-sui-cookie","status":"publish","type":"page","link":"https:\/\/alvarofrias.com\/it\/politica-sui-cookie\/","title":{"rendered":"POLITICA SUI COOKIE"},"content":{"rendered":"\t\t<div data-elementor-type=\"wp-page\" data-elementor-id=\"1029\" class=\"elementor elementor-1029 elementor-225\" data-elementor-post-type=\"page\">\n\t\t\t\t<div class=\"elementor-element elementor-element-6833bf6 e-flex e-con-boxed e-con e-parent\" data-id=\"6833bf6\" data-element_type=\"container\" data-e-type=\"container\">\n\t\t\t\t\t<div class=\"e-con-inner\">\n\t\t\t\t<div class=\"elementor-element elementor-element-867b131 elementor-widget elementor-widget-text-editor\" data-id=\"867b131\" data-element_type=\"widget\" data-e-type=\"widget\" data-widget_type=\"text-editor.default\">\n\t\t\t\t<div class=\"elementor-widget-container\">\n\t\t\t\t\t\t\t\t\t<h1><b>INFORMATIVA SUI COOKIE<\/b><\/h1>\n<p><b>INFORMAZIONI SUI COOKIE<\/b><\/p>\n<p><span style=\"font-weight: 400;\">Ai sensi della Legge 34\/2002, dell&#8217;11 luglio, sui servizi della societ\u00e0 dell&#8217;informazione e il commercio elettronico (LSSI), in relazione al Regolamento (UE) 2016\/679 del Parlamento europeo e del Consiglio, del 27 aprile 2016, sulla Protezione dei Dati Personali (GDPR) e alla Legge Organica 3\/2018, del 5 dicembre, sulla Protezione dei Dati Personali e la Garanzia dei Diritti Digitali (LOPDGDD), \u00e8 obbligatorio ottenere il consenso esplicito dell&#8217;utente per tutti i siti web che utilizzano cookie non essenziali, prima di procedere alla navigazione. <\/span><\/p>\n<p><span style=\"font-weight: 400;\">\u00a0<\/span><\/p>\n<p><span style=\"font-weight: 400;\">\u00a0<\/span><b>COSA SONO I COOKIE?<\/b><\/p>\n<p><span style=\"font-weight: 400;\">I cookie <\/span><span style=\"font-weight: 400;\">e altre tecnologie simili, come oggetti condivisi locali, cookie Flash <\/span><i><span style=\"font-weight: 400;\">o pixel, sono strumenti utilizzati dai server web per archiviare e recuperare informazioni sui visitatori, nonch\u00e9 per garantire il corretto funzionamento del sito.<\/span><\/i><\/p>\n<p><span style=\"font-weight: 400;\"><br \/>\n<\/span><span style=\"font-weight: 400;\">Utilizzando questi dispositivi, il server web \u00e8 autorizzato a ricordare alcuni dati relativi al dell&#8217;utente, come le sue preferenze di visualizzazione delle pagine su quel server, il suo nome utente e password, i prodotti a cui \u00e8 pi\u00f9 interessato, ecc.<\/span><\/p>\n<p><b><i>COOKIE <\/i><\/b><b>INTERESSATI DALLA NORMATIVA E COOKIE ESCLUSI<\/b><\/p>\n<p><span style=\"font-weight: 400;\">Secondo la direttiva UE, i <\/span><i><span style=\"font-weight: 400;\">cookie <\/span><\/i><span style=\"font-weight: 400;\">che richiedono il consenso informato dell&#8217;utente sono i <\/span><i><span style=\"font-weight: 400;\">cookie <\/span><\/i><span style=\"font-weight: 400;\">cookie analitici, pubblicitari e di affiliazione, ad eccezione dei cookie tecnici e di quelli necessari al funzionamento del sito web o alla fornitura di servizi espressamente richiesti dall&#8217;utente.<\/span><\/p>\n<p><span style=\"font-weight: 400;\">\u00a0<\/span><\/p>\n<p><b>TIPI DI COOKIE<\/b><\/p>\n<p><b>A seconda dello scopo<\/b><span style=\"font-weight: 400;\">\u00a0<\/span><\/p>\n<ul>\n<li style=\"font-weight: 400;\" aria-level=\"1\"><b><i>Cookie tecnici e funzionali<\/i><\/b><span style=\"font-weight: 400;\">: sono cookie che consentono all&#8217;utente di navigare attraverso un sito web, una piattaforma o un&#8217;applicazione e di utilizzare le diverse opzioni o servizi in esso presenti.<\/span><i><span style=\"font-weight: 400;\">.<\/span><\/i><span style=\"font-weight: 400;\">\u00a0<\/span><\/li>\n<li style=\"font-weight: 400;\" aria-level=\"1\"><b><i>Cookie analitici<\/i><\/b><span style=\"font-weight: 400;\">: si tratta di cookie che consentono al loro responsabile di monitorare e analizzare il comportamento degli utenti dei siti web a cui sono collegati. Le informazioni raccolte tramite questo tipo di <\/span><i><span style=\"font-weight: 400;\">cookie<\/span><\/i><span style=\"font-weight: 400;\"> vengono utilizzate per misurare l&#8217;attivit\u00e0 di siti web, applicazioni o piattaforme e per creare profili di navigazione degli utenti di tali siti, applicazioni e piattaforme, al fine di apportare miglioramenti basati sull&#8217;analisi dei dati di utilizzo effettuati dagli utenti del servizio.<\/span><\/li>\n<li style=\"font-weight: 400;\" aria-level=\"1\"><b><i>Cookie<\/i><\/b> <b>Pubblicit\u00e0:<\/b><span style=\"font-weight: 400;\">sono quelli che consentono la gestione, nel modo pi\u00f9 efficiente possibile, degli spazi pubblicitari che, se del caso, l&#8217;editor ha inserito in una pagina web, applicazione o piattaforma da cui viene fornito il servizio richiesto, in base a criteri quali il contenuto modificato o la frequenza con cui vengono visualizzati gli annunci. <\/span><\/li>\n<li style=\"font-weight: 400;\" aria-level=\"1\"><b><i>Cookie pubblicitari comportamentali<\/i><\/b><span style=\"font-weight: 400;\">: raccolgono informazioni sulle preferenze e le scelte personali dell&#8217;utente (<\/span><i><span style=\"font-weight: 400;\">retargeting<\/span><\/i><span style=\"font-weight: 400;\">) per consentire la gestione pi\u00f9 efficiente possibile di qualsiasi spazio pubblicitario che l&#8217;editore possa aver incluso su un sito web, applicazione o piattaforma da cui viene fornito il servizio richiesto.<\/span><\/li>\n<li style=\"font-weight: 400;\" aria-level=\"1\"><b><i>Cookie social<\/i><\/b><span style=\"font-weight: 400;\">: vengono impostati dalle piattaforme di social media sui Servizi per consentirti di condividere contenuti con i tuoi amici e i tuoi contatti. Le piattaforme di social media hanno la possibilit\u00e0 di tracciare la tua attivit\u00e0 online al di fuori dei Servizi. Ci\u00f2 potrebbe influire sui contenuti e sui messaggi visualizzati sugli altri Servizi che visiti.<\/span><\/li>\n<li style=\"font-weight: 400;\" aria-level=\"1\"><b><i>Cookie di affiliazione<\/i><\/b><span style=\"font-weight: 400;\">: Questi cookie consentono di tracciare le visite da altri siti web con cui il sito web ha un contratto di affiliazione (societ\u00e0 affiliate).<\/span><\/li>\n<li style=\"font-weight: 400;\" aria-level=\"1\"><b><i>Cookie di sicurezza<\/i><\/b><span style=\"font-weight: 400;\">: Memorizzano informazioni crittografate per impedire che i dati in essi memorizzati siano vulnerabili ad attacchi dannosi da parte di terze parti.<\/span><\/li>\n<\/ul>\n<p><span style=\"font-weight: 400;\"><br \/>\n<\/span><b>A SECONDA DEL PROPRIETARIO<\/b><span style=\"font-weight: 400;\">\u00a0<\/span><\/p>\n<ul>\n<li style=\"font-weight: 400;\" aria-level=\"1\"><b><i>Cookie proprietari<\/i><\/b><b>: Si tratta di cookie inviati al terminale dell&#8217;utente da un computer o dominio gestito dall&#8217;editore stesso e da cui viene fornito il servizio richiesto dall&#8217;utente. <\/b><\/li>\n<li style=\"font-weight: 400;\" aria-level=\"1\"><b><i>Cookie di terze parti<\/i><\/b> <b>I cookie di terze parti<\/b><span style=\"font-weight: 400;\"> sono quelli inviati al terminale dell&#8217;utente da un computer o dominio non gestito dall&#8217;editore, ma da un&#8217;altra entit\u00e0 che elabora i dati ottenuti tramite i cookie.<\/span><\/li>\n<\/ul>\n<p><span style=\"font-weight: 400;\"><br \/>\n<\/span><b>IN BASE AL PERIODO DI CONSERVAZIONE<\/b><span style=\"font-weight: 400;\">\u00a0<\/span><\/p>\n<ul>\n<li style=\"font-weight: 400;\" aria-level=\"1\"><b><i>Cookie di sessione<\/i><\/b><b>:<\/b><span style=\"font-weight: 400;\">sono un tipo di <\/span><i><span style=\"font-weight: 400;\">cookie<\/span><\/i><span style=\"font-weight: 400;\">progettato per raccogliere e memorizzare dati mentre l&#8217;utente accede a un sito web. <\/span><\/li>\n<li style=\"font-weight: 400;\" aria-level=\"1\"><b><i>Cookie persistenti<\/i><\/b><b>:<\/b><span style=\"font-weight: 400;\">sono un tipo di cookie in cui i dati rimangono memorizzati sul terminale e sono accessibili ed elaborabili per un periodo definito dal responsabile del <\/span><i><span style=\"font-weight: 400;\">cookie<\/span><\/i><span style=\"font-weight: 400;\">cookie<\/span><\/li>\n<\/ul>\n<p><span style=\"font-weight: 400;\"><br \/>\n<\/span><b>TRATTAMENTO DEI DATI PERSONALI<\/b><span style=\"font-weight: 400;\">\u00a0<\/span><\/p>\n<p><span style=\"font-weight: 400;\">\u00c1lvaro Fr\u00edas \u00e8 il <\/span><b>Titolare del trattamento dei dati personali dell&#8217;interessato e La informa che tali dati saranno trattati in In conformit\u00e0 con le disposizioni del Regolamento (UE) 2016\/679 del 27 aprile 2016 (GDPR), si forniscono pertanto le seguenti informazioni sul trattamento:<\/b><\/p>\n<p><b>Finalit\u00e0 del trattamento: come specificato nella sezione relativa ai cookie utilizzati su questo sito web.<\/b><\/p>\n<p><b>Legittimit\u00e0 del trattamento: salvo nei casi in cui ci\u00f2 sia necessario per la navigazione sul sito web, con il consenso dell&#8217;interessato (articolo 6.1 GDPR).<\/b><\/p>\n<p><b>Criteri di conservazione dei dati<\/b><span style=\"font-weight: 400;\">: come specificato nella sezione relativa ai cookie utilizzati sul sito web.<\/span><\/p>\n<p><b>Comunicazione dei dati<\/b><span style=\"font-weight: 400;\">: i dati non saranno comunicati a terzi, fatta eccezione per i cookie di propriet\u00e0 di terzi o per obbligo di legge.<\/span><\/p>\n<p><b>Diritti dell&#8217;interessato<\/b><span style=\"font-weight: 400;\">:<\/span><\/p>\n<ul>\n<li style=\"font-weight: 400;\" aria-level=\"1\"><span style=\"font-weight: 400;\">Diritto di revocare il consenso in qualsiasi momento.<\/span><\/li>\n<li style=\"font-weight: 400;\" aria-level=\"1\"><span style=\"font-weight: 400;\">Diritto di accesso, rettifica, portabilit\u00e0 e cancellazione dei tuoi dati, nonch\u00e9 di limitazione o opposizione al loro trattamento.<\/span><\/li>\n<li style=\"font-weight: 400;\" aria-level=\"1\"><span style=\"font-weight: 400;\">Diritto di proporre reclamo all&#8217;Autorit\u00e0 di controllo (<span style=\"text-decoration: underline;\"><span style=\"color: #800080; text-decoration: underline;\"><a style=\"color: #800080; text-decoration: underline;\" href=\"http:\/\/www.aepd.es\">www.aepd.es<\/a><\/span><\/span>) se ritieni che il trattamento non sia conforme alla normativa vigente.<\/span><\/li>\n<\/ul>\n<p><b>Dati di contatto per esercitare i tuoi diritti:<\/b><\/p>\n<p><span style=\"font-weight: 400;\">Puoi esercitare i tuoi diritti in materia di protezione dei dati scrivendo a <span style=\"color: #800080;\"><a style=\"color: #800080;\" href=\"mailto:administracion@alvarofrias.com\"><span style=\"text-decoration: underline;\">administracion@alvarofrias.com<\/span><\/a><\/span>.<\/span><span style=\"font-weight: 400;\"><br \/>\n<\/span><\/p>\n<p><b>Cookie utilizzati su questo sito web<\/b><\/p>\n<h4><b>Cookie controllati dall&#8217;editore<\/b><\/h4>\n<p>Non vengono installati cookie controllati dall&#8217;editore<\/p>\n<p><span style=\"font-weight: 400;\">\u00a0<\/span><\/p>\n<p><span style=\"font-weight: 400;\">\u00a0<\/span><\/p>\n<h4><b>Cookie di terze parti<\/b><\/h4>\n<p><span style=\"font-weight: 400;\">I servizi di terze parti sono al di fuori del controllo dell&#8217;editore. I fornitori possono modificare i propri termini di servizio, finalit\u00e0 e utilizzo dei cookie, ecc., in qualsiasi momento.<\/span><\/p>\n<p><b>Fornitori esterni di questo sito web:<\/b><\/p>\n<p><span style=\"font-weight: 400;\">Non sono installati cookie controllati da terze parti.<\/span><\/p>\n<p><span style=\"font-weight: 400;\">\u00a0<\/span><\/p>\n<p><span style=\"font-weight: 400;\">\u00a0<\/span><\/p>\n<table>\n<tbody>\n<tr>\n<td><b>COME GESTIRE I COOKIE DAL BROWSER<\/b><\/td>\n<\/tr>\n<tr>\n<td><b>Eliminare i cookie dal dispositivo\u00a0<\/b><\/td>\n<td><span style=\"font-weight: 400;\">I cookie gi\u00e0 presenti su un dispositivo possono essere eliminati cancellando la cronologia del browser, che eliminer\u00e0 i cookie da tutti i dispositivi. siti web visitati.<\/span><span style=\"font-weight: 400;\"><br \/>\n<\/span><span style=\"font-weight: 400;\">Tuttavia, alcune informazioni salvate (come le informazioni di accesso o le preferenze del sito web) potrebbero andare perse.<\/span><\/td>\n<\/tr>\n<tr>\n<td><b>Gestisci i cookie specifici del sito<\/b><\/td>\n<td><span style=\"font-weight: 400;\">Per un controllo pi\u00f9 preciso sui cookie specifici del sito, gli utenti possono modificare le impostazioni relative alla privacy e ai cookie nel proprio browser.<\/span><\/td>\n<\/tr>\n<tr>\n<td><b>Blocca i cookie<\/b><\/td>\n<td><span style=\"font-weight: 400;\">Sebbene la maggior parte dei browser moderni possa essere configurata per impedire l&#8217;installazione dei cookie sui dispositivi, ci\u00f2 potrebbe richiedere la modifica manuale di alcune preferenze ogni volta che si visita un sito o una pagina. Inoltre, alcuni servizi e funzionalit\u00e0 potrebbero non funzionare correttamente (ad esempio, gli accessi al profilo).<\/span><\/td>\n<\/tr>\n<\/tbody>\n<\/table>\n<p><\/p>\n<h1><\/h1>\n<p><\/p>\n<table>\n<tbody>\n<tr>\n<td><b>COME ELIMINARE I COOKIE DAI BROWSER PI\u00d9 COMUNI<\/b><\/td>\n<\/tr>\n<tr>\n<td><b>Chrome<\/b><\/td>\n<td><a href=\"http:\/\/support.google.com\/chrome\/answer\/95647?hl=es\"><span style=\"font-weight: 400;\">http:\/\/support.google.com\/chrome\/answer\/95647?hl=es<\/span><\/a><\/td>\n<\/tr>\n<tr>\n<td><b>Edge<\/b><\/td>\n<td><a href=\"https:\/\/support.microsoft.com\/es-es\/microsoft-edge\/eliminare-i-cookie-in-microsoft-edge-63947406-40ac-c3b8-57b9-2a946a29ae09\"><span style=\"font-weight: 400;\">https:\/\/support.microsoft.com\/es-es\/microsoft-edge\/eliminare-i-cookie-in-microsoft-edge-63947406-40ac-c3b8-57b9-2a946a29ae09<\/span><\/a><\/td>\n<\/tr>\n<tr>\n<td><b>Explorer<\/b><\/td>\n<td><a href=\"https:\/\/support.microsoft.com\/es-es\/help\/278835\/come-eliminare-i-file-cookie-in-internet-explorer\"><span style=\"font-weight: 400;\">https:\/\/support.microsoft.com\/es-es\/help\/278835\/come-eliminare-i-file-cookie-in-internet-explorer<\/span><\/a><\/td>\n<\/tr>\n<tr>\n<td><b>Firefox<\/b><\/td>\n<td><a href=\"https:\/\/www.mozilla.org\/es-ES\/privacy\/websites\/#cookies\"><span style=\"font-weight: 400;\">https:\/\/www.mozilla.org\/es-ES\/privacy\/websites\/#cookies<\/span><\/a><\/td>\n<\/tr>\n<tr>\n<td><b>Safari<\/b><\/td>\n<td><a href=\"https:\/\/support.apple.com\/es-es\/guide\/safari\/sfri11471\/mac\"><span style=\"font-weight: 400;\">https:\/\/support.apple.com\/es-es\/guide\/safari\/sfri11471\/mac<\/span><\/a><\/td>\n<\/tr>\n<tr>\n<td><b>Opera<\/b><\/td>\n<td><a href=\"https:\/\/help.opera.com\/it\/latest\/security-and-privacy\/#clearBrowsingData\"><span style=\"font-weight: 400;\">https:\/\/help.opera.com\/it\/latest\/security-and-privacy\/#clearBrowsingData<\/span><\/a><\/td>\n<\/tr>\n<\/tbody>\n<\/table>\n<p><\/p>\n<h1><\/h1>\n\t\t\t\t\t\t\t\t<\/div>\n\t\t\t\t<\/div>\n\t\t\t\t\t<\/div>\n\t\t\t\t<\/div>\n\t\t\t\t<\/div>\n\t\t","protected":false},"excerpt":{"rendered":"<p>INFORMATIVA SUI COOKIE INFORMAZIONI SUI COOKIE Ai sensi della Legge 34\/2002, dell&#8217;11 luglio, sui servizi della societ\u00e0 dell&#8217;informazione e il commercio elettronico (LSSI), in relazione al Regolamento (UE) 2016\/679 del Parlamento europeo e del Consiglio, del 27 aprile 2016, sulla Protezione dei Dati Personali (GDPR) e alla Legge Organica 3\/2018, del 5 dicembre, sulla Protezione [&hellip;]<\/p>\n","protected":false},"author":1,"featured_media":0,"parent":0,"menu_order":0,"comment_status":"closed","ping_status":"closed","template":"","meta":{"_joinchat":[],"footnotes":""},"class_list":["post-1029","page","type-page","status-publish","hentry"],"yoast_head":"<!-- This site is optimized with the Yoast SEO Premium plugin v27.4 (Yoast SEO v27.5) - https:\/\/yoast.com\/product\/yoast-seo-premium-wordpress\/ -->\n<title>POLITICA SUI COOKIE | \u00c1lvaro Fr\u00edas<\/title>\n<meta name=\"robots\" content=\"noindex, nofollow\" \/>\n<meta property=\"og:locale\" content=\"it_IT\" \/>\n<meta property=\"og:type\" content=\"article\" \/>\n<meta property=\"og:title\" content=\"POLITICA SUI COOKIE\" \/>\n<meta property=\"og:description\" content=\"INFORMATIVA SUI COOKIE INFORMAZIONI SUI COOKIE Ai sensi della Legge 34\/2002, dell&#8217;11 luglio, sui servizi della societ\u00e0 dell&#8217;informazione e il commercio elettronico (LSSI), in relazione al Regolamento (UE) 2016\/679 del Parlamento europeo e del Consiglio, del 27 aprile 2016, sulla Protezione dei Dati Personali (GDPR) e alla Legge Organica 3\/2018, del 5 dicembre, sulla Protezione [&hellip;]\" \/>\n<meta property=\"og:url\" content=\"https:\/\/alvarofrias.com\/politica-de-cookies\/\" \/>\n<meta property=\"og:site_name\" content=\"\u00c1lvaro Fr\u00edas\" \/>\n<meta property=\"article:publisher\" content=\"https:\/\/www.facebook.com\/p\/--Imaginero-y-Restaurador-61553494449802\/\" \/>\n<meta property=\"article:modified_time\" content=\"2025-06-09T13:24:48+00:00\" \/>\n<meta property=\"og:image\" content=\"https:\/\/alvarofrias.com\/wp-content\/uploads\/2025\/07\/Logo-vertical-scaled.jpg\" \/>\n\t<meta property=\"og:image:width\" content=\"2560\" \/>\n\t<meta property=\"og:image:height\" content=\"1440\" \/>\n\t<meta property=\"og:image:type\" content=\"image\/jpeg\" \/>\n<meta name=\"twitter:card\" content=\"summary_large_image\" \/>\n<meta name=\"twitter:label1\" content=\"Tempo di lettura stimato\" \/>\n\t<meta name=\"twitter:data1\" content=\"6 minuti\" \/>\n<script type=\"application\/ld+json\" class=\"yoast-schema-graph\">{\"@context\":\"https:\\\/\\\/schema.org\",\"@graph\":[{\"@type\":\"WebPage\",\"@id\":\"https:\\\/\\\/alvarofrias.com\\\/politica-de-cookies\\\/\",\"url\":\"https:\\\/\\\/alvarofrias.com\\\/politica-de-cookies\\\/\",\"name\":\"POLITICA SUI COOKIE | \u00c1lvaro Fr\u00edas\",\"isPartOf\":{\"@id\":\"https:\\\/\\\/alvarofrias.com\\\/#website\"},\"datePublished\":\"2025-05-20T14:50:58+00:00\",\"dateModified\":\"2025-06-09T13:24:48+00:00\",\"breadcrumb\":{\"@id\":\"https:\\\/\\\/alvarofrias.com\\\/politica-de-cookies\\\/#breadcrumb\"},\"inLanguage\":\"it-IT\",\"potentialAction\":[{\"@type\":\"ReadAction\",\"target\":[\"https:\\\/\\\/alvarofrias.com\\\/politica-de-cookies\\\/\"]}]},{\"@type\":\"BreadcrumbList\",\"@id\":\"https:\\\/\\\/alvarofrias.com\\\/politica-de-cookies\\\/#breadcrumb\",\"itemListElement\":[{\"@type\":\"ListItem\",\"position\":1,\"name\":\"Portada\",\"item\":\"https:\\\/\\\/alvarofrias.com\\\/\"},{\"@type\":\"ListItem\",\"position\":2,\"name\":\"POLITICA SUI COOKIE\"}]},{\"@type\":\"WebSite\",\"@id\":\"https:\\\/\\\/alvarofrias.com\\\/#website\",\"url\":\"https:\\\/\\\/alvarofrias.com\\\/\",\"name\":\"\u00c1lvaro Fr\u00edas\",\"description\":\"Imaginero y Restaurador\",\"publisher\":{\"@id\":\"https:\\\/\\\/alvarofrias.com\\\/#\\\/schema\\\/person\\\/3840bca3322ad7c84fa331dc30692152\"},\"alternateName\":\"\u00c1lvaro Fr\u00edas\",\"potentialAction\":[{\"@type\":\"SearchAction\",\"target\":{\"@type\":\"EntryPoint\",\"urlTemplate\":\"https:\\\/\\\/alvarofrias.com\\\/?s={search_term_string}\"},\"query-input\":{\"@type\":\"PropertyValueSpecification\",\"valueRequired\":true,\"valueName\":\"search_term_string\"}}],\"inLanguage\":\"it-IT\"},{\"@type\":[\"Person\",\"Organization\"],\"@id\":\"https:\\\/\\\/alvarofrias.com\\\/#\\\/schema\\\/person\\\/3840bca3322ad7c84fa331dc30692152\",\"name\":\"\u00c1lvaro Fr\u00edas\",\"image\":{\"@type\":\"ImageObject\",\"inLanguage\":\"it-IT\",\"@id\":\"https:\\\/\\\/alvarofrias.com\\\/wp-content\\\/uploads\\\/2025\\\/05\\\/cropped-Picsart_25-05-27_01-33-14-792-scaled-1.png\",\"url\":\"https:\\\/\\\/alvarofrias.com\\\/wp-content\\\/uploads\\\/2025\\\/05\\\/cropped-Picsart_25-05-27_01-33-14-792-scaled-1.png\",\"contentUrl\":\"https:\\\/\\\/alvarofrias.com\\\/wp-content\\\/uploads\\\/2025\\\/05\\\/cropped-Picsart_25-05-27_01-33-14-792-scaled-1.png\",\"width\":512,\"height\":512,\"caption\":\"\u00c1lvaro Fr\u00edas\"},\"logo\":{\"@id\":\"https:\\\/\\\/alvarofrias.com\\\/wp-content\\\/uploads\\\/2025\\\/05\\\/cropped-Picsart_25-05-27_01-33-14-792-scaled-1.png\"},\"description\":\"\u00c1lvaro Fr\u00edas, imaginero y restaurador, con taller en Alcal\u00e1 de Guada\u00edra. Formado en el taller del imaginero Antonio Jos\u00e9 Mart\u00ednez Rodr\u00edguez. Curs\u00f3 el Grado de Conservaci\u00f3n y Restauraci\u00f3n de Bienes Culturales en la Escuela Superior de Madrid, donde se especializ\u00f3 en Escultura. Su obra muestra un claro estilo naturalista, asimilado en el taller de su maestro, pero con grandes reminiscencias barrocas, influenciadas por la escuela sevillana. Adem\u00e1s, sus sentimientos religiosos hacen que sus obras transmitan piedad y devoci\u00f3n, siendo esculturas plenamente catequ\u00e9ticas con una clara funci\u00f3n evangelizadora y devocional.\",\"sameAs\":[\"http:\\\/\\\/www.alvarofrias.com\",\"https:\\\/\\\/www.facebook.com\\\/p\\\/--Imaginero-y-Restaurador-61553494449802\\\/\",\"https:\\\/\\\/www.instagram.com\\\/imaginero_alvarofrias\\\/\",\"https:\\\/\\\/es.linkedin.com\\\/in\\\/alvaro-frias-nisa\"],\"knowsLanguage\":[\"espa\u00f1ol\",\"ingl\u00e9s\"],\"jobTitle\":\"Imaginero y Restaurador\",\"worksFor\":\"\u00c1lvaro Fr\u00edas\"}]}<\/script>\n<!-- \/ Yoast SEO Premium plugin. -->","yoast_head_json":{"title":"POLITICA SUI COOKIE | \u00c1lvaro Fr\u00edas","robots":{"index":"noindex","follow":"nofollow"},"og_locale":"it_IT","og_type":"article","og_title":"POLITICA SUI COOKIE","og_description":"INFORMATIVA SUI COOKIE INFORMAZIONI SUI COOKIE Ai sensi della Legge 34\/2002, dell&#8217;11 luglio, sui servizi della societ\u00e0 dell&#8217;informazione e il commercio elettronico (LSSI), in relazione al Regolamento (UE) 2016\/679 del Parlamento europeo e del Consiglio, del 27 aprile 2016, sulla Protezione dei Dati Personali (GDPR) e alla Legge Organica 3\/2018, del 5 dicembre, sulla Protezione [&hellip;]","og_url":"https:\/\/alvarofrias.com\/politica-de-cookies\/","og_site_name":"\u00c1lvaro Fr\u00edas","article_publisher":"https:\/\/www.facebook.com\/p\/--Imaginero-y-Restaurador-61553494449802\/","article_modified_time":"2025-06-09T13:24:48+00:00","og_image":[{"width":2560,"height":1440,"url":"https:\/\/alvarofrias.com\/wp-content\/uploads\/2025\/07\/Logo-vertical-scaled.jpg","type":"image\/jpeg"}],"twitter_card":"summary_large_image","twitter_misc":{"Tempo di lettura stimato":"6 minuti"},"schema":{"@context":"https:\/\/schema.org","@graph":[{"@type":"WebPage","@id":"https:\/\/alvarofrias.com\/politica-de-cookies\/","url":"https:\/\/alvarofrias.com\/politica-de-cookies\/","name":"POLITICA SUI COOKIE | \u00c1lvaro Fr\u00edas","isPartOf":{"@id":"https:\/\/alvarofrias.com\/#website"},"datePublished":"2025-05-20T14:50:58+00:00","dateModified":"2025-06-09T13:24:48+00:00","breadcrumb":{"@id":"https:\/\/alvarofrias.com\/politica-de-cookies\/#breadcrumb"},"inLanguage":"it-IT","potentialAction":[{"@type":"ReadAction","target":["https:\/\/alvarofrias.com\/politica-de-cookies\/"]}]},{"@type":"BreadcrumbList","@id":"https:\/\/alvarofrias.com\/politica-de-cookies\/#breadcrumb","itemListElement":[{"@type":"ListItem","position":1,"name":"Portada","item":"https:\/\/alvarofrias.com\/"},{"@type":"ListItem","position":2,"name":"POLITICA SUI COOKIE"}]},{"@type":"WebSite","@id":"https:\/\/alvarofrias.com\/#website","url":"https:\/\/alvarofrias.com\/","name":"\u00c1lvaro Fr\u00edas","description":"Imaginero y Restaurador","publisher":{"@id":"https:\/\/alvarofrias.com\/#\/schema\/person\/3840bca3322ad7c84fa331dc30692152"},"alternateName":"\u00c1lvaro Fr\u00edas","potentialAction":[{"@type":"SearchAction","target":{"@type":"EntryPoint","urlTemplate":"https:\/\/alvarofrias.com\/?s={search_term_string}"},"query-input":{"@type":"PropertyValueSpecification","valueRequired":true,"valueName":"search_term_string"}}],"inLanguage":"it-IT"},{"@type":["Person","Organization"],"@id":"https:\/\/alvarofrias.com\/#\/schema\/person\/3840bca3322ad7c84fa331dc30692152","name":"\u00c1lvaro Fr\u00edas","image":{"@type":"ImageObject","inLanguage":"it-IT","@id":"https:\/\/alvarofrias.com\/wp-content\/uploads\/2025\/05\/cropped-Picsart_25-05-27_01-33-14-792-scaled-1.png","url":"https:\/\/alvarofrias.com\/wp-content\/uploads\/2025\/05\/cropped-Picsart_25-05-27_01-33-14-792-scaled-1.png","contentUrl":"https:\/\/alvarofrias.com\/wp-content\/uploads\/2025\/05\/cropped-Picsart_25-05-27_01-33-14-792-scaled-1.png","width":512,"height":512,"caption":"\u00c1lvaro Fr\u00edas"},"logo":{"@id":"https:\/\/alvarofrias.com\/wp-content\/uploads\/2025\/05\/cropped-Picsart_25-05-27_01-33-14-792-scaled-1.png"},"description":"\u00c1lvaro Fr\u00edas, imaginero y restaurador, con taller en Alcal\u00e1 de Guada\u00edra. Formado en el taller del imaginero Antonio Jos\u00e9 Mart\u00ednez Rodr\u00edguez. Curs\u00f3 el Grado de Conservaci\u00f3n y Restauraci\u00f3n de Bienes Culturales en la Escuela Superior de Madrid, donde se especializ\u00f3 en Escultura. Su obra muestra un claro estilo naturalista, asimilado en el taller de su maestro, pero con grandes reminiscencias barrocas, influenciadas por la escuela sevillana. Adem\u00e1s, sus sentimientos religiosos hacen que sus obras transmitan piedad y devoci\u00f3n, siendo esculturas plenamente catequ\u00e9ticas con una clara funci\u00f3n evangelizadora y devocional.","sameAs":["http:\/\/www.alvarofrias.com","https:\/\/www.facebook.com\/p\/--Imaginero-y-Restaurador-61553494449802\/","https:\/\/www.instagram.com\/imaginero_alvarofrias\/","https:\/\/es.linkedin.com\/in\/alvaro-frias-nisa"],"knowsLanguage":["espa\u00f1ol","ingl\u00e9s"],"jobTitle":"Imaginero y Restaurador","worksFor":"\u00c1lvaro Fr\u00edas"}]}},"_links":{"self":[{"href":"https:\/\/alvarofrias.com\/it\/wp-json\/wp\/v2\/pages\/1029","targetHints":{"allow":["GET"]}}],"collection":[{"href":"https:\/\/alvarofrias.com\/it\/wp-json\/wp\/v2\/pages"}],"about":[{"href":"https:\/\/alvarofrias.com\/it\/wp-json\/wp\/v2\/types\/page"}],"author":[{"embeddable":true,"href":"https:\/\/alvarofrias.com\/it\/wp-json\/wp\/v2\/users\/1"}],"replies":[{"embeddable":true,"href":"https:\/\/alvarofrias.com\/it\/wp-json\/wp\/v2\/comments?post=1029"}],"version-history":[{"count":1,"href":"https:\/\/alvarofrias.com\/it\/wp-json\/wp\/v2\/pages\/1029\/revisions"}],"predecessor-version":[{"id":1030,"href":"https:\/\/alvarofrias.com\/it\/wp-json\/wp\/v2\/pages\/1029\/revisions\/1030"}],"wp:attachment":[{"href":"https:\/\/alvarofrias.com\/it\/wp-json\/wp\/v2\/media?parent=1029"}],"curies":[{"name":"wp","href":"https:\/\/api.w.org\/{rel}","templated":true}]}}