{"id":1027,"date":"2025-05-20T16:51:25","date_gmt":"2025-05-20T14:51:25","guid":{"rendered":"https:\/\/alvarofrias.com\/politica-sulla-riservatezza\/"},"modified":"2025-06-09T15:23:44","modified_gmt":"2025-06-09T13:23:44","slug":"politica-sulla-riservatezza","status":"publish","type":"page","link":"https:\/\/alvarofrias.com\/it\/politica-sulla-riservatezza\/","title":{"rendered":"POLITICA SULLA RISERVATEZZA"},"content":{"rendered":"\t\t<div data-elementor-type=\"wp-page\" data-elementor-id=\"1027\" class=\"elementor elementor-1027 elementor-228\" data-elementor-post-type=\"page\">\n\t\t\t\t<div class=\"elementor-element elementor-element-4d8d423 e-flex e-con-boxed e-con e-parent\" data-id=\"4d8d423\" data-element_type=\"container\" data-e-type=\"container\">\n\t\t\t\t\t<div class=\"e-con-inner\">\n\t\t\t\t<div class=\"elementor-element elementor-element-b6e1a30 elementor-widget elementor-widget-text-editor\" data-id=\"b6e1a30\" data-element_type=\"widget\" data-e-type=\"widget\" data-widget_type=\"text-editor.default\">\n\t\t\t\t<div class=\"elementor-widget-container\">\n\t\t\t\t\t\t\t\t\t<h1><b>INFORMATIVA SULLA PRIVACY<\/b><\/h1>\n<p><\/p>\n<ol>\n<li><b>INFORMAZIONI UTENTE<\/b><\/li>\n<\/ol>\n<p><b>Chi \u00e8 responsabile del trattamento dei tuoi dati personali?<\/b><\/p>\n<p><span style=\"font-weight: 400;\">\u00c1lvaro Fr\u00edas \u00e8 il TITOLARE del trattamento dei dati personali dell&#8217;UTENTE e ti informa che tali dati saranno trattati in conformit\u00e0 con le disposizioni del Regolamento (UE) 2016\/679 del 27 aprile (GDPR) e della Legge Organica 3\/2018 del 5 dicembre (LOPDGDD).<\/span><\/p>\n<p><b>Perch\u00e9 trattiamo i tuoi dati personali e perch\u00e9 lo facciamo?<\/b><\/p>\n<p><span style=\"font-weight: 400;\">Secondo il modulo in cui abbiamo ottenuto i tuoi dati personali, li tratteremo in modo confidenziale per raggiungere i seguenti obiettivi:<\/span><\/p>\n<p><span style=\"font-weight: 400;\">Nel modulo <\/span><b>Commenti<\/b><\/p>\n<ul>\n<li style=\"font-weight: 400;\" aria-level=\"1\"><span style=\"font-weight: 400;\">Moderare e pubblicare opinioni su un post sul sito web. <\/span><span style=\"font-weight: 400;\"><br \/>\n<\/span><span style=\"font-weight: 400;\">(<\/span><i><span style=\"font-weight: 400;\">con il consenso dell&#8217;interessato, 6.1.a GDPR<\/span><\/i><span style=\"font-weight: 400;\">)<\/span><\/li>\n<\/ul>\n<p><span style=\"font-weight: 400;\">Nel modulo <\/span><b>Contatti<\/b><\/p>\n<ul>\n<li style=\"font-weight: 400;\" aria-level=\"1\"><span style=\"font-weight: 400;\">Rispondere a domande o richieste di qualsiasi tipo inoltrate dall&#8217;utente tramite uno qualsiasi dei moduli di contatto disponibili sul sito web del titolare del trattamento. <\/span><span style=\"font-weight: 400;\"><br \/>\n<\/span><span style=\"font-weight: 400;\">(<\/span><i><span style=\"font-weight: 400;\">per il legittimo interesse del titolare del trattamento, art. 6.1.f GDPR<\/span><\/i><span style=\"font-weight: 400;\">)<\/span><\/li>\n<li style=\"font-weight: 400;\" aria-level=\"1\"><span style=\"font-weight: 400;\">Effettuare analisi statistiche e studi di mercato. <\/span><span style=\"font-weight: 400;\"><br \/>\n<\/span><span style=\"font-weight: 400;\">(<\/span><i><span style=\"font-weight: 400;\">sulla base del legittimo interesse del titolare del trattamento, articolo 6.1.f GDPR<\/span><\/i><span style=\"font-weight: 400;\">)<\/span><\/li>\n<\/ul>\n<p><b>Per quanto tempo conserveremo i tuoi dati personali?<\/b><\/p>\n<p><span style=\"font-weight: 400;\">Saranno conservati per un periodo non superiore a quello necessario al perseguimento delle finalit\u00e0 del trattamento o per obblighi di legge che ne impongano la custodia e, quando non saranno pi\u00f9 necessari, saranno cancellati con misure di sicurezza adeguate a garantire l&#8217;anonimizzazione dei dati o la loro totale distruzione. <\/span><\/p>\n<p><b>A chi forniamo i tuoi dati personali?<\/b><\/p>\n<p><span style=\"font-weight: 400;\">Non \u00e8 prevista alcuna comunicazione di dati personali a terzi, fatta eccezione, ove necessario per lo svolgimento e l&#8217;esecuzione delle finalit\u00e0 del trattamento, per i nostri fornitori di servizi di comunicazione, con i quali il TITOLARE ha sottoscritto gli accordi di riservatezza e di trattamento dei dati previsti dalla vigente normativa in materia di privacy.<\/span><\/p>\n<p><b>Quali sono i tuoi diritti?<\/b><\/p>\n<p><span style=\"font-weight: 400;\">I diritti dell&#8217;UTENTE sono:<\/span><\/p>\n<ul>\n<li style=\"font-weight: 400;\" aria-level=\"1\"><span style=\"font-weight: 400;\">Diritto di revocare il consenso in qualsiasi momento.<\/span><\/li>\n<li style=\"font-weight: 400;\" aria-level=\"1\"><span style=\"font-weight: 400;\">Diritto di accesso, rettifica, portabilit\u00e0 e cancellazione dei tuoi dati, nonch\u00e9 di limitazione o opposizione al loro trattamento.<\/span><\/li>\n<li style=\"font-weight: 400;\" aria-level=\"1\"><span style=\"font-weight: 400;\">Diritto di proporre reclamo all&#8217;autorit\u00e0 di controllo (<span style=\"text-decoration: underline;\"><span style=\"color: #800080; text-decoration: underline;\"><a style=\"color: #800080; text-decoration: underline;\" href=\"http:\/\/www.aepd.es\">www.aepd.es<\/a><\/span><\/span>) se ritieni che il trattamento non sia conforme alla normativa vigente.<\/span><\/li>\n<\/ul>\n<p><b>Dati di contatto per esercitare i tuoi diritti<\/b><span style=\"font-weight: 400;\">:<\/span><\/p>\n<p><span style=\"font-weight: 400;\">Puoi esercitare i tuoi diritti in materia di protezione dei dati scrivendo a <span style=\"text-decoration: underline;\"><span style=\"color: #800080; text-decoration: underline;\"><a style=\"color: #800080; text-decoration: underline;\" href=\"mailto:administracion@alvarofrias.com\">administracion@alvarofrias.com<\/a><\/span><\/span>.<\/span><\/p>\n<ol start=\"2\">\n<li><b>CARATTERE OBBLIGATORIO O FACOLTATIVO DELLE INFORMAZIONI FORNITE DALL&#8217;UTENTE<\/b><\/li>\n<\/ol>\n<p><span style=\"font-weight: 400;\">Spuntando le caselle corrispondenti e inserendo i dati nei campi contrassegnati da un asterisco (*) nel modulo di contatto o presentati nei moduli di download, l&#8217;UTENTE accetta espressamente, liberamente e inequivocabilmente che i suoi dati siano necessari affinch\u00e9 il fornitore possa elaborare la sua richiesta. L&#8217;inserimento dei dati nei restanti campi \u00e8 facoltativo.L&#8217;UTENTE garantisce che i dati personali forniti al TITOLARE sono accurati e si assume la responsabilit\u00e0 di comunicare eventuali modifiche.<\/span><\/p>\n<p>Il TITOLARE informa che tutti i dati richiesti tramite il sito web sono obbligatori, in quanto necessari per fornire all&#8217;UTENTE un servizio ottimale. Nel caso in cui non vengano forniti tutti i dati, non vi \u00e8 alcuna garanzia che le informazioni e i servizi forniti saranno completamente personalizzati in base alle vostre esigenze.<\/p>\n<ol start=\"3\">\n<li><b>MISURE DI SICUREZZA<\/b><\/li>\n<\/ol>\n<p><span style=\"font-weight: 400;\">In conformit\u00e0 con quanto previsto dalla normativa vigente in materia di protezione dei dati personali, il TITOLARE del trattamento si attiene a tutte le disposizioni del GDPR e della LOPDGDD per il trattamento dei dati personali di sua competenza, e manifestamente ai principi descritti nell&#8217;articolo 5 del GDPR, in base ai quali tali dati sono trattati in modo lecito, corretto e trasparente nei confronti dell&#8217;interessato e adeguati, pertinenti e limitati a quanto necessario rispetto alle finalit\u00e0 per le quali sono trattati.<\/span><\/p>\n<p><span style=\"font-weight: 400;\">Il TITOLARE del trattamento garantisce di aver implementato politiche tecniche e organizzative adeguate per applicare le misure di sicurezza stabilite dal GDPR e dalla LOPDGDD al fine di proteggere i diritti e le libert\u00e0 degli UTENTI e di aver fornito loro le informazioni appropriate affinch\u00e9 possano esercitarli.<\/span><\/p>\n<p><span style=\"font-weight: Per maggiori informazioni sulle garanzie sulla privacy, puoi contattare il RESPONSABILE via email all'indirizzo &lt;span style=;\"><span style=\"color: #800080; text-decoration: underline;\"><a style=\"color: #800080; text-decoration: underline;\" href=\"mailto:administracion@alvarofrias.com\"><span style=\"color: #800080; text-decoration: underline;\">administracion@alvarofrias.co<\/span><\/a><\/span><span style=\"color: #800080; text-decoration: underline;\">m<\/span><\/span>.<\/p>\n\t\t\t\t\t\t\t\t<\/div>\n\t\t\t\t<\/div>\n\t\t\t\t\t<\/div>\n\t\t\t\t<\/div>\n\t\t\t\t<\/div>\n\t\t","protected":false},"excerpt":{"rendered":"<p>INFORMATIVA SULLA PRIVACY INFORMAZIONI UTENTE Chi \u00e8 responsabile del trattamento dei tuoi dati personali? \u00c1lvaro Fr\u00edas \u00e8 il TITOLARE del trattamento dei dati personali dell&#8217;UTENTE e ti informa che tali dati saranno trattati in conformit\u00e0 con le disposizioni del Regolamento (UE) 2016\/679 del 27 aprile (GDPR) e della Legge Organica 3\/2018 del 5 dicembre (LOPDGDD). [&hellip;]<\/p>\n","protected":false},"author":1,"featured_media":0,"parent":0,"menu_order":0,"comment_status":"closed","ping_status":"closed","template":"","meta":{"_joinchat":[],"footnotes":""},"class_list":["post-1027","page","type-page","status-publish","hentry"],"yoast_head":"<!-- This site is optimized with the Yoast SEO Premium plugin v27.4 (Yoast SEO v27.5) - https:\/\/yoast.com\/product\/yoast-seo-premium-wordpress\/ -->\n<title>POLITICA SULLA RISERVATEZZA | \u00c1lvaro Fr\u00edas<\/title>\n<meta name=\"robots\" content=\"noindex, nofollow\" \/>\n<meta property=\"og:locale\" content=\"it_IT\" \/>\n<meta property=\"og:type\" content=\"article\" \/>\n<meta property=\"og:title\" content=\"POLITICA SULLA RISERVATEZZA\" \/>\n<meta property=\"og:description\" content=\"INFORMATIVA SULLA PRIVACY INFORMAZIONI UTENTE Chi \u00e8 responsabile del trattamento dei tuoi dati personali? \u00c1lvaro Fr\u00edas \u00e8 il TITOLARE del trattamento dei dati personali dell&#8217;UTENTE e ti informa che tali dati saranno trattati in conformit\u00e0 con le disposizioni del Regolamento (UE) 2016\/679 del 27 aprile (GDPR) e della Legge Organica 3\/2018 del 5 dicembre (LOPDGDD). [&hellip;]\" \/>\n<meta property=\"og:url\" content=\"https:\/\/alvarofrias.com\/politica-de-privacidad\/\" \/>\n<meta property=\"og:site_name\" content=\"\u00c1lvaro Fr\u00edas\" \/>\n<meta property=\"article:publisher\" content=\"https:\/\/www.facebook.com\/p\/--Imaginero-y-Restaurador-61553494449802\/\" \/>\n<meta property=\"article:modified_time\" content=\"2025-06-09T13:23:44+00:00\" \/>\n<meta property=\"og:image\" content=\"https:\/\/alvarofrias.com\/wp-content\/uploads\/2025\/07\/Logo-vertical-scaled.jpg\" \/>\n\t<meta property=\"og:image:width\" content=\"2560\" \/>\n\t<meta property=\"og:image:height\" content=\"1440\" \/>\n\t<meta property=\"og:image:type\" content=\"image\/jpeg\" \/>\n<meta name=\"twitter:card\" content=\"summary_large_image\" \/>\n<meta name=\"twitter:label1\" content=\"Tempo di lettura stimato\" \/>\n\t<meta name=\"twitter:data1\" content=\"3 minuti\" \/>\n<script type=\"application\/ld+json\" class=\"yoast-schema-graph\">{\"@context\":\"https:\\\/\\\/schema.org\",\"@graph\":[{\"@type\":\"WebPage\",\"@id\":\"https:\\\/\\\/alvarofrias.com\\\/politica-de-privacidad\\\/\",\"url\":\"https:\\\/\\\/alvarofrias.com\\\/politica-de-privacidad\\\/\",\"name\":\"POLITICA SULLA RISERVATEZZA | \u00c1lvaro Fr\u00edas\",\"isPartOf\":{\"@id\":\"https:\\\/\\\/alvarofrias.com\\\/#website\"},\"datePublished\":\"2025-05-20T14:51:25+00:00\",\"dateModified\":\"2025-06-09T13:23:44+00:00\",\"breadcrumb\":{\"@id\":\"https:\\\/\\\/alvarofrias.com\\\/politica-de-privacidad\\\/#breadcrumb\"},\"inLanguage\":\"it-IT\",\"potentialAction\":[{\"@type\":\"ReadAction\",\"target\":[\"https:\\\/\\\/alvarofrias.com\\\/politica-de-privacidad\\\/\"]}]},{\"@type\":\"BreadcrumbList\",\"@id\":\"https:\\\/\\\/alvarofrias.com\\\/politica-de-privacidad\\\/#breadcrumb\",\"itemListElement\":[{\"@type\":\"ListItem\",\"position\":1,\"name\":\"Portada\",\"item\":\"https:\\\/\\\/alvarofrias.com\\\/\"},{\"@type\":\"ListItem\",\"position\":2,\"name\":\"POLITICA SULLA RISERVATEZZA\"}]},{\"@type\":\"WebSite\",\"@id\":\"https:\\\/\\\/alvarofrias.com\\\/#website\",\"url\":\"https:\\\/\\\/alvarofrias.com\\\/\",\"name\":\"\u00c1lvaro Fr\u00edas\",\"description\":\"Imaginero y Restaurador\",\"publisher\":{\"@id\":\"https:\\\/\\\/alvarofrias.com\\\/#\\\/schema\\\/person\\\/3840bca3322ad7c84fa331dc30692152\"},\"alternateName\":\"\u00c1lvaro Fr\u00edas\",\"potentialAction\":[{\"@type\":\"SearchAction\",\"target\":{\"@type\":\"EntryPoint\",\"urlTemplate\":\"https:\\\/\\\/alvarofrias.com\\\/?s={search_term_string}\"},\"query-input\":{\"@type\":\"PropertyValueSpecification\",\"valueRequired\":true,\"valueName\":\"search_term_string\"}}],\"inLanguage\":\"it-IT\"},{\"@type\":[\"Person\",\"Organization\"],\"@id\":\"https:\\\/\\\/alvarofrias.com\\\/#\\\/schema\\\/person\\\/3840bca3322ad7c84fa331dc30692152\",\"name\":\"\u00c1lvaro Fr\u00edas\",\"image\":{\"@type\":\"ImageObject\",\"inLanguage\":\"it-IT\",\"@id\":\"https:\\\/\\\/alvarofrias.com\\\/wp-content\\\/uploads\\\/2025\\\/05\\\/cropped-Picsart_25-05-27_01-33-14-792-scaled-1.png\",\"url\":\"https:\\\/\\\/alvarofrias.com\\\/wp-content\\\/uploads\\\/2025\\\/05\\\/cropped-Picsart_25-05-27_01-33-14-792-scaled-1.png\",\"contentUrl\":\"https:\\\/\\\/alvarofrias.com\\\/wp-content\\\/uploads\\\/2025\\\/05\\\/cropped-Picsart_25-05-27_01-33-14-792-scaled-1.png\",\"width\":512,\"height\":512,\"caption\":\"\u00c1lvaro Fr\u00edas\"},\"logo\":{\"@id\":\"https:\\\/\\\/alvarofrias.com\\\/wp-content\\\/uploads\\\/2025\\\/05\\\/cropped-Picsart_25-05-27_01-33-14-792-scaled-1.png\"},\"description\":\"\u00c1lvaro Fr\u00edas, imaginero y restaurador, con taller en Alcal\u00e1 de Guada\u00edra. Formado en el taller del imaginero Antonio Jos\u00e9 Mart\u00ednez Rodr\u00edguez. Curs\u00f3 el Grado de Conservaci\u00f3n y Restauraci\u00f3n de Bienes Culturales en la Escuela Superior de Madrid, donde se especializ\u00f3 en Escultura. Su obra muestra un claro estilo naturalista, asimilado en el taller de su maestro, pero con grandes reminiscencias barrocas, influenciadas por la escuela sevillana. Adem\u00e1s, sus sentimientos religiosos hacen que sus obras transmitan piedad y devoci\u00f3n, siendo esculturas plenamente catequ\u00e9ticas con una clara funci\u00f3n evangelizadora y devocional.\",\"sameAs\":[\"http:\\\/\\\/www.alvarofrias.com\",\"https:\\\/\\\/www.facebook.com\\\/p\\\/--Imaginero-y-Restaurador-61553494449802\\\/\",\"https:\\\/\\\/www.instagram.com\\\/imaginero_alvarofrias\\\/\",\"https:\\\/\\\/es.linkedin.com\\\/in\\\/alvaro-frias-nisa\"],\"knowsLanguage\":[\"espa\u00f1ol\",\"ingl\u00e9s\"],\"jobTitle\":\"Imaginero y Restaurador\",\"worksFor\":\"\u00c1lvaro Fr\u00edas\"}]}<\/script>\n<!-- \/ Yoast SEO Premium plugin. -->","yoast_head_json":{"title":"POLITICA SULLA RISERVATEZZA | \u00c1lvaro Fr\u00edas","robots":{"index":"noindex","follow":"nofollow"},"og_locale":"it_IT","og_type":"article","og_title":"POLITICA SULLA RISERVATEZZA","og_description":"INFORMATIVA SULLA PRIVACY INFORMAZIONI UTENTE Chi \u00e8 responsabile del trattamento dei tuoi dati personali? \u00c1lvaro Fr\u00edas \u00e8 il TITOLARE del trattamento dei dati personali dell&#8217;UTENTE e ti informa che tali dati saranno trattati in conformit\u00e0 con le disposizioni del Regolamento (UE) 2016\/679 del 27 aprile (GDPR) e della Legge Organica 3\/2018 del 5 dicembre (LOPDGDD). [&hellip;]","og_url":"https:\/\/alvarofrias.com\/politica-de-privacidad\/","og_site_name":"\u00c1lvaro Fr\u00edas","article_publisher":"https:\/\/www.facebook.com\/p\/--Imaginero-y-Restaurador-61553494449802\/","article_modified_time":"2025-06-09T13:23:44+00:00","og_image":[{"width":2560,"height":1440,"url":"https:\/\/alvarofrias.com\/wp-content\/uploads\/2025\/07\/Logo-vertical-scaled.jpg","type":"image\/jpeg"}],"twitter_card":"summary_large_image","twitter_misc":{"Tempo di lettura stimato":"3 minuti"},"schema":{"@context":"https:\/\/schema.org","@graph":[{"@type":"WebPage","@id":"https:\/\/alvarofrias.com\/politica-de-privacidad\/","url":"https:\/\/alvarofrias.com\/politica-de-privacidad\/","name":"POLITICA SULLA RISERVATEZZA | \u00c1lvaro Fr\u00edas","isPartOf":{"@id":"https:\/\/alvarofrias.com\/#website"},"datePublished":"2025-05-20T14:51:25+00:00","dateModified":"2025-06-09T13:23:44+00:00","breadcrumb":{"@id":"https:\/\/alvarofrias.com\/politica-de-privacidad\/#breadcrumb"},"inLanguage":"it-IT","potentialAction":[{"@type":"ReadAction","target":["https:\/\/alvarofrias.com\/politica-de-privacidad\/"]}]},{"@type":"BreadcrumbList","@id":"https:\/\/alvarofrias.com\/politica-de-privacidad\/#breadcrumb","itemListElement":[{"@type":"ListItem","position":1,"name":"Portada","item":"https:\/\/alvarofrias.com\/"},{"@type":"ListItem","position":2,"name":"POLITICA SULLA RISERVATEZZA"}]},{"@type":"WebSite","@id":"https:\/\/alvarofrias.com\/#website","url":"https:\/\/alvarofrias.com\/","name":"\u00c1lvaro Fr\u00edas","description":"Imaginero y Restaurador","publisher":{"@id":"https:\/\/alvarofrias.com\/#\/schema\/person\/3840bca3322ad7c84fa331dc30692152"},"alternateName":"\u00c1lvaro Fr\u00edas","potentialAction":[{"@type":"SearchAction","target":{"@type":"EntryPoint","urlTemplate":"https:\/\/alvarofrias.com\/?s={search_term_string}"},"query-input":{"@type":"PropertyValueSpecification","valueRequired":true,"valueName":"search_term_string"}}],"inLanguage":"it-IT"},{"@type":["Person","Organization"],"@id":"https:\/\/alvarofrias.com\/#\/schema\/person\/3840bca3322ad7c84fa331dc30692152","name":"\u00c1lvaro Fr\u00edas","image":{"@type":"ImageObject","inLanguage":"it-IT","@id":"https:\/\/alvarofrias.com\/wp-content\/uploads\/2025\/05\/cropped-Picsart_25-05-27_01-33-14-792-scaled-1.png","url":"https:\/\/alvarofrias.com\/wp-content\/uploads\/2025\/05\/cropped-Picsart_25-05-27_01-33-14-792-scaled-1.png","contentUrl":"https:\/\/alvarofrias.com\/wp-content\/uploads\/2025\/05\/cropped-Picsart_25-05-27_01-33-14-792-scaled-1.png","width":512,"height":512,"caption":"\u00c1lvaro Fr\u00edas"},"logo":{"@id":"https:\/\/alvarofrias.com\/wp-content\/uploads\/2025\/05\/cropped-Picsart_25-05-27_01-33-14-792-scaled-1.png"},"description":"\u00c1lvaro Fr\u00edas, imaginero y restaurador, con taller en Alcal\u00e1 de Guada\u00edra. Formado en el taller del imaginero Antonio Jos\u00e9 Mart\u00ednez Rodr\u00edguez. Curs\u00f3 el Grado de Conservaci\u00f3n y Restauraci\u00f3n de Bienes Culturales en la Escuela Superior de Madrid, donde se especializ\u00f3 en Escultura. Su obra muestra un claro estilo naturalista, asimilado en el taller de su maestro, pero con grandes reminiscencias barrocas, influenciadas por la escuela sevillana. Adem\u00e1s, sus sentimientos religiosos hacen que sus obras transmitan piedad y devoci\u00f3n, siendo esculturas plenamente catequ\u00e9ticas con una clara funci\u00f3n evangelizadora y devocional.","sameAs":["http:\/\/www.alvarofrias.com","https:\/\/www.facebook.com\/p\/--Imaginero-y-Restaurador-61553494449802\/","https:\/\/www.instagram.com\/imaginero_alvarofrias\/","https:\/\/es.linkedin.com\/in\/alvaro-frias-nisa"],"knowsLanguage":["espa\u00f1ol","ingl\u00e9s"],"jobTitle":"Imaginero y Restaurador","worksFor":"\u00c1lvaro Fr\u00edas"}]}},"_links":{"self":[{"href":"https:\/\/alvarofrias.com\/it\/wp-json\/wp\/v2\/pages\/1027","targetHints":{"allow":["GET"]}}],"collection":[{"href":"https:\/\/alvarofrias.com\/it\/wp-json\/wp\/v2\/pages"}],"about":[{"href":"https:\/\/alvarofrias.com\/it\/wp-json\/wp\/v2\/types\/page"}],"author":[{"embeddable":true,"href":"https:\/\/alvarofrias.com\/it\/wp-json\/wp\/v2\/users\/1"}],"replies":[{"embeddable":true,"href":"https:\/\/alvarofrias.com\/it\/wp-json\/wp\/v2\/comments?post=1027"}],"version-history":[{"count":1,"href":"https:\/\/alvarofrias.com\/it\/wp-json\/wp\/v2\/pages\/1027\/revisions"}],"predecessor-version":[{"id":1028,"href":"https:\/\/alvarofrias.com\/it\/wp-json\/wp\/v2\/pages\/1027\/revisions\/1028"}],"wp:attachment":[{"href":"https:\/\/alvarofrias.com\/it\/wp-json\/wp\/v2\/media?parent=1027"}],"curies":[{"name":"wp","href":"https:\/\/api.w.org\/{rel}","templated":true}]}}