{"id":1025,"date":"2025-05-19T20:34:01","date_gmt":"2025-05-19T18:34:01","guid":{"rendered":"https:\/\/alvarofrias.com\/consigli-artistici\/"},"modified":"2025-06-09T23:25:53","modified_gmt":"2025-06-09T21:25:53","slug":"consigli-artistici","status":"publish","type":"page","link":"https:\/\/alvarofrias.com\/it\/servizi\/consigli-artistici\/","title":{"rendered":"Consigli artistici"},"content":{"rendered":"\t\t<div data-elementor-type=\"wp-page\" data-elementor-id=\"1025\" class=\"elementor elementor-1025 elementor-101\" data-elementor-post-type=\"page\">\n\t\t\t\t\t\t<section class=\"elementor-section elementor-top-section elementor-element elementor-element-46354c2e elementor-section-boxed elementor-section-height-default elementor-section-height-default elementor-invisible\" data-id=\"46354c2e\" data-element_type=\"section\" data-e-type=\"section\" data-settings=\"{&quot;background_background&quot;:&quot;classic&quot;,&quot;animation&quot;:&quot;fadeIn&quot;}\">\n\t\t\t\t\t\t\t<div class=\"elementor-background-overlay\"><\/div>\n\t\t\t\t\t\t\t<div class=\"elementor-container elementor-column-gap-default\">\n\t\t\t\t\t<div class=\"elementor-column elementor-col-100 elementor-top-column elementor-element elementor-element-6f7d97fe\" data-id=\"6f7d97fe\" data-element_type=\"column\" data-e-type=\"column\">\n\t\t\t<div class=\"elementor-widget-wrap elementor-element-populated\">\n\t\t\t\t\t\t<div class=\"elementor-element elementor-element-17b69562 elementor-widget__width-auto elementor-invisible elementor-widget elementor-widget-heading\" data-id=\"17b69562\" data-element_type=\"widget\" data-e-type=\"widget\" data-settings=\"{&quot;_animation&quot;:&quot;fadeInLeft&quot;}\" data-widget_type=\"heading.default\">\n\t\t\t\t<div class=\"elementor-widget-container\">\n\t\t\t\t\t<h6 class=\"elementor-heading-title elementor-size-default\">Servizio<\/h6>\t\t\t\t<\/div>\n\t\t\t\t<\/div>\n\t\t\t\t<div class=\"elementor-element elementor-element-6dfb487c elementor-invisible elementor-widget elementor-widget-heading\" data-id=\"6dfb487c\" data-element_type=\"widget\" data-e-type=\"widget\" data-settings=\"{&quot;_animation&quot;:&quot;fadeInUp&quot;}\" data-widget_type=\"heading.default\">\n\t\t\t\t<div class=\"elementor-widget-container\">\n\t\t\t\t\t<h1 class=\"elementor-heading-title elementor-size-default\">CONSIGLI ARTISTICI<\/h1>\t\t\t\t<\/div>\n\t\t\t\t<\/div>\n\t\t\t\t<div class=\"elementor-element elementor-element-41a75c5f elementor-invisible elementor-widget elementor-widget-text-editor\" data-id=\"41a75c5f\" data-element_type=\"widget\" data-e-type=\"widget\" data-settings=\"{&quot;_animation&quot;:&quot;fadeInUp&quot;}\" data-widget_type=\"text-editor.default\">\n\t\t\t\t<div class=\"elementor-widget-container\">\n\t\t\t\t\t\t\t\t\t<p><span style=\"font-weight: 400;\"><em>\u201cSi hay algo por lo que merece la pena vivir, es por contemplar la belleza\u201d.<\/em> <\/span><b>Plat\u00f3n.<\/b><\/p>\n\t\t\t\t\t\t\t\t<\/div>\n\t\t\t\t<\/div>\n\t\t\t\t\t<\/div>\n\t\t<\/div>\n\t\t\t\t\t<\/div>\n\t\t<\/section>\n\t\t\t\t<section class=\"elementor-section elementor-top-section elementor-element elementor-element-2d4b4084 elementor-section-boxed elementor-section-height-default elementor-section-height-default\" data-id=\"2d4b4084\" data-element_type=\"section\" data-e-type=\"section\">\n\t\t\t\t\t\t<div class=\"elementor-container elementor-column-gap-default\">\n\t\t\t\t\t<div class=\"elementor-column elementor-col-50 elementor-top-column elementor-element elementor-element-6ae7582\" data-id=\"6ae7582\" data-element_type=\"column\" data-e-type=\"column\">\n\t\t\t<div class=\"elementor-widget-wrap elementor-element-populated\">\n\t\t\t\t\t\t<div class=\"elementor-element elementor-element-19cc85c5 elementor-widget-tablet__width-initial elementor-widget-mobile__width-inherit elementor-invisible elementor-widget elementor-widget-text-editor\" data-id=\"19cc85c5\" data-element_type=\"widget\" data-e-type=\"widget\" data-settings=\"{&quot;_animation&quot;:&quot;fadeInUp&quot;}\" data-widget_type=\"text-editor.default\">\n\t\t\t\t<div class=\"elementor-widget-container\">\n\t\t\t\t\t\t\t\t\t<p>Le confraternite e le associazioni religiose hanno l&#8217;obbligo di preservare l&#8217;eredit\u00e0 lasciataci dai nostri antenati, che dobbiamo trasmettere alle generazioni future. Pertanto, il ruolo del consulente artistico all&#8217;interno di queste associazioni \u00e8 fondamentale perch\u00e9 non solo rivitalizza questo patrimonio, ma lo mette anche in mostra affinch\u00e9 tutti possano goderne e valorizzarlo.<\/p>\n<p>Il loro ruolo \u00e8 importante per comprendere il valore artistico di un patrimonio che si \u00e8 costruito nel tempo, sebbene le confraternite siano ancora impegnate a migliorarlo e ampliarlo. Non va trascurato che i professionisti dell&#8217;arte hanno a disposizione diversi aspetti per studiare questi beni.<\/p>\n<p>In primo luogo, la percezione visiva e sensoriale, la conoscenza di ci\u00f2 che hanno di fronte, la capacit\u00e0 di distinguere tra diversi stili. In secondo luogo, la ricerca e l&#8217;ottenimento di documentazione, libri e articoli scientifici \u00e8 essenziale per una maggiore comprensione dell&#8217;argomento. Se un&#8217;opera o una collezione non \u00e8 stata studiata o \u00e8 anonima, si utilizza il metodo dell&#8217;attribuzione, attraverso il quale, utilizzando diverse ipotesi, si pu\u00f2 giungere a una conclusione. D&#8217;altra parte, c&#8217;\u00e8 un aspetto molto importante che deve essere evidenziato: l&#8217;iconografia, che descrive la rappresentazione; e l&#8217;iconologia, che fornisce un contesto all&#8217;immagine, \u00e8 un fondamento indispensabile per la storia dell&#8217;arte.<\/p>\n<p>Inoltre, l&#8217;analisi formale supporta i criteri di valutazione dell&#8217;opera e approfondisce la nostra comprensione della scultura stessa. Mentre il consulente artistico \u00e8 limitato alle sue conoscenze ed esperienze e deve giudicare in modo imparziale, deve posizionarsi sul lato neutrale. In questo caso, nel giudizio di un&#8217;immagine, l&#8217;aspetto artistico, che le conferisce valore, deve essere separato dall&#8217;aspetto devozionale, in cui interviene il sentimento; si tratta di due punti di vista molto indipendenti ma complementari.<\/p>\n\t\t\t\t\t\t\t\t<\/div>\n\t\t\t\t<\/div>\n\t\t\t\t\t<\/div>\n\t\t<\/div>\n\t\t\t\t<div class=\"elementor-column elementor-col-50 elementor-top-column elementor-element elementor-element-1d0368ca\" data-id=\"1d0368ca\" data-element_type=\"column\" data-e-type=\"column\">\n\t\t\t<div class=\"elementor-widget-wrap elementor-element-populated\">\n\t\t\t\t\t\t<div class=\"elementor-element elementor-element-68fce43e elementor-invisible elementor-widget elementor-widget-image\" data-id=\"68fce43e\" data-element_type=\"widget\" data-e-type=\"widget\" data-settings=\"{&quot;_animation&quot;:&quot;fadeInRight&quot;}\" data-widget_type=\"image.default\">\n\t\t\t\t<div class=\"elementor-widget-container\">\n\t\t\t\t\t\t\t\t\t\t\t\t\t\t\t<img fetchpriority=\"high\" decoding=\"async\" width=\"1706\" height=\"2560\" src=\"https:\/\/alvarofrias.com\/wp-content\/uploads\/2025\/05\/Asesoramiento-Artistico_-scaled.jpg\" class=\"attachment-full size-full wp-image-778\" alt=\"\" srcset=\"https:\/\/alvarofrias.com\/wp-content\/uploads\/2025\/05\/Asesoramiento-Artistico_-scaled.jpg 1706w, https:\/\/alvarofrias.com\/wp-content\/uploads\/2025\/05\/Asesoramiento-Artistico_-200x300.jpg 200w, https:\/\/alvarofrias.com\/wp-content\/uploads\/2025\/05\/Asesoramiento-Artistico_-683x1024.jpg 683w, https:\/\/alvarofrias.com\/wp-content\/uploads\/2025\/05\/Asesoramiento-Artistico_-768x1152.jpg 768w, https:\/\/alvarofrias.com\/wp-content\/uploads\/2025\/05\/Asesoramiento-Artistico_-1024x1536.jpg 1024w, https:\/\/alvarofrias.com\/wp-content\/uploads\/2025\/05\/Asesoramiento-Artistico_-1365x2048.jpg 1365w\" sizes=\"(max-width: 1706px) 100vw, 1706px\" \/>\t\t\t\t\t\t\t\t\t\t\t\t\t\t\t<\/div>\n\t\t\t\t<\/div>\n\t\t\t\t\t<\/div>\n\t\t<\/div>\n\t\t\t\t\t<\/div>\n\t\t<\/section>\n\t\t\t\t<\/div>\n\t\t","protected":false},"excerpt":{"rendered":"<p>Servizio CONSIGLI ARTISTICI \u201cSi hay algo por lo que merece la pena vivir, es por contemplar la belleza\u201d. Plat\u00f3n. Le confraternite e le associazioni religiose hanno l&#8217;obbligo di preservare l&#8217;eredit\u00e0 lasciataci dai nostri antenati, che dobbiamo trasmettere alle generazioni future. Pertanto, il ruolo del consulente artistico all&#8217;interno di queste associazioni \u00e8 fondamentale perch\u00e9 non solo [&hellip;]<\/p>\n","protected":false},"author":1,"featured_media":0,"parent":1072,"menu_order":0,"comment_status":"closed","ping_status":"closed","template":"","meta":{"_joinchat":[],"footnotes":""},"class_list":["post-1025","page","type-page","status-publish","hentry"],"yoast_head":"<!-- This site is optimized with the Yoast SEO Premium plugin v27.4 (Yoast SEO v27.5) - https:\/\/yoast.com\/product\/yoast-seo-premium-wordpress\/ -->\n<title>Consigli artistici | \u00c1lvaro Fr\u00edas<\/title>\n<meta name=\"robots\" content=\"index, follow, max-snippet:-1, max-image-preview:large, max-video-preview:-1\" \/>\n<link rel=\"canonical\" href=\"https:\/\/alvarofrias.com\/servicios\/asesoramiento-artistico\/\" \/>\n<meta property=\"og:locale\" content=\"it_IT\" \/>\n<meta property=\"og:type\" content=\"article\" \/>\n<meta property=\"og:title\" content=\"Consigli artistici\" \/>\n<meta property=\"og:description\" content=\"Servizio CONSIGLI ARTISTICI \u201cSi hay algo por lo que merece la pena vivir, es por contemplar la belleza\u201d. Plat\u00f3n. Le confraternite e le associazioni religiose hanno l&#8217;obbligo di preservare l&#8217;eredit\u00e0 lasciataci dai nostri antenati, che dobbiamo trasmettere alle generazioni future. Pertanto, il ruolo del consulente artistico all&#8217;interno di queste associazioni \u00e8 fondamentale perch\u00e9 non solo [&hellip;]\" \/>\n<meta property=\"og:url\" content=\"https:\/\/alvarofrias.com\/servicios\/asesoramiento-artistico\/\" \/>\n<meta property=\"og:site_name\" content=\"\u00c1lvaro Fr\u00edas\" \/>\n<meta property=\"article:publisher\" content=\"https:\/\/www.facebook.com\/p\/--Imaginero-y-Restaurador-61553494449802\/\" \/>\n<meta property=\"article:modified_time\" content=\"2025-06-09T21:25:53+00:00\" \/>\n<meta property=\"og:image\" content=\"https:\/\/alvarofrias.com\/wp-content\/uploads\/2025\/05\/Asesoramiento-Artistico_-scaled.jpg\" \/>\n\t<meta property=\"og:image:width\" content=\"1706\" \/>\n\t<meta property=\"og:image:height\" content=\"2560\" \/>\n\t<meta property=\"og:image:type\" content=\"image\/jpeg\" \/>\n<meta name=\"twitter:card\" content=\"summary_large_image\" \/>\n<meta name=\"twitter:label1\" content=\"Tempo di lettura stimato\" \/>\n\t<meta name=\"twitter:data1\" content=\"1 minuto\" \/>\n<script type=\"application\/ld+json\" class=\"yoast-schema-graph\">{\"@context\":\"https:\\\/\\\/schema.org\",\"@graph\":[{\"@type\":\"WebPage\",\"@id\":\"https:\\\/\\\/alvarofrias.com\\\/servicios\\\/asesoramiento-artistico\\\/\",\"url\":\"https:\\\/\\\/alvarofrias.com\\\/servicios\\\/asesoramiento-artistico\\\/\",\"name\":\"Consigli artistici | \u00c1lvaro Fr\u00edas\",\"isPartOf\":{\"@id\":\"https:\\\/\\\/alvarofrias.com\\\/#website\"},\"primaryImageOfPage\":{\"@id\":\"https:\\\/\\\/alvarofrias.com\\\/servicios\\\/asesoramiento-artistico\\\/#primaryimage\"},\"image\":{\"@id\":\"https:\\\/\\\/alvarofrias.com\\\/servicios\\\/asesoramiento-artistico\\\/#primaryimage\"},\"thumbnailUrl\":\"https:\\\/\\\/alvarofrias.com\\\/wp-content\\\/uploads\\\/2025\\\/05\\\/Asesoramiento-Artistico_-scaled.jpg\",\"datePublished\":\"2025-05-19T18:34:01+00:00\",\"dateModified\":\"2025-06-09T21:25:53+00:00\",\"breadcrumb\":{\"@id\":\"https:\\\/\\\/alvarofrias.com\\\/servicios\\\/asesoramiento-artistico\\\/#breadcrumb\"},\"inLanguage\":\"it-IT\",\"potentialAction\":[{\"@type\":\"ReadAction\",\"target\":[\"https:\\\/\\\/alvarofrias.com\\\/servicios\\\/asesoramiento-artistico\\\/\"]}]},{\"@type\":\"ImageObject\",\"inLanguage\":\"it-IT\",\"@id\":\"https:\\\/\\\/alvarofrias.com\\\/servicios\\\/asesoramiento-artistico\\\/#primaryimage\",\"url\":\"https:\\\/\\\/alvarofrias.com\\\/wp-content\\\/uploads\\\/2025\\\/05\\\/Asesoramiento-Artistico_-scaled.jpg\",\"contentUrl\":\"https:\\\/\\\/alvarofrias.com\\\/wp-content\\\/uploads\\\/2025\\\/05\\\/Asesoramiento-Artistico_-scaled.jpg\"},{\"@type\":\"BreadcrumbList\",\"@id\":\"https:\\\/\\\/alvarofrias.com\\\/servicios\\\/asesoramiento-artistico\\\/#breadcrumb\",\"itemListElement\":[{\"@type\":\"ListItem\",\"position\":1,\"name\":\"Portada\",\"item\":\"https:\\\/\\\/alvarofrias.com\\\/\"},{\"@type\":\"ListItem\",\"position\":2,\"name\":\"Servizi\",\"item\":\"https:\\\/\\\/alvarofrias.com\\\/servizi\\\/\"},{\"@type\":\"ListItem\",\"position\":3,\"name\":\"Consigli artistici\"}]},{\"@type\":\"WebSite\",\"@id\":\"https:\\\/\\\/alvarofrias.com\\\/#website\",\"url\":\"https:\\\/\\\/alvarofrias.com\\\/\",\"name\":\"\u00c1lvaro Fr\u00edas\",\"description\":\"Imaginero y Restaurador\",\"publisher\":{\"@id\":\"https:\\\/\\\/alvarofrias.com\\\/#\\\/schema\\\/person\\\/3840bca3322ad7c84fa331dc30692152\"},\"alternateName\":\"\u00c1lvaro Fr\u00edas\",\"potentialAction\":[{\"@type\":\"SearchAction\",\"target\":{\"@type\":\"EntryPoint\",\"urlTemplate\":\"https:\\\/\\\/alvarofrias.com\\\/?s={search_term_string}\"},\"query-input\":{\"@type\":\"PropertyValueSpecification\",\"valueRequired\":true,\"valueName\":\"search_term_string\"}}],\"inLanguage\":\"it-IT\"},{\"@type\":[\"Person\",\"Organization\"],\"@id\":\"https:\\\/\\\/alvarofrias.com\\\/#\\\/schema\\\/person\\\/3840bca3322ad7c84fa331dc30692152\",\"name\":\"\u00c1lvaro Fr\u00edas\",\"image\":{\"@type\":\"ImageObject\",\"inLanguage\":\"it-IT\",\"@id\":\"https:\\\/\\\/alvarofrias.com\\\/wp-content\\\/uploads\\\/2025\\\/05\\\/cropped-Picsart_25-05-27_01-33-14-792-scaled-1.png\",\"url\":\"https:\\\/\\\/alvarofrias.com\\\/wp-content\\\/uploads\\\/2025\\\/05\\\/cropped-Picsart_25-05-27_01-33-14-792-scaled-1.png\",\"contentUrl\":\"https:\\\/\\\/alvarofrias.com\\\/wp-content\\\/uploads\\\/2025\\\/05\\\/cropped-Picsart_25-05-27_01-33-14-792-scaled-1.png\",\"width\":512,\"height\":512,\"caption\":\"\u00c1lvaro Fr\u00edas\"},\"logo\":{\"@id\":\"https:\\\/\\\/alvarofrias.com\\\/wp-content\\\/uploads\\\/2025\\\/05\\\/cropped-Picsart_25-05-27_01-33-14-792-scaled-1.png\"},\"description\":\"\u00c1lvaro Fr\u00edas, imaginero y restaurador, con taller en Alcal\u00e1 de Guada\u00edra. Formado en el taller del imaginero Antonio Jos\u00e9 Mart\u00ednez Rodr\u00edguez. Curs\u00f3 el Grado de Conservaci\u00f3n y Restauraci\u00f3n de Bienes Culturales en la Escuela Superior de Madrid, donde se especializ\u00f3 en Escultura. Su obra muestra un claro estilo naturalista, asimilado en el taller de su maestro, pero con grandes reminiscencias barrocas, influenciadas por la escuela sevillana. Adem\u00e1s, sus sentimientos religiosos hacen que sus obras transmitan piedad y devoci\u00f3n, siendo esculturas plenamente catequ\u00e9ticas con una clara funci\u00f3n evangelizadora y devocional.\",\"sameAs\":[\"http:\\\/\\\/www.alvarofrias.com\",\"https:\\\/\\\/www.facebook.com\\\/p\\\/--Imaginero-y-Restaurador-61553494449802\\\/\",\"https:\\\/\\\/www.instagram.com\\\/imaginero_alvarofrias\\\/\",\"https:\\\/\\\/es.linkedin.com\\\/in\\\/alvaro-frias-nisa\"],\"knowsLanguage\":[\"espa\u00f1ol\",\"ingl\u00e9s\"],\"jobTitle\":\"Imaginero y Restaurador\",\"worksFor\":\"\u00c1lvaro Fr\u00edas\"}]}<\/script>\n<!-- \/ Yoast SEO Premium plugin. -->","yoast_head_json":{"title":"Consigli artistici | \u00c1lvaro Fr\u00edas","robots":{"index":"index","follow":"follow","max-snippet":"max-snippet:-1","max-image-preview":"max-image-preview:large","max-video-preview":"max-video-preview:-1"},"canonical":"https:\/\/alvarofrias.com\/servicios\/asesoramiento-artistico\/","og_locale":"it_IT","og_type":"article","og_title":"Consigli artistici","og_description":"Servizio CONSIGLI ARTISTICI \u201cSi hay algo por lo que merece la pena vivir, es por contemplar la belleza\u201d. Plat\u00f3n. Le confraternite e le associazioni religiose hanno l&#8217;obbligo di preservare l&#8217;eredit\u00e0 lasciataci dai nostri antenati, che dobbiamo trasmettere alle generazioni future. Pertanto, il ruolo del consulente artistico all&#8217;interno di queste associazioni \u00e8 fondamentale perch\u00e9 non solo [&hellip;]","og_url":"https:\/\/alvarofrias.com\/servicios\/asesoramiento-artistico\/","og_site_name":"\u00c1lvaro Fr\u00edas","article_publisher":"https:\/\/www.facebook.com\/p\/--Imaginero-y-Restaurador-61553494449802\/","article_modified_time":"2025-06-09T21:25:53+00:00","og_image":[{"width":1706,"height":2560,"url":"https:\/\/alvarofrias.com\/wp-content\/uploads\/2025\/05\/Asesoramiento-Artistico_-scaled.jpg","type":"image\/jpeg"}],"twitter_card":"summary_large_image","twitter_misc":{"Tempo di lettura stimato":"1 minuto"},"schema":{"@context":"https:\/\/schema.org","@graph":[{"@type":"WebPage","@id":"https:\/\/alvarofrias.com\/servicios\/asesoramiento-artistico\/","url":"https:\/\/alvarofrias.com\/servicios\/asesoramiento-artistico\/","name":"Consigli artistici | \u00c1lvaro Fr\u00edas","isPartOf":{"@id":"https:\/\/alvarofrias.com\/#website"},"primaryImageOfPage":{"@id":"https:\/\/alvarofrias.com\/servicios\/asesoramiento-artistico\/#primaryimage"},"image":{"@id":"https:\/\/alvarofrias.com\/servicios\/asesoramiento-artistico\/#primaryimage"},"thumbnailUrl":"https:\/\/alvarofrias.com\/wp-content\/uploads\/2025\/05\/Asesoramiento-Artistico_-scaled.jpg","datePublished":"2025-05-19T18:34:01+00:00","dateModified":"2025-06-09T21:25:53+00:00","breadcrumb":{"@id":"https:\/\/alvarofrias.com\/servicios\/asesoramiento-artistico\/#breadcrumb"},"inLanguage":"it-IT","potentialAction":[{"@type":"ReadAction","target":["https:\/\/alvarofrias.com\/servicios\/asesoramiento-artistico\/"]}]},{"@type":"ImageObject","inLanguage":"it-IT","@id":"https:\/\/alvarofrias.com\/servicios\/asesoramiento-artistico\/#primaryimage","url":"https:\/\/alvarofrias.com\/wp-content\/uploads\/2025\/05\/Asesoramiento-Artistico_-scaled.jpg","contentUrl":"https:\/\/alvarofrias.com\/wp-content\/uploads\/2025\/05\/Asesoramiento-Artistico_-scaled.jpg"},{"@type":"BreadcrumbList","@id":"https:\/\/alvarofrias.com\/servicios\/asesoramiento-artistico\/#breadcrumb","itemListElement":[{"@type":"ListItem","position":1,"name":"Portada","item":"https:\/\/alvarofrias.com\/"},{"@type":"ListItem","position":2,"name":"Servizi","item":"https:\/\/alvarofrias.com\/servizi\/"},{"@type":"ListItem","position":3,"name":"Consigli artistici"}]},{"@type":"WebSite","@id":"https:\/\/alvarofrias.com\/#website","url":"https:\/\/alvarofrias.com\/","name":"\u00c1lvaro Fr\u00edas","description":"Imaginero y Restaurador","publisher":{"@id":"https:\/\/alvarofrias.com\/#\/schema\/person\/3840bca3322ad7c84fa331dc30692152"},"alternateName":"\u00c1lvaro Fr\u00edas","potentialAction":[{"@type":"SearchAction","target":{"@type":"EntryPoint","urlTemplate":"https:\/\/alvarofrias.com\/?s={search_term_string}"},"query-input":{"@type":"PropertyValueSpecification","valueRequired":true,"valueName":"search_term_string"}}],"inLanguage":"it-IT"},{"@type":["Person","Organization"],"@id":"https:\/\/alvarofrias.com\/#\/schema\/person\/3840bca3322ad7c84fa331dc30692152","name":"\u00c1lvaro Fr\u00edas","image":{"@type":"ImageObject","inLanguage":"it-IT","@id":"https:\/\/alvarofrias.com\/wp-content\/uploads\/2025\/05\/cropped-Picsart_25-05-27_01-33-14-792-scaled-1.png","url":"https:\/\/alvarofrias.com\/wp-content\/uploads\/2025\/05\/cropped-Picsart_25-05-27_01-33-14-792-scaled-1.png","contentUrl":"https:\/\/alvarofrias.com\/wp-content\/uploads\/2025\/05\/cropped-Picsart_25-05-27_01-33-14-792-scaled-1.png","width":512,"height":512,"caption":"\u00c1lvaro Fr\u00edas"},"logo":{"@id":"https:\/\/alvarofrias.com\/wp-content\/uploads\/2025\/05\/cropped-Picsart_25-05-27_01-33-14-792-scaled-1.png"},"description":"\u00c1lvaro Fr\u00edas, imaginero y restaurador, con taller en Alcal\u00e1 de Guada\u00edra. Formado en el taller del imaginero Antonio Jos\u00e9 Mart\u00ednez Rodr\u00edguez. Curs\u00f3 el Grado de Conservaci\u00f3n y Restauraci\u00f3n de Bienes Culturales en la Escuela Superior de Madrid, donde se especializ\u00f3 en Escultura. Su obra muestra un claro estilo naturalista, asimilado en el taller de su maestro, pero con grandes reminiscencias barrocas, influenciadas por la escuela sevillana. Adem\u00e1s, sus sentimientos religiosos hacen que sus obras transmitan piedad y devoci\u00f3n, siendo esculturas plenamente catequ\u00e9ticas con una clara funci\u00f3n evangelizadora y devocional.","sameAs":["http:\/\/www.alvarofrias.com","https:\/\/www.facebook.com\/p\/--Imaginero-y-Restaurador-61553494449802\/","https:\/\/www.instagram.com\/imaginero_alvarofrias\/","https:\/\/es.linkedin.com\/in\/alvaro-frias-nisa"],"knowsLanguage":["espa\u00f1ol","ingl\u00e9s"],"jobTitle":"Imaginero y Restaurador","worksFor":"\u00c1lvaro Fr\u00edas"}]}},"_links":{"self":[{"href":"https:\/\/alvarofrias.com\/it\/wp-json\/wp\/v2\/pages\/1025","targetHints":{"allow":["GET"]}}],"collection":[{"href":"https:\/\/alvarofrias.com\/it\/wp-json\/wp\/v2\/pages"}],"about":[{"href":"https:\/\/alvarofrias.com\/it\/wp-json\/wp\/v2\/types\/page"}],"author":[{"embeddable":true,"href":"https:\/\/alvarofrias.com\/it\/wp-json\/wp\/v2\/users\/1"}],"replies":[{"embeddable":true,"href":"https:\/\/alvarofrias.com\/it\/wp-json\/wp\/v2\/comments?post=1025"}],"version-history":[{"count":1,"href":"https:\/\/alvarofrias.com\/it\/wp-json\/wp\/v2\/pages\/1025\/revisions"}],"predecessor-version":[{"id":1026,"href":"https:\/\/alvarofrias.com\/it\/wp-json\/wp\/v2\/pages\/1025\/revisions\/1026"}],"up":[{"embeddable":true,"href":"https:\/\/alvarofrias.com\/it\/wp-json\/wp\/v2\/pages\/1072"}],"wp:attachment":[{"href":"https:\/\/alvarofrias.com\/it\/wp-json\/wp\/v2\/media?parent=1025"}],"curies":[{"name":"wp","href":"https:\/\/api.w.org\/{rel}","templated":true}]}}