{"id":1023,"date":"2025-05-19T20:33:23","date_gmt":"2025-05-19T18:33:23","guid":{"rendered":"https:\/\/alvarofrias.com\/immagini\/"},"modified":"2025-06-09T23:25:52","modified_gmt":"2025-06-09T21:25:52","slug":"immagini","status":"publish","type":"page","link":"https:\/\/alvarofrias.com\/it\/servizi\/immagini\/","title":{"rendered":"Immagini"},"content":{"rendered":"\t\t<div data-elementor-type=\"wp-page\" data-elementor-id=\"1023\" class=\"elementor elementor-1023 elementor-97\" data-elementor-post-type=\"page\">\n\t\t\t\t\t\t<section class=\"elementor-section elementor-top-section elementor-element elementor-element-005e717 elementor-section-boxed elementor-section-height-default elementor-section-height-default elementor-invisible\" data-id=\"005e717\" data-element_type=\"section\" data-e-type=\"section\" data-settings=\"{&quot;background_background&quot;:&quot;classic&quot;,&quot;animation&quot;:&quot;fadeIn&quot;}\">\n\t\t\t\t\t\t\t<div class=\"elementor-background-overlay\"><\/div>\n\t\t\t\t\t\t\t<div class=\"elementor-container elementor-column-gap-default\">\n\t\t\t\t\t<div class=\"elementor-column elementor-col-100 elementor-top-column elementor-element elementor-element-9e0743c\" data-id=\"9e0743c\" data-element_type=\"column\" data-e-type=\"column\">\n\t\t\t<div class=\"elementor-widget-wrap elementor-element-populated\">\n\t\t\t\t\t\t<div class=\"elementor-element elementor-element-768537d elementor-widget__width-auto elementor-invisible elementor-widget elementor-widget-heading\" data-id=\"768537d\" data-element_type=\"widget\" data-e-type=\"widget\" data-settings=\"{&quot;_animation&quot;:&quot;fadeInLeft&quot;}\" data-widget_type=\"heading.default\">\n\t\t\t\t<div class=\"elementor-widget-container\">\n\t\t\t\t\t<h6 class=\"elementor-heading-title elementor-size-default\">Servizio<\/h6>\t\t\t\t<\/div>\n\t\t\t\t<\/div>\n\t\t\t\t<div class=\"elementor-element elementor-element-b42386b elementor-invisible elementor-widget elementor-widget-heading\" data-id=\"b42386b\" data-element_type=\"widget\" data-e-type=\"widget\" data-settings=\"{&quot;_animation&quot;:&quot;fadeInUp&quot;}\" data-widget_type=\"heading.default\">\n\t\t\t\t<div class=\"elementor-widget-container\">\n\t\t\t\t\t<h1 class=\"elementor-heading-title elementor-size-default\">IMMAGINI<\/h1>\t\t\t\t<\/div>\n\t\t\t\t<\/div>\n\t\t\t\t<div class=\"elementor-element elementor-element-3ece69f elementor-invisible elementor-widget elementor-widget-text-editor\" data-id=\"3ece69f\" data-element_type=\"widget\" data-e-type=\"widget\" data-settings=\"{&quot;_animation&quot;:&quot;fadeInUp&quot;}\" data-widget_type=\"text-editor.default\">\n\t\t\t\t<div class=\"elementor-widget-container\">\n\t\t\t\t\t\t\t\t\t<p><span style=\"font-weight: 400;\">\u00ab<\/span><i><span style=\"font-weight: 400;\">La scultura non consiste semplicemente nel scolpire la forma di una cosa, ma nel scolpirne l&#8217;effetto.<\/span><\/i><span style=\"font-weight: 400;\">\u00bb <\/span><b>John Ruskin<\/b><\/p>\n\t\t\t\t\t\t\t\t<\/div>\n\t\t\t\t<\/div>\n\t\t\t\t\t<\/div>\n\t\t<\/div>\n\t\t\t\t\t<\/div>\n\t\t<\/section>\n\t\t\t\t<section class=\"elementor-section elementor-top-section elementor-element elementor-element-2a62ab1 elementor-reverse-tablet elementor-section-boxed elementor-section-height-default elementor-section-height-default\" data-id=\"2a62ab1\" data-element_type=\"section\" data-e-type=\"section\">\n\t\t\t\t\t\t<div class=\"elementor-container elementor-column-gap-default\">\n\t\t\t\t\t<div class=\"elementor-column elementor-col-50 elementor-top-column elementor-element elementor-element-e1742ca\" data-id=\"e1742ca\" data-element_type=\"column\" data-e-type=\"column\">\n\t\t\t<div class=\"elementor-widget-wrap elementor-element-populated\">\n\t\t\t\t\t\t<div class=\"elementor-element elementor-element-1d762ba elementor-widget-mobile__width-inherit elementor-invisible elementor-widget elementor-widget-text-editor\" data-id=\"1d762ba\" data-element_type=\"widget\" data-e-type=\"widget\" data-settings=\"{&quot;_animation&quot;:&quot;fadeInUp&quot;}\" data-widget_type=\"text-editor.default\">\n\t\t\t\t<div class=\"elementor-widget-container\">\n\t\t\t\t\t\t\t\t\t<p>L&#8217;immagine religiosa \u00e8 una specialit\u00e0 della scultura dedicata alla rappresentazione visiva di temi religiosi specifici della religione e della cultura cattolica. Queste rappresentazioni hanno scopi devozionali, liturgici, processionali o catechetici.<\/p>\n<p>Le prime manifestazioni scultoree del cristianesimo risalgono al III secolo d.C., sebbene con un carattere pi\u00f9 simbolico. Tuttavia, fu solo con il Concilio di Trento (1545-1563) che l&#8217;arte sacra assunse l&#8217;importanza che ha oggi. Ci\u00f2 \u00e8 dovuto alla Controriforma protestante, dove il cattolicesimo, in opposizione ad essa, attribu\u00ec grande importanza alle espressioni artistiche devozionali.<\/p>\n<p>Da allora in poi, e soprattutto in Spagna, gli artisti furono al servizio della Chiesa. Grazie a ci\u00f2, emersero diverse scuole di scultura in tutto il paese, con artisti che gettarono le basi dell&#8217;immagine religiosa moderna: Gregorio Fern\u00e1ndez, Pablo de Rojas, Juan Mart\u00ednez Monta\u00f1\u00e9s, Juan de Mesa, Pedro Rold\u00e1n e molti altri.<\/p>\n<p>L&#8217;immagine \u00e8 quindi un&#8217;arte molto complessa. Personalmente, mi piace distinguere tra lo scultore e il creatore dell&#8217;immagine. Lo scultore \u00e8 colui che crea arte giocando con le tre dimensioni, indipendentemente dalle emozioni. Tuttavia, il creatore dell&#8217;immagine non dovrebbe rappresentare la realt\u00e0 di un evento storico con forme naturalistiche; piuttosto, le sue immagini dovrebbero trasmettere sentimenti di devozione e piet\u00e0. Quando una persona vede un&#8217;immagine del Signore e della Sua Beata Madre, che sia credente o meno, deve smuovere qualcosa dentro di s\u00e9. Questo \u00e8 ci\u00f2 che chiamiamo &#8220;unzione&#8221;.<\/p>\n\t\t\t\t\t\t\t\t<\/div>\n\t\t\t\t<\/div>\n\t\t\t\t\t<\/div>\n\t\t<\/div>\n\t\t\t\t<div class=\"elementor-column elementor-col-50 elementor-top-column elementor-element elementor-element-d1c77e5\" data-id=\"d1c77e5\" data-element_type=\"column\" data-e-type=\"column\">\n\t\t\t<div class=\"elementor-widget-wrap elementor-element-populated\">\n\t\t\t\t\t\t<div class=\"elementor-element elementor-element-e85ab44 elementor-invisible elementor-widget elementor-widget-image\" data-id=\"e85ab44\" data-element_type=\"widget\" data-e-type=\"widget\" data-settings=\"{&quot;_animation&quot;:&quot;fadeInRight&quot;}\" data-widget_type=\"image.default\">\n\t\t\t\t<div class=\"elementor-widget-container\">\n\t\t\t\t\t\t\t\t\t\t\t\t\t\t\t<img fetchpriority=\"high\" decoding=\"async\" width=\"500\" height=\"750\" src=\"https:\/\/alvarofrias.com\/wp-content\/uploads\/2025\/05\/45.jpg\" class=\"attachment-full size-full wp-image-38\" alt=\"\" srcset=\"https:\/\/alvarofrias.com\/wp-content\/uploads\/2025\/05\/45.jpg 500w, https:\/\/alvarofrias.com\/wp-content\/uploads\/2025\/05\/45-200x300.jpg 200w\" sizes=\"(max-width: 500px) 100vw, 500px\" \/>\t\t\t\t\t\t\t\t\t\t\t\t\t\t\t<\/div>\n\t\t\t\t<\/div>\n\t\t\t\t\t<\/div>\n\t\t<\/div>\n\t\t\t\t\t<\/div>\n\t\t<\/section>\n\t\t\t\t<section class=\"elementor-section elementor-top-section elementor-element elementor-element-61345e94 elementor-section-boxed elementor-section-height-default elementor-section-height-default\" data-id=\"61345e94\" data-element_type=\"section\" data-e-type=\"section\" data-settings=\"{&quot;background_background&quot;:&quot;classic&quot;}\">\n\t\t\t\t\t\t<div class=\"elementor-container elementor-column-gap-default\">\n\t\t\t\t\t<div class=\"elementor-column elementor-col-50 elementor-top-column elementor-element elementor-element-22f2fbe6\" data-id=\"22f2fbe6\" data-element_type=\"column\" data-e-type=\"column\">\n\t\t\t<div class=\"elementor-widget-wrap elementor-element-populated\">\n\t\t\t\t\t\t<div class=\"elementor-element elementor-element-3f461500 elementor-invisible elementor-widget elementor-widget-image\" data-id=\"3f461500\" data-element_type=\"widget\" data-e-type=\"widget\" data-settings=\"{&quot;_animation&quot;:&quot;fadeInUp&quot;}\" data-widget_type=\"image.default\">\n\t\t\t\t<div class=\"elementor-widget-container\">\n\t\t\t\t\t\t\t\t\t\t\t\t\t\t\t<img decoding=\"async\" width=\"1152\" height=\"2560\" src=\"https:\/\/alvarofrias.com\/wp-content\/uploads\/2025\/05\/Tallando-medinaceli-1-1-scaled.jpg\" class=\"attachment-full size-full wp-image-634\" alt=\"\" srcset=\"https:\/\/alvarofrias.com\/wp-content\/uploads\/2025\/05\/Tallando-medinaceli-1-1-scaled.jpg 1152w, https:\/\/alvarofrias.com\/wp-content\/uploads\/2025\/05\/Tallando-medinaceli-1-1-135x300.jpg 135w, https:\/\/alvarofrias.com\/wp-content\/uploads\/2025\/05\/Tallando-medinaceli-1-1-461x1024.jpg 461w, https:\/\/alvarofrias.com\/wp-content\/uploads\/2025\/05\/Tallando-medinaceli-1-1-768x1707.jpg 768w, https:\/\/alvarofrias.com\/wp-content\/uploads\/2025\/05\/Tallando-medinaceli-1-1-691x1536.jpg 691w, https:\/\/alvarofrias.com\/wp-content\/uploads\/2025\/05\/Tallando-medinaceli-1-1-922x2048.jpg 922w\" sizes=\"(max-width: 1152px) 100vw, 1152px\" \/>\t\t\t\t\t\t\t\t\t\t\t\t\t\t\t<\/div>\n\t\t\t\t<\/div>\n\t\t\t\t\t<\/div>\n\t\t<\/div>\n\t\t\t\t<div class=\"elementor-column elementor-col-50 elementor-top-column elementor-element elementor-element-606150d1\" data-id=\"606150d1\" data-element_type=\"column\" data-e-type=\"column\">\n\t\t\t<div class=\"elementor-widget-wrap elementor-element-populated\">\n\t\t\t\t\t\t<div class=\"elementor-element elementor-element-4af11ac9 elementor-invisible elementor-widget elementor-widget-text-editor\" data-id=\"4af11ac9\" data-element_type=\"widget\" data-e-type=\"widget\" data-settings=\"{&quot;_animation&quot;:&quot;fadeInUp&quot;,&quot;_animation_delay&quot;:250}\" data-widget_type=\"text-editor.default\">\n\t\t\t\t<div class=\"elementor-widget-container\">\n\t\t\t\t\t\t\t\t\t<h2><span style=\"color: #800080;\"><b><i>Processo creativo<\/i><\/b><\/span><\/h2>\n<p><span style=\"font-weight: 400;\">Per creare un&#8217;immagine, viene prima realizzato uno schizzo in argilla in modo che il cliente possa valutare se si adatta alla sua idea e se gli piace, per poi approvarla.<\/span><\/p>\n<p><span style=\"font-weight: 400;\">Dopo aver ricevuto una risposta positiva, l&#8217;immagine viene intagliata nel legno. In genere si utilizza il legno di cedro, poich\u00e9 ha un odore e un sapore amari che tengono lontani gli insetti xilofagi. \u00c8 quindi il legno migliore per garantire la conservazione dell&#8217;immagine.<\/span><\/p>\n<p><span style=\"font-weight: 400;\">Una volta completata la fase di intaglio, il legno deve essere trattato e preparato con colla animale e stucco per poter accogliere la policromia a olio.<\/span><\/p>\n<p><span style=\"font-weight: 400;\">Un&#8217;immagine finita viene rifinita con elementi artificiali, come ciglia di capelli naturali, lacrime di vetro, parrucche di capelli naturali, tra gli altri.<\/span><\/p>\n<p><span style=\"font-weight: 400;\">Nel mio laboratorio, i metodi tradizionali si combinano con contributi moderni. Grazie alla mia formazione universitaria in Conservazione e Restauro, posso utilizzare materiali e strumenti pi\u00f9 moderni e tecnicamente collaudati che garantiscono una migliore conservazione e durata di un&#8217;immagine, grazie alla loro stabilit\u00e0 e compatibilit\u00e0.<\/span><\/p>\n\t\t\t\t\t\t\t\t<\/div>\n\t\t\t\t<\/div>\n\t\t\t\t\t<\/div>\n\t\t<\/div>\n\t\t\t\t\t<\/div>\n\t\t<\/section>\n\t\t\t\t<\/div>\n\t\t","protected":false},"excerpt":{"rendered":"<p>Servizio IMMAGINI \u00abLa scultura non consiste semplicemente nel scolpire la forma di una cosa, ma nel scolpirne l&#8217;effetto.\u00bb John Ruskin L&#8217;immagine religiosa \u00e8 una specialit\u00e0 della scultura dedicata alla rappresentazione visiva di temi religiosi specifici della religione e della cultura cattolica. Queste rappresentazioni hanno scopi devozionali, liturgici, processionali o catechetici. Le prime manifestazioni scultoree del [&hellip;]<\/p>\n","protected":false},"author":1,"featured_media":0,"parent":1072,"menu_order":0,"comment_status":"closed","ping_status":"closed","template":"elementor_header_footer","meta":{"_joinchat":[],"footnotes":""},"class_list":["post-1023","page","type-page","status-publish","hentry"],"yoast_head":"<!-- This site is optimized with the Yoast SEO Premium plugin v27.4 (Yoast SEO v27.5) - https:\/\/yoast.com\/product\/yoast-seo-premium-wordpress\/ -->\n<title>Immagini | \u00c1lvaro Fr\u00edas<\/title>\n<meta name=\"robots\" content=\"index, follow, max-snippet:-1, max-image-preview:large, max-video-preview:-1\" \/>\n<link rel=\"canonical\" href=\"https:\/\/alvarofrias.com\/servicios\/imagineria\/\" \/>\n<meta property=\"og:locale\" content=\"it_IT\" \/>\n<meta property=\"og:type\" content=\"article\" \/>\n<meta property=\"og:title\" content=\"Immagini\" \/>\n<meta property=\"og:description\" content=\"Servizio IMMAGINI \u00abLa scultura non consiste semplicemente nel scolpire la forma di una cosa, ma nel scolpirne l&#8217;effetto.\u00bb John Ruskin L&#8217;immagine religiosa \u00e8 una specialit\u00e0 della scultura dedicata alla rappresentazione visiva di temi religiosi specifici della religione e della cultura cattolica. Queste rappresentazioni hanno scopi devozionali, liturgici, processionali o catechetici. Le prime manifestazioni scultoree del [&hellip;]\" \/>\n<meta property=\"og:url\" content=\"https:\/\/alvarofrias.com\/servicios\/imagineria\/\" \/>\n<meta property=\"og:site_name\" content=\"\u00c1lvaro Fr\u00edas\" \/>\n<meta property=\"article:publisher\" content=\"https:\/\/www.facebook.com\/p\/--Imaginero-y-Restaurador-61553494449802\/\" \/>\n<meta property=\"article:modified_time\" content=\"2025-06-09T21:25:52+00:00\" \/>\n<meta property=\"og:image\" content=\"https:\/\/alvarofrias.com\/wp-content\/uploads\/2025\/05\/45.jpg\" \/>\n\t<meta property=\"og:image:width\" content=\"500\" \/>\n\t<meta property=\"og:image:height\" content=\"750\" \/>\n\t<meta property=\"og:image:type\" content=\"image\/jpeg\" \/>\n<meta name=\"twitter:card\" content=\"summary_large_image\" \/>\n<meta name=\"twitter:label1\" content=\"Tempo di lettura stimato\" \/>\n\t<meta name=\"twitter:data1\" content=\"2 minuti\" \/>\n<script type=\"application\/ld+json\" class=\"yoast-schema-graph\">{\"@context\":\"https:\\\/\\\/schema.org\",\"@graph\":[{\"@type\":\"WebPage\",\"@id\":\"https:\\\/\\\/alvarofrias.com\\\/servicios\\\/imagineria\\\/\",\"url\":\"https:\\\/\\\/alvarofrias.com\\\/servicios\\\/imagineria\\\/\",\"name\":\"Immagini | \u00c1lvaro Fr\u00edas\",\"isPartOf\":{\"@id\":\"https:\\\/\\\/alvarofrias.com\\\/#website\"},\"primaryImageOfPage\":{\"@id\":\"https:\\\/\\\/alvarofrias.com\\\/servicios\\\/imagineria\\\/#primaryimage\"},\"image\":{\"@id\":\"https:\\\/\\\/alvarofrias.com\\\/servicios\\\/imagineria\\\/#primaryimage\"},\"thumbnailUrl\":\"https:\\\/\\\/alvarofrias.com\\\/wp-content\\\/uploads\\\/2025\\\/05\\\/45.jpg\",\"datePublished\":\"2025-05-19T18:33:23+00:00\",\"dateModified\":\"2025-06-09T21:25:52+00:00\",\"breadcrumb\":{\"@id\":\"https:\\\/\\\/alvarofrias.com\\\/servicios\\\/imagineria\\\/#breadcrumb\"},\"inLanguage\":\"it-IT\",\"potentialAction\":[{\"@type\":\"ReadAction\",\"target\":[\"https:\\\/\\\/alvarofrias.com\\\/servicios\\\/imagineria\\\/\"]}]},{\"@type\":\"ImageObject\",\"inLanguage\":\"it-IT\",\"@id\":\"https:\\\/\\\/alvarofrias.com\\\/servicios\\\/imagineria\\\/#primaryimage\",\"url\":\"https:\\\/\\\/alvarofrias.com\\\/wp-content\\\/uploads\\\/2025\\\/05\\\/45.jpg\",\"contentUrl\":\"https:\\\/\\\/alvarofrias.com\\\/wp-content\\\/uploads\\\/2025\\\/05\\\/45.jpg\"},{\"@type\":\"BreadcrumbList\",\"@id\":\"https:\\\/\\\/alvarofrias.com\\\/servicios\\\/imagineria\\\/#breadcrumb\",\"itemListElement\":[{\"@type\":\"ListItem\",\"position\":1,\"name\":\"Portada\",\"item\":\"https:\\\/\\\/alvarofrias.com\\\/\"},{\"@type\":\"ListItem\",\"position\":2,\"name\":\"Servizi\",\"item\":\"https:\\\/\\\/alvarofrias.com\\\/servizi\\\/\"},{\"@type\":\"ListItem\",\"position\":3,\"name\":\"Immagini\"}]},{\"@type\":\"WebSite\",\"@id\":\"https:\\\/\\\/alvarofrias.com\\\/#website\",\"url\":\"https:\\\/\\\/alvarofrias.com\\\/\",\"name\":\"\u00c1lvaro Fr\u00edas\",\"description\":\"Imaginero y Restaurador\",\"publisher\":{\"@id\":\"https:\\\/\\\/alvarofrias.com\\\/#\\\/schema\\\/person\\\/3840bca3322ad7c84fa331dc30692152\"},\"alternateName\":\"\u00c1lvaro Fr\u00edas\",\"potentialAction\":[{\"@type\":\"SearchAction\",\"target\":{\"@type\":\"EntryPoint\",\"urlTemplate\":\"https:\\\/\\\/alvarofrias.com\\\/?s={search_term_string}\"},\"query-input\":{\"@type\":\"PropertyValueSpecification\",\"valueRequired\":true,\"valueName\":\"search_term_string\"}}],\"inLanguage\":\"it-IT\"},{\"@type\":[\"Person\",\"Organization\"],\"@id\":\"https:\\\/\\\/alvarofrias.com\\\/#\\\/schema\\\/person\\\/3840bca3322ad7c84fa331dc30692152\",\"name\":\"\u00c1lvaro Fr\u00edas\",\"image\":{\"@type\":\"ImageObject\",\"inLanguage\":\"it-IT\",\"@id\":\"https:\\\/\\\/alvarofrias.com\\\/wp-content\\\/uploads\\\/2025\\\/05\\\/cropped-Picsart_25-05-27_01-33-14-792-scaled-1.png\",\"url\":\"https:\\\/\\\/alvarofrias.com\\\/wp-content\\\/uploads\\\/2025\\\/05\\\/cropped-Picsart_25-05-27_01-33-14-792-scaled-1.png\",\"contentUrl\":\"https:\\\/\\\/alvarofrias.com\\\/wp-content\\\/uploads\\\/2025\\\/05\\\/cropped-Picsart_25-05-27_01-33-14-792-scaled-1.png\",\"width\":512,\"height\":512,\"caption\":\"\u00c1lvaro Fr\u00edas\"},\"logo\":{\"@id\":\"https:\\\/\\\/alvarofrias.com\\\/wp-content\\\/uploads\\\/2025\\\/05\\\/cropped-Picsart_25-05-27_01-33-14-792-scaled-1.png\"},\"description\":\"\u00c1lvaro Fr\u00edas, imaginero y restaurador, con taller en Alcal\u00e1 de Guada\u00edra. Formado en el taller del imaginero Antonio Jos\u00e9 Mart\u00ednez Rodr\u00edguez. Curs\u00f3 el Grado de Conservaci\u00f3n y Restauraci\u00f3n de Bienes Culturales en la Escuela Superior de Madrid, donde se especializ\u00f3 en Escultura. Su obra muestra un claro estilo naturalista, asimilado en el taller de su maestro, pero con grandes reminiscencias barrocas, influenciadas por la escuela sevillana. Adem\u00e1s, sus sentimientos religiosos hacen que sus obras transmitan piedad y devoci\u00f3n, siendo esculturas plenamente catequ\u00e9ticas con una clara funci\u00f3n evangelizadora y devocional.\",\"sameAs\":[\"http:\\\/\\\/www.alvarofrias.com\",\"https:\\\/\\\/www.facebook.com\\\/p\\\/--Imaginero-y-Restaurador-61553494449802\\\/\",\"https:\\\/\\\/www.instagram.com\\\/imaginero_alvarofrias\\\/\",\"https:\\\/\\\/es.linkedin.com\\\/in\\\/alvaro-frias-nisa\"],\"knowsLanguage\":[\"espa\u00f1ol\",\"ingl\u00e9s\"],\"jobTitle\":\"Imaginero y Restaurador\",\"worksFor\":\"\u00c1lvaro Fr\u00edas\"}]}<\/script>\n<!-- \/ Yoast SEO Premium plugin. -->","yoast_head_json":{"title":"Immagini | \u00c1lvaro Fr\u00edas","robots":{"index":"index","follow":"follow","max-snippet":"max-snippet:-1","max-image-preview":"max-image-preview:large","max-video-preview":"max-video-preview:-1"},"canonical":"https:\/\/alvarofrias.com\/servicios\/imagineria\/","og_locale":"it_IT","og_type":"article","og_title":"Immagini","og_description":"Servizio IMMAGINI \u00abLa scultura non consiste semplicemente nel scolpire la forma di una cosa, ma nel scolpirne l&#8217;effetto.\u00bb John Ruskin L&#8217;immagine religiosa \u00e8 una specialit\u00e0 della scultura dedicata alla rappresentazione visiva di temi religiosi specifici della religione e della cultura cattolica. Queste rappresentazioni hanno scopi devozionali, liturgici, processionali o catechetici. Le prime manifestazioni scultoree del [&hellip;]","og_url":"https:\/\/alvarofrias.com\/servicios\/imagineria\/","og_site_name":"\u00c1lvaro Fr\u00edas","article_publisher":"https:\/\/www.facebook.com\/p\/--Imaginero-y-Restaurador-61553494449802\/","article_modified_time":"2025-06-09T21:25:52+00:00","og_image":[{"width":500,"height":750,"url":"https:\/\/alvarofrias.com\/wp-content\/uploads\/2025\/05\/45.jpg","type":"image\/jpeg"}],"twitter_card":"summary_large_image","twitter_misc":{"Tempo di lettura stimato":"2 minuti"},"schema":{"@context":"https:\/\/schema.org","@graph":[{"@type":"WebPage","@id":"https:\/\/alvarofrias.com\/servicios\/imagineria\/","url":"https:\/\/alvarofrias.com\/servicios\/imagineria\/","name":"Immagini | \u00c1lvaro Fr\u00edas","isPartOf":{"@id":"https:\/\/alvarofrias.com\/#website"},"primaryImageOfPage":{"@id":"https:\/\/alvarofrias.com\/servicios\/imagineria\/#primaryimage"},"image":{"@id":"https:\/\/alvarofrias.com\/servicios\/imagineria\/#primaryimage"},"thumbnailUrl":"https:\/\/alvarofrias.com\/wp-content\/uploads\/2025\/05\/45.jpg","datePublished":"2025-05-19T18:33:23+00:00","dateModified":"2025-06-09T21:25:52+00:00","breadcrumb":{"@id":"https:\/\/alvarofrias.com\/servicios\/imagineria\/#breadcrumb"},"inLanguage":"it-IT","potentialAction":[{"@type":"ReadAction","target":["https:\/\/alvarofrias.com\/servicios\/imagineria\/"]}]},{"@type":"ImageObject","inLanguage":"it-IT","@id":"https:\/\/alvarofrias.com\/servicios\/imagineria\/#primaryimage","url":"https:\/\/alvarofrias.com\/wp-content\/uploads\/2025\/05\/45.jpg","contentUrl":"https:\/\/alvarofrias.com\/wp-content\/uploads\/2025\/05\/45.jpg"},{"@type":"BreadcrumbList","@id":"https:\/\/alvarofrias.com\/servicios\/imagineria\/#breadcrumb","itemListElement":[{"@type":"ListItem","position":1,"name":"Portada","item":"https:\/\/alvarofrias.com\/"},{"@type":"ListItem","position":2,"name":"Servizi","item":"https:\/\/alvarofrias.com\/servizi\/"},{"@type":"ListItem","position":3,"name":"Immagini"}]},{"@type":"WebSite","@id":"https:\/\/alvarofrias.com\/#website","url":"https:\/\/alvarofrias.com\/","name":"\u00c1lvaro Fr\u00edas","description":"Imaginero y Restaurador","publisher":{"@id":"https:\/\/alvarofrias.com\/#\/schema\/person\/3840bca3322ad7c84fa331dc30692152"},"alternateName":"\u00c1lvaro Fr\u00edas","potentialAction":[{"@type":"SearchAction","target":{"@type":"EntryPoint","urlTemplate":"https:\/\/alvarofrias.com\/?s={search_term_string}"},"query-input":{"@type":"PropertyValueSpecification","valueRequired":true,"valueName":"search_term_string"}}],"inLanguage":"it-IT"},{"@type":["Person","Organization"],"@id":"https:\/\/alvarofrias.com\/#\/schema\/person\/3840bca3322ad7c84fa331dc30692152","name":"\u00c1lvaro Fr\u00edas","image":{"@type":"ImageObject","inLanguage":"it-IT","@id":"https:\/\/alvarofrias.com\/wp-content\/uploads\/2025\/05\/cropped-Picsart_25-05-27_01-33-14-792-scaled-1.png","url":"https:\/\/alvarofrias.com\/wp-content\/uploads\/2025\/05\/cropped-Picsart_25-05-27_01-33-14-792-scaled-1.png","contentUrl":"https:\/\/alvarofrias.com\/wp-content\/uploads\/2025\/05\/cropped-Picsart_25-05-27_01-33-14-792-scaled-1.png","width":512,"height":512,"caption":"\u00c1lvaro Fr\u00edas"},"logo":{"@id":"https:\/\/alvarofrias.com\/wp-content\/uploads\/2025\/05\/cropped-Picsart_25-05-27_01-33-14-792-scaled-1.png"},"description":"\u00c1lvaro Fr\u00edas, imaginero y restaurador, con taller en Alcal\u00e1 de Guada\u00edra. Formado en el taller del imaginero Antonio Jos\u00e9 Mart\u00ednez Rodr\u00edguez. Curs\u00f3 el Grado de Conservaci\u00f3n y Restauraci\u00f3n de Bienes Culturales en la Escuela Superior de Madrid, donde se especializ\u00f3 en Escultura. Su obra muestra un claro estilo naturalista, asimilado en el taller de su maestro, pero con grandes reminiscencias barrocas, influenciadas por la escuela sevillana. Adem\u00e1s, sus sentimientos religiosos hacen que sus obras transmitan piedad y devoci\u00f3n, siendo esculturas plenamente catequ\u00e9ticas con una clara funci\u00f3n evangelizadora y devocional.","sameAs":["http:\/\/www.alvarofrias.com","https:\/\/www.facebook.com\/p\/--Imaginero-y-Restaurador-61553494449802\/","https:\/\/www.instagram.com\/imaginero_alvarofrias\/","https:\/\/es.linkedin.com\/in\/alvaro-frias-nisa"],"knowsLanguage":["espa\u00f1ol","ingl\u00e9s"],"jobTitle":"Imaginero y Restaurador","worksFor":"\u00c1lvaro Fr\u00edas"}]}},"_links":{"self":[{"href":"https:\/\/alvarofrias.com\/it\/wp-json\/wp\/v2\/pages\/1023","targetHints":{"allow":["GET"]}}],"collection":[{"href":"https:\/\/alvarofrias.com\/it\/wp-json\/wp\/v2\/pages"}],"about":[{"href":"https:\/\/alvarofrias.com\/it\/wp-json\/wp\/v2\/types\/page"}],"author":[{"embeddable":true,"href":"https:\/\/alvarofrias.com\/it\/wp-json\/wp\/v2\/users\/1"}],"replies":[{"embeddable":true,"href":"https:\/\/alvarofrias.com\/it\/wp-json\/wp\/v2\/comments?post=1023"}],"version-history":[{"count":1,"href":"https:\/\/alvarofrias.com\/it\/wp-json\/wp\/v2\/pages\/1023\/revisions"}],"predecessor-version":[{"id":1024,"href":"https:\/\/alvarofrias.com\/it\/wp-json\/wp\/v2\/pages\/1023\/revisions\/1024"}],"up":[{"embeddable":true,"href":"https:\/\/alvarofrias.com\/it\/wp-json\/wp\/v2\/pages\/1072"}],"wp:attachment":[{"href":"https:\/\/alvarofrias.com\/it\/wp-json\/wp\/v2\/media?parent=1023"}],"curies":[{"name":"wp","href":"https:\/\/api.w.org\/{rel}","templated":true}]}}