{"id":1021,"date":"2025-05-19T20:33:41","date_gmt":"2025-05-19T18:33:41","guid":{"rendered":"https:\/\/alvarofrias.com\/restauro\/"},"modified":"2025-08-12T21:16:57","modified_gmt":"2025-08-12T19:16:57","slug":"restauro","status":"publish","type":"page","link":"https:\/\/alvarofrias.com\/it\/servizi\/restauro\/","title":{"rendered":"Restauro"},"content":{"rendered":"\t\t<div data-elementor-type=\"wp-page\" data-elementor-id=\"1021\" class=\"elementor elementor-1021 elementor-99\" data-elementor-post-type=\"page\">\n\t\t\t\t\t\t<section class=\"elementor-section elementor-top-section elementor-element elementor-element-a596324 elementor-section-boxed elementor-section-height-default elementor-section-height-default elementor-invisible\" data-id=\"a596324\" data-element_type=\"section\" data-e-type=\"section\" data-settings=\"{&quot;background_background&quot;:&quot;classic&quot;,&quot;animation&quot;:&quot;fadeIn&quot;}\">\n\t\t\t\t\t\t\t<div class=\"elementor-background-overlay\"><\/div>\n\t\t\t\t\t\t\t<div class=\"elementor-container elementor-column-gap-default\">\n\t\t\t\t\t<div class=\"elementor-column elementor-col-100 elementor-top-column elementor-element elementor-element-fcbd3ca\" data-id=\"fcbd3ca\" data-element_type=\"column\" data-e-type=\"column\">\n\t\t\t<div class=\"elementor-widget-wrap elementor-element-populated\">\n\t\t\t\t\t\t<div class=\"elementor-element elementor-element-8c506fa elementor-widget__width-auto elementor-invisible elementor-widget elementor-widget-heading\" data-id=\"8c506fa\" data-element_type=\"widget\" data-e-type=\"widget\" data-settings=\"{&quot;_animation&quot;:&quot;fadeInLeft&quot;}\" data-widget_type=\"heading.default\">\n\t\t\t\t<div class=\"elementor-widget-container\">\n\t\t\t\t\t<h6 class=\"elementor-heading-title elementor-size-default\">Servizio<\/h6>\t\t\t\t<\/div>\n\t\t\t\t<\/div>\n\t\t\t\t<div class=\"elementor-element elementor-element-c3705d6 elementor-invisible elementor-widget elementor-widget-heading\" data-id=\"c3705d6\" data-element_type=\"widget\" data-e-type=\"widget\" data-settings=\"{&quot;_animation&quot;:&quot;fadeInUp&quot;}\" data-widget_type=\"heading.default\">\n\t\t\t\t<div class=\"elementor-widget-container\">\n\t\t\t\t\t<h1 class=\"elementor-heading-title elementor-size-default\">RESTAURO<\/h1>\t\t\t\t<\/div>\n\t\t\t\t<\/div>\n\t\t\t\t<div class=\"elementor-element elementor-element-63a3be5 elementor-invisible elementor-widget elementor-widget-text-editor\" data-id=\"63a3be5\" data-element_type=\"widget\" data-e-type=\"widget\" data-settings=\"{&quot;_animation&quot;:&quot;fadeInUp&quot;}\" data-widget_type=\"text-editor.default\">\n\t\t\t\t<div class=\"elementor-widget-container\">\n\t\t\t\t\t\t\t\t\t<p><span style=\"font-weight: 400;\">\u00ab<\/span><i><span style=\"font-weight: 400;\">Il restauro di un&#8217;opera d&#8217;arte non \u00e8 solo la conservazione della sua materia, ma anche la conservazione della sua anima.<\/span><\/i><span style=\"font-weight: 400;\">\u00bb <b>Cesare Brandi<\/b><\/span><\/p>\n\t\t\t\t\t\t\t\t<\/div>\n\t\t\t\t<\/div>\n\t\t\t\t\t<\/div>\n\t\t<\/div>\n\t\t\t\t\t<\/div>\n\t\t<\/section>\n\t\t\t\t<section class=\"elementor-section elementor-top-section elementor-element elementor-element-c3258e4 elementor-section-boxed elementor-section-height-default elementor-section-height-default\" data-id=\"c3258e4\" data-element_type=\"section\" data-e-type=\"section\">\n\t\t\t\t\t\t<div class=\"elementor-container elementor-column-gap-default\">\n\t\t\t\t\t<div class=\"elementor-column elementor-col-50 elementor-top-column elementor-element elementor-element-3b19bcf\" data-id=\"3b19bcf\" data-element_type=\"column\" data-e-type=\"column\">\n\t\t\t<div class=\"elementor-widget-wrap elementor-element-populated\">\n\t\t\t\t\t\t<div class=\"elementor-element elementor-element-2995c3a elementor-widget-tablet__width-initial elementor-widget-mobile__width-inherit elementor-invisible elementor-widget elementor-widget-text-editor\" data-id=\"2995c3a\" data-element_type=\"widget\" data-e-type=\"widget\" data-settings=\"{&quot;_animation&quot;:&quot;fadeInUp&quot;}\" data-widget_type=\"text-editor.default\">\n\t\t\t\t<div class=\"elementor-widget-container\">\n\t\t\t\t\t\t\t\t\t<p>Per specificare i servizi di Conservazione e Restauro, \u00e8 necessario fare riferimento alla Carta di Venezia del 1987, che ne stabilisce le definizioni.<\/p>\n<p>La conservazione \u00e8 l&#8217;insieme delle azioni preventive e di salvaguardia volte a garantire una durata, intesa come illimitata, alla configurazione materiale dell&#8217;oggetto in questione.<\/p>\n<p>Il restauro si riferisce a qualsiasi intervento che, nel rispetto dei principi della conservazione e sulla base di ogni tipo di indagine conoscitiva preventiva, miri a restituire all&#8217;oggetto, per quanto possibile, la relativa leggibilit\u00e0 e, ove necessario, la fruibilit\u00e0.<\/p>\n<p>Gli interventi di conservazione si riferiscono non solo alla salvaguardia del singolo oggetto e dell&#8217;insieme degli oggetti considerati significativi, ma anche alle condizioni del contesto ambientale, anche se accertate come storicamente rilevanti e favorevoli, sia dal punto di vista fisico che da quello della manutenzione ordinaria.<\/p>\n<p>Gli interventi di restauro che intervengono direttamente sull&#8217;opera per prevenirne, per quanto possibile, il deterioramento e il degrado devono essere azioni che rispettino la fisionomia dell&#8217;oggetto cos\u00ec come \u00e8 stata trasmessa attraverso i suoi veicoli materiali naturali e originali, mantenendone al contempo la facilit\u00e0 di interpretazione.<\/p>\n<p>Conservazione e restauro non possono avvenire contemporaneamente, ma sono complementari e, in ogni caso, un programma di restauro non pu\u00f2 prescindere da un adeguato programma di tutela, manutenzione e prevenzione.<\/p>\n\t\t\t\t\t\t\t\t<\/div>\n\t\t\t\t<\/div>\n\t\t\t\t\t<\/div>\n\t\t<\/div>\n\t\t\t\t<div class=\"elementor-column elementor-col-50 elementor-top-column elementor-element elementor-element-e1ae5de\" data-id=\"e1ae5de\" data-element_type=\"column\" data-e-type=\"column\">\n\t\t\t<div class=\"elementor-widget-wrap elementor-element-populated\">\n\t\t\t\t\t\t<div class=\"elementor-element elementor-element-4a4d4f0 elementor-invisible elementor-widget elementor-widget-image\" data-id=\"4a4d4f0\" data-element_type=\"widget\" data-e-type=\"widget\" data-settings=\"{&quot;_animation&quot;:&quot;fadeInRight&quot;}\" data-widget_type=\"image.default\">\n\t\t\t\t<div class=\"elementor-widget-container\">\n\t\t\t\t\t\t\t\t\t\t\t\t\t\t\t<img fetchpriority=\"high\" decoding=\"async\" width=\"1514\" height=\"2560\" src=\"https:\/\/alvarofrias.com\/wp-content\/uploads\/2025\/08\/UV-scaled.png\" class=\"attachment-full size-full wp-image-1115\" alt=\"UV - Alvaro Fr\u00edas\" srcset=\"https:\/\/alvarofrias.com\/wp-content\/uploads\/2025\/08\/UV-scaled.png 1514w, https:\/\/alvarofrias.com\/wp-content\/uploads\/2025\/08\/UV-177x300.png 177w, https:\/\/alvarofrias.com\/wp-content\/uploads\/2025\/08\/UV-606x1024.png 606w, https:\/\/alvarofrias.com\/wp-content\/uploads\/2025\/08\/UV-768x1299.png 768w, https:\/\/alvarofrias.com\/wp-content\/uploads\/2025\/08\/UV-908x1536.png 908w, https:\/\/alvarofrias.com\/wp-content\/uploads\/2025\/08\/UV-1211x2048.png 1211w\" sizes=\"(max-width: 1514px) 100vw, 1514px\" \/>\t\t\t\t\t\t\t\t\t\t\t\t\t\t\t<\/div>\n\t\t\t\t<\/div>\n\t\t\t\t\t<\/div>\n\t\t<\/div>\n\t\t\t\t\t<\/div>\n\t\t<\/section>\n\t\t\t\t<section class=\"elementor-section elementor-top-section elementor-element elementor-element-3944fda elementor-section-boxed elementor-section-height-default elementor-section-height-default\" data-id=\"3944fda\" data-element_type=\"section\" data-e-type=\"section\" data-settings=\"{&quot;background_background&quot;:&quot;classic&quot;}\">\n\t\t\t\t\t\t<div class=\"elementor-container elementor-column-gap-default\">\n\t\t\t\t\t<div class=\"elementor-column elementor-col-50 elementor-top-column elementor-element elementor-element-4f9b35a\" data-id=\"4f9b35a\" data-element_type=\"column\" data-e-type=\"column\">\n\t\t\t<div class=\"elementor-widget-wrap elementor-element-populated\">\n\t\t\t\t\t\t<div class=\"elementor-element elementor-element-e3264b2 elementor-invisible elementor-widget elementor-widget-image\" data-id=\"e3264b2\" data-element_type=\"widget\" data-e-type=\"widget\" data-settings=\"{&quot;_animation&quot;:&quot;fadeInUp&quot;}\" data-widget_type=\"image.default\">\n\t\t\t\t<div class=\"elementor-widget-container\">\n\t\t\t\t\t\t\t\t\t\t\t\t\t\t\t<img decoding=\"async\" width=\"1080\" height=\"1398\" src=\"https:\/\/alvarofrias.com\/wp-content\/uploads\/2025\/05\/Dorando-clase-1.jpg\" class=\"attachment-full size-full wp-image-853\" alt=\"Dorado\" srcset=\"https:\/\/alvarofrias.com\/wp-content\/uploads\/2025\/05\/Dorando-clase-1.jpg 1080w, https:\/\/alvarofrias.com\/wp-content\/uploads\/2025\/05\/Dorando-clase-1-232x300.jpg 232w, https:\/\/alvarofrias.com\/wp-content\/uploads\/2025\/05\/Dorando-clase-1-791x1024.jpg 791w, https:\/\/alvarofrias.com\/wp-content\/uploads\/2025\/05\/Dorando-clase-1-768x994.jpg 768w\" sizes=\"(max-width: 1080px) 100vw, 1080px\" \/>\t\t\t\t\t\t\t\t\t\t\t\t\t\t\t<\/div>\n\t\t\t\t<\/div>\n\t\t\t\t\t<\/div>\n\t\t<\/div>\n\t\t\t\t<div class=\"elementor-column elementor-col-50 elementor-top-column elementor-element elementor-element-1a28d56\" data-id=\"1a28d56\" data-element_type=\"column\" data-e-type=\"column\">\n\t\t\t<div class=\"elementor-widget-wrap elementor-element-populated\">\n\t\t\t\t\t\t<div class=\"elementor-element elementor-element-c7ed8c7 elementor-invisible elementor-widget elementor-widget-text-editor\" data-id=\"c7ed8c7\" data-element_type=\"widget\" data-e-type=\"widget\" data-settings=\"{&quot;_animation&quot;:&quot;fadeInUp&quot;,&quot;_animation_delay&quot;:250}\" data-widget_type=\"text-editor.default\">\n\t\t\t\t<div class=\"elementor-widget-container\">\n\t\t\t\t\t\t\t\t\t<p>La mia laurea in Conservazione e Restauro dei Beni Culturali mi permette di effettuare interventi scientifici e meticolosi, nel rispetto dell&#8217;opera originale e seguendo criteri stabiliti.<\/p>\n<p>Grazie alla mia formazione nel campo dell&#8217;immagine e alla specializzazione nel restauro di sculture, ho la capacit\u00e0 di comprendere pi\u00f9 approfonditamente il deterioramento di un&#8217;immagine e di intervenire alla fonte per arrestarlo e riparare adeguatamente i danni causati. E non solo di rimuovere e recuperare l&#8217;oggetto in questione, ma anche di garantirne la corretta conservazione successiva per prevenirne un ulteriore deterioramento.<\/p>\n<p>Come creatore di immagini, restauratore, cristiano e membro di una confraternita religiosa, sono consapevole che le pale d&#8217;altare e i complessi scultorei associati a questi spazi o a quelli religiosi hanno un valore immateriale aggiunto: il sentimento religioso. Pertanto, qualsiasi intervento su un bene culturale all&#8217;interno di questo ambiente deve tenere conto e rispettare questa caratteristica.<\/p>\n\t\t\t\t\t\t\t\t<\/div>\n\t\t\t\t<\/div>\n\t\t\t\t\t<\/div>\n\t\t<\/div>\n\t\t\t\t\t<\/div>\n\t\t<\/section>\n\t\t\t\t<\/div>\n\t\t","protected":false},"excerpt":{"rendered":"<p>Servizio RESTAURO \u00abIl restauro di un&#8217;opera d&#8217;arte non \u00e8 solo la conservazione della sua materia, ma anche la conservazione della sua anima.\u00bb Cesare Brandi Per specificare i servizi di Conservazione e Restauro, \u00e8 necessario fare riferimento alla Carta di Venezia del 1987, che ne stabilisce le definizioni. La conservazione \u00e8 l&#8217;insieme delle azioni preventive e [&hellip;]<\/p>\n","protected":false},"author":1,"featured_media":0,"parent":1072,"menu_order":0,"comment_status":"closed","ping_status":"closed","template":"elementor_header_footer","meta":{"_joinchat":[],"footnotes":""},"class_list":["post-1021","page","type-page","status-publish","hentry"],"yoast_head":"<!-- This site is optimized with the Yoast SEO Premium plugin v27.4 (Yoast SEO v27.5) - https:\/\/yoast.com\/product\/yoast-seo-premium-wordpress\/ -->\n<title>Restauro | \u00c1lvaro Fr\u00edas<\/title>\n<meta name=\"robots\" content=\"index, follow, max-snippet:-1, max-image-preview:large, max-video-preview:-1\" \/>\n<link rel=\"canonical\" href=\"https:\/\/alvarofrias.com\/servicios\/restauracion\/\" \/>\n<meta property=\"og:locale\" content=\"it_IT\" \/>\n<meta property=\"og:type\" content=\"article\" \/>\n<meta property=\"og:title\" content=\"Restauro\" \/>\n<meta property=\"og:description\" content=\"Servizio RESTAURO \u00abIl restauro di un&#8217;opera d&#8217;arte non \u00e8 solo la conservazione della sua materia, ma anche la conservazione della sua anima.\u00bb Cesare Brandi Per specificare i servizi di Conservazione e Restauro, \u00e8 necessario fare riferimento alla Carta di Venezia del 1987, che ne stabilisce le definizioni. La conservazione \u00e8 l&#8217;insieme delle azioni preventive e [&hellip;]\" \/>\n<meta property=\"og:url\" content=\"https:\/\/alvarofrias.com\/servicios\/restauracion\/\" \/>\n<meta property=\"og:site_name\" content=\"\u00c1lvaro Fr\u00edas\" \/>\n<meta property=\"article:publisher\" content=\"https:\/\/www.facebook.com\/p\/--Imaginero-y-Restaurador-61553494449802\/\" \/>\n<meta property=\"article:modified_time\" content=\"2025-08-12T19:16:57+00:00\" \/>\n<meta property=\"og:image\" content=\"https:\/\/alvarofrias.com\/wp-content\/uploads\/2025\/08\/UV-scaled.png\" \/>\n\t<meta property=\"og:image:width\" content=\"1514\" \/>\n\t<meta property=\"og:image:height\" content=\"2560\" \/>\n\t<meta property=\"og:image:type\" content=\"image\/png\" \/>\n<meta name=\"twitter:card\" content=\"summary_large_image\" \/>\n<meta name=\"twitter:label1\" content=\"Tempo di lettura stimato\" \/>\n\t<meta name=\"twitter:data1\" content=\"2 minuti\" \/>\n<script type=\"application\/ld+json\" class=\"yoast-schema-graph\">{\"@context\":\"https:\\\/\\\/schema.org\",\"@graph\":[{\"@type\":\"WebPage\",\"@id\":\"https:\\\/\\\/alvarofrias.com\\\/servicios\\\/restauracion\\\/\",\"url\":\"https:\\\/\\\/alvarofrias.com\\\/servicios\\\/restauracion\\\/\",\"name\":\"Restauro | \u00c1lvaro Fr\u00edas\",\"isPartOf\":{\"@id\":\"https:\\\/\\\/alvarofrias.com\\\/#website\"},\"primaryImageOfPage\":{\"@id\":\"https:\\\/\\\/alvarofrias.com\\\/servicios\\\/restauracion\\\/#primaryimage\"},\"image\":{\"@id\":\"https:\\\/\\\/alvarofrias.com\\\/servicios\\\/restauracion\\\/#primaryimage\"},\"thumbnailUrl\":\"https:\\\/\\\/alvarofrias.com\\\/wp-content\\\/uploads\\\/2025\\\/08\\\/UV-scaled.png\",\"datePublished\":\"2025-05-19T18:33:41+00:00\",\"dateModified\":\"2025-08-12T19:16:57+00:00\",\"breadcrumb\":{\"@id\":\"https:\\\/\\\/alvarofrias.com\\\/servicios\\\/restauracion\\\/#breadcrumb\"},\"inLanguage\":\"it-IT\",\"potentialAction\":[{\"@type\":\"ReadAction\",\"target\":[\"https:\\\/\\\/alvarofrias.com\\\/servicios\\\/restauracion\\\/\"]}]},{\"@type\":\"ImageObject\",\"inLanguage\":\"it-IT\",\"@id\":\"https:\\\/\\\/alvarofrias.com\\\/servicios\\\/restauracion\\\/#primaryimage\",\"url\":\"https:\\\/\\\/alvarofrias.com\\\/wp-content\\\/uploads\\\/2025\\\/08\\\/UV-scaled.png\",\"contentUrl\":\"https:\\\/\\\/alvarofrias.com\\\/wp-content\\\/uploads\\\/2025\\\/08\\\/UV-scaled.png\"},{\"@type\":\"BreadcrumbList\",\"@id\":\"https:\\\/\\\/alvarofrias.com\\\/servicios\\\/restauracion\\\/#breadcrumb\",\"itemListElement\":[{\"@type\":\"ListItem\",\"position\":1,\"name\":\"Portada\",\"item\":\"https:\\\/\\\/alvarofrias.com\\\/\"},{\"@type\":\"ListItem\",\"position\":2,\"name\":\"Servizi\",\"item\":\"https:\\\/\\\/alvarofrias.com\\\/servizi\\\/\"},{\"@type\":\"ListItem\",\"position\":3,\"name\":\"Restauro\"}]},{\"@type\":\"WebSite\",\"@id\":\"https:\\\/\\\/alvarofrias.com\\\/#website\",\"url\":\"https:\\\/\\\/alvarofrias.com\\\/\",\"name\":\"\u00c1lvaro Fr\u00edas\",\"description\":\"Imaginero y Restaurador\",\"publisher\":{\"@id\":\"https:\\\/\\\/alvarofrias.com\\\/#\\\/schema\\\/person\\\/3840bca3322ad7c84fa331dc30692152\"},\"alternateName\":\"\u00c1lvaro Fr\u00edas\",\"potentialAction\":[{\"@type\":\"SearchAction\",\"target\":{\"@type\":\"EntryPoint\",\"urlTemplate\":\"https:\\\/\\\/alvarofrias.com\\\/?s={search_term_string}\"},\"query-input\":{\"@type\":\"PropertyValueSpecification\",\"valueRequired\":true,\"valueName\":\"search_term_string\"}}],\"inLanguage\":\"it-IT\"},{\"@type\":[\"Person\",\"Organization\"],\"@id\":\"https:\\\/\\\/alvarofrias.com\\\/#\\\/schema\\\/person\\\/3840bca3322ad7c84fa331dc30692152\",\"name\":\"\u00c1lvaro Fr\u00edas\",\"image\":{\"@type\":\"ImageObject\",\"inLanguage\":\"it-IT\",\"@id\":\"https:\\\/\\\/alvarofrias.com\\\/wp-content\\\/uploads\\\/2025\\\/05\\\/cropped-Picsart_25-05-27_01-33-14-792-scaled-1.png\",\"url\":\"https:\\\/\\\/alvarofrias.com\\\/wp-content\\\/uploads\\\/2025\\\/05\\\/cropped-Picsart_25-05-27_01-33-14-792-scaled-1.png\",\"contentUrl\":\"https:\\\/\\\/alvarofrias.com\\\/wp-content\\\/uploads\\\/2025\\\/05\\\/cropped-Picsart_25-05-27_01-33-14-792-scaled-1.png\",\"width\":512,\"height\":512,\"caption\":\"\u00c1lvaro Fr\u00edas\"},\"logo\":{\"@id\":\"https:\\\/\\\/alvarofrias.com\\\/wp-content\\\/uploads\\\/2025\\\/05\\\/cropped-Picsart_25-05-27_01-33-14-792-scaled-1.png\"},\"description\":\"\u00c1lvaro Fr\u00edas, imaginero y restaurador, con taller en Alcal\u00e1 de Guada\u00edra. Formado en el taller del imaginero Antonio Jos\u00e9 Mart\u00ednez Rodr\u00edguez. Curs\u00f3 el Grado de Conservaci\u00f3n y Restauraci\u00f3n de Bienes Culturales en la Escuela Superior de Madrid, donde se especializ\u00f3 en Escultura. Su obra muestra un claro estilo naturalista, asimilado en el taller de su maestro, pero con grandes reminiscencias barrocas, influenciadas por la escuela sevillana. Adem\u00e1s, sus sentimientos religiosos hacen que sus obras transmitan piedad y devoci\u00f3n, siendo esculturas plenamente catequ\u00e9ticas con una clara funci\u00f3n evangelizadora y devocional.\",\"sameAs\":[\"http:\\\/\\\/www.alvarofrias.com\",\"https:\\\/\\\/www.facebook.com\\\/p\\\/--Imaginero-y-Restaurador-61553494449802\\\/\",\"https:\\\/\\\/www.instagram.com\\\/imaginero_alvarofrias\\\/\",\"https:\\\/\\\/es.linkedin.com\\\/in\\\/alvaro-frias-nisa\"],\"knowsLanguage\":[\"espa\u00f1ol\",\"ingl\u00e9s\"],\"jobTitle\":\"Imaginero y Restaurador\",\"worksFor\":\"\u00c1lvaro Fr\u00edas\"}]}<\/script>\n<!-- \/ Yoast SEO Premium plugin. -->","yoast_head_json":{"title":"Restauro | \u00c1lvaro Fr\u00edas","robots":{"index":"index","follow":"follow","max-snippet":"max-snippet:-1","max-image-preview":"max-image-preview:large","max-video-preview":"max-video-preview:-1"},"canonical":"https:\/\/alvarofrias.com\/servicios\/restauracion\/","og_locale":"it_IT","og_type":"article","og_title":"Restauro","og_description":"Servizio RESTAURO \u00abIl restauro di un&#8217;opera d&#8217;arte non \u00e8 solo la conservazione della sua materia, ma anche la conservazione della sua anima.\u00bb Cesare Brandi Per specificare i servizi di Conservazione e Restauro, \u00e8 necessario fare riferimento alla Carta di Venezia del 1987, che ne stabilisce le definizioni. La conservazione \u00e8 l&#8217;insieme delle azioni preventive e [&hellip;]","og_url":"https:\/\/alvarofrias.com\/servicios\/restauracion\/","og_site_name":"\u00c1lvaro Fr\u00edas","article_publisher":"https:\/\/www.facebook.com\/p\/--Imaginero-y-Restaurador-61553494449802\/","article_modified_time":"2025-08-12T19:16:57+00:00","og_image":[{"width":1514,"height":2560,"url":"https:\/\/alvarofrias.com\/wp-content\/uploads\/2025\/08\/UV-scaled.png","type":"image\/png"}],"twitter_card":"summary_large_image","twitter_misc":{"Tempo di lettura stimato":"2 minuti"},"schema":{"@context":"https:\/\/schema.org","@graph":[{"@type":"WebPage","@id":"https:\/\/alvarofrias.com\/servicios\/restauracion\/","url":"https:\/\/alvarofrias.com\/servicios\/restauracion\/","name":"Restauro | \u00c1lvaro Fr\u00edas","isPartOf":{"@id":"https:\/\/alvarofrias.com\/#website"},"primaryImageOfPage":{"@id":"https:\/\/alvarofrias.com\/servicios\/restauracion\/#primaryimage"},"image":{"@id":"https:\/\/alvarofrias.com\/servicios\/restauracion\/#primaryimage"},"thumbnailUrl":"https:\/\/alvarofrias.com\/wp-content\/uploads\/2025\/08\/UV-scaled.png","datePublished":"2025-05-19T18:33:41+00:00","dateModified":"2025-08-12T19:16:57+00:00","breadcrumb":{"@id":"https:\/\/alvarofrias.com\/servicios\/restauracion\/#breadcrumb"},"inLanguage":"it-IT","potentialAction":[{"@type":"ReadAction","target":["https:\/\/alvarofrias.com\/servicios\/restauracion\/"]}]},{"@type":"ImageObject","inLanguage":"it-IT","@id":"https:\/\/alvarofrias.com\/servicios\/restauracion\/#primaryimage","url":"https:\/\/alvarofrias.com\/wp-content\/uploads\/2025\/08\/UV-scaled.png","contentUrl":"https:\/\/alvarofrias.com\/wp-content\/uploads\/2025\/08\/UV-scaled.png"},{"@type":"BreadcrumbList","@id":"https:\/\/alvarofrias.com\/servicios\/restauracion\/#breadcrumb","itemListElement":[{"@type":"ListItem","position":1,"name":"Portada","item":"https:\/\/alvarofrias.com\/"},{"@type":"ListItem","position":2,"name":"Servizi","item":"https:\/\/alvarofrias.com\/servizi\/"},{"@type":"ListItem","position":3,"name":"Restauro"}]},{"@type":"WebSite","@id":"https:\/\/alvarofrias.com\/#website","url":"https:\/\/alvarofrias.com\/","name":"\u00c1lvaro Fr\u00edas","description":"Imaginero y Restaurador","publisher":{"@id":"https:\/\/alvarofrias.com\/#\/schema\/person\/3840bca3322ad7c84fa331dc30692152"},"alternateName":"\u00c1lvaro Fr\u00edas","potentialAction":[{"@type":"SearchAction","target":{"@type":"EntryPoint","urlTemplate":"https:\/\/alvarofrias.com\/?s={search_term_string}"},"query-input":{"@type":"PropertyValueSpecification","valueRequired":true,"valueName":"search_term_string"}}],"inLanguage":"it-IT"},{"@type":["Person","Organization"],"@id":"https:\/\/alvarofrias.com\/#\/schema\/person\/3840bca3322ad7c84fa331dc30692152","name":"\u00c1lvaro Fr\u00edas","image":{"@type":"ImageObject","inLanguage":"it-IT","@id":"https:\/\/alvarofrias.com\/wp-content\/uploads\/2025\/05\/cropped-Picsart_25-05-27_01-33-14-792-scaled-1.png","url":"https:\/\/alvarofrias.com\/wp-content\/uploads\/2025\/05\/cropped-Picsart_25-05-27_01-33-14-792-scaled-1.png","contentUrl":"https:\/\/alvarofrias.com\/wp-content\/uploads\/2025\/05\/cropped-Picsart_25-05-27_01-33-14-792-scaled-1.png","width":512,"height":512,"caption":"\u00c1lvaro Fr\u00edas"},"logo":{"@id":"https:\/\/alvarofrias.com\/wp-content\/uploads\/2025\/05\/cropped-Picsart_25-05-27_01-33-14-792-scaled-1.png"},"description":"\u00c1lvaro Fr\u00edas, imaginero y restaurador, con taller en Alcal\u00e1 de Guada\u00edra. Formado en el taller del imaginero Antonio Jos\u00e9 Mart\u00ednez Rodr\u00edguez. Curs\u00f3 el Grado de Conservaci\u00f3n y Restauraci\u00f3n de Bienes Culturales en la Escuela Superior de Madrid, donde se especializ\u00f3 en Escultura. Su obra muestra un claro estilo naturalista, asimilado en el taller de su maestro, pero con grandes reminiscencias barrocas, influenciadas por la escuela sevillana. Adem\u00e1s, sus sentimientos religiosos hacen que sus obras transmitan piedad y devoci\u00f3n, siendo esculturas plenamente catequ\u00e9ticas con una clara funci\u00f3n evangelizadora y devocional.","sameAs":["http:\/\/www.alvarofrias.com","https:\/\/www.facebook.com\/p\/--Imaginero-y-Restaurador-61553494449802\/","https:\/\/www.instagram.com\/imaginero_alvarofrias\/","https:\/\/es.linkedin.com\/in\/alvaro-frias-nisa"],"knowsLanguage":["espa\u00f1ol","ingl\u00e9s"],"jobTitle":"Imaginero y Restaurador","worksFor":"\u00c1lvaro Fr\u00edas"}]}},"_links":{"self":[{"href":"https:\/\/alvarofrias.com\/it\/wp-json\/wp\/v2\/pages\/1021","targetHints":{"allow":["GET"]}}],"collection":[{"href":"https:\/\/alvarofrias.com\/it\/wp-json\/wp\/v2\/pages"}],"about":[{"href":"https:\/\/alvarofrias.com\/it\/wp-json\/wp\/v2\/types\/page"}],"author":[{"embeddable":true,"href":"https:\/\/alvarofrias.com\/it\/wp-json\/wp\/v2\/users\/1"}],"replies":[{"embeddable":true,"href":"https:\/\/alvarofrias.com\/it\/wp-json\/wp\/v2\/comments?post=1021"}],"version-history":[{"count":7,"href":"https:\/\/alvarofrias.com\/it\/wp-json\/wp\/v2\/pages\/1021\/revisions"}],"predecessor-version":[{"id":1130,"href":"https:\/\/alvarofrias.com\/it\/wp-json\/wp\/v2\/pages\/1021\/revisions\/1130"}],"up":[{"embeddable":true,"href":"https:\/\/alvarofrias.com\/it\/wp-json\/wp\/v2\/pages\/1072"}],"wp:attachment":[{"href":"https:\/\/alvarofrias.com\/it\/wp-json\/wp\/v2\/media?parent=1021"}],"curies":[{"name":"wp","href":"https:\/\/api.w.org\/{rel}","templated":true}]}}