{"id":901,"date":"2025-05-20T16:50:37","date_gmt":"2025-05-20T14:50:37","guid":{"rendered":"https:\/\/alvarofrias.com\/legal-notice\/"},"modified":"2026-05-04T11:08:36","modified_gmt":"2026-05-04T09:08:36","slug":"legal-notice","status":"publish","type":"page","link":"https:\/\/alvarofrias.com\/en\/legal-notice\/","title":{"rendered":"Legal notice"},"content":{"rendered":"\t\t<div data-elementor-type=\"wp-page\" data-elementor-id=\"901\" class=\"elementor elementor-901 elementor-223\" data-elementor-post-type=\"page\">\n\t\t\t\t<div class=\"elementor-element elementor-element-d2d43f7 e-flex e-con-boxed e-con e-parent\" data-id=\"d2d43f7\" data-element_type=\"container\" data-e-type=\"container\">\n\t\t\t\t\t<div class=\"e-con-inner\">\n\t\t\t\t<div class=\"elementor-element elementor-element-a5eb86e elementor-widget elementor-widget-text-editor\" data-id=\"a5eb86e\" data-element_type=\"widget\" data-e-type=\"widget\" data-widget_type=\"text-editor.default\">\n\t\t\t\t<div class=\"elementor-widget-container\">\n\t\t\t\t\t\t\t\t\t<h1><b>Legal Notice<\/b><\/h1>\n<p><span style=\"font-weight: 400;\">\u00a0<\/span><b>Law on Information Society Services (LSSI)<\/b><\/p>\n<p><span style=\"font-weight: 400;\">\u00a0<\/span><span style=\"font-weight: 400;\">\u00c1LVARO FR\u00cdAS, responsible for the website, hereinafter CONTROLLER, makes this document available to users, which aims to comply with the obligations set forth in Law 34\/2002, of July 11, on Information Society Services and Electronic Commerce (LSSICE), BOE No. 166, as well as informing all users of the website about the conditions of use.<\/span><\/p>\n<p><span style=\"font-weight: 400;\">Any person who accesses This website assumes the role of user, committing to the observance and strict compliance with the provisions set forth herein, as well as any other applicable legal provisions. <\/span><\/p>\n<p>\u00c1LVARO FR\u00cdAS reserves the right to modify any type of information that may appear on the website, without any obligation to notify or inform users of such obligations, with publication on the \u00c1LVARO FR\u00cdAS website being deemed sufficient.<\/p>\n<ol>\n<li><b>IDENTIFICATION DATA<\/b><\/li>\n<\/ol>\n<p>&nbsp;<\/p>\n<ul>\n<li style=\"font-weight: 400;\" aria-level=\"1\"><span style=\"font-weight: 400;\">Domain name: <\/span><span style=\"color: #800080;\"><span style=\"text-decoration: underline;\"><a style=\"color: #800080; text-decoration: underline;\" href=\"http:\/\/www.alvarofrias.com\"><span style=\"font-weight: 400;\">www.alvarofrias.com<\/span><\/a><\/span> <\/span><\/li>\n<li style=\"font-weight: 400;\" aria-level=\"1\"><span style=\"font-weight: 400;\">Trade name: \u00c1lvaro Fr\u00edas Nisa<\/span><\/li>\n<li style=\"font-weight: 400;\" aria-level=\"1\"><span style=\"font-weight: 400;\">Company name: \u00c1LVARO FR\u00cdAS<\/span><\/li>\n<li style=\"font-weight: 400;\" aria-level=\"1\"><span style=\"font-weight: 400;\">NIF: 511019599F<\/span><\/li>\n<li style=\"font-weight: 400;\" aria-level=\"1\"><span style=\"font-weight: 400;\">Registered office: Seville<\/span><\/li>\n<li style=\"font-weight: 400;\" aria-level=\"1\"><span style=\"font-weight: 400;\">Phone: (+34) 614 64 53 27<\/span><\/li>\n<li style=\"font-weight: 400;\" aria-level=\"1\"><span style=\"font-weight: 400;\">E-mail: <span style=\"color: #800080;\"><a style=\"color: #800080;\" href=\"mailto:administracion@alvarofrias.com\"><span style=\"text-decoration: underline;\"><span style=\"color: #800080; text-decoration: underline;\">administracion@alvarofrias.com<\/span><\/span><\/a><\/span><\/span><\/li>\n<\/ul>\n<p>&nbsp;<\/p>\n<ol start=\"2\">\n<li><b>INTELLECTUAL AND INDUSTRIAL PROPERTY RIGHTS<\/b><\/li>\n<\/ol>\n<p><span style=\"font-weight: 400;\">The website, including but not limited to its programming, editing, compilation and other elements necessary for its operation, designs, logos, text and\/or graphics, are the property of the CONTROLLER or, where applicable, have a license or express authorization from the authors. All content on the website is duly protected by intellectual and industrial property regulations and is registered in the corresponding public registries. <\/span><\/p>\n<p><span style=\"font-weight: 400;\">Regardless of the intended purpose, any reproduction, use, exploitation, distribution, or marketing of the material requires prior written authorization from the CONTROLLER. Any use not previously authorized is considered a serious breach of the author&#8217;s intellectual or industrial property rights. <\/span><\/p>\n<p><span style=\"font-weight: 400;\">Any designs, logos, text, and\/or graphics not belonging to the CONTROLLER and that may appear on the website belong to their respective owners, who are responsible for any dispute that may arise in relation to them. The CONTROLLER expressly authorizes third parties to directly redirect to the specific content of the website and, in all cases, to redirect to the main website alvarofrias.com\/. <\/span><\/p>\n<p><span style=\"font-weight: 400;\">The CONTROLLER recognizes the corresponding intellectual and industrial property rights in favor of their owners. Their mere mention or appearance on the website does not imply the existence of any rights or responsibility over them, nor does it imply endorsement, sponsorship, or recommendation by the CONTROLLER.<\/span><\/p>\n<p><span style=\"font-weight: 400;\">To make any type of observation regarding possible breaches of intellectual or industrial property rights, as well as any of the content on the website, you can do so by emailing administracion@alvarofrias.com.<\/span><\/p>\n<ol start=\"3\">\n<li><b>DISCLAIMER<\/b><\/li>\n<\/ol>\n<p><span style=\"font-weight: 400;\">The CONTROLLER disclaims any liability for any content, including, but not limited to, any content, &#8230;type of liability arising from the information published on its website, provided that it has no actual knowledge that this information has been manipulated or introduced by a third party other than itself, or, if it has, it has acted diligently to remove the data or make access to it impossible. <\/span><\/p>\n<p><b>Use of Cookies<\/b><\/p>\n<p><span style=\"font-weight: 400;\">This website may use technical cookies (small information files that the server sends to the computer of whoever accesses the page) to carry out certain functions that are considered essential for the correct operation and display of the site. The cookies used are, in all cases, temporary, with the sole purpose of making navigation more efficient, and they disappear at the end of the user&#8217;s session. Under no circumstances do these cookies themselves provide personal data, and they will not be used to collect such data. <\/span><\/p>\n<p><span style=\"font-weight: 400;\">Through the use of cookies, the server hosting the website can also recognize the user&#8217;s browser, making navigation easier. This allows, for example, previously registered users to access areas, services, promotions, or contests reserved exclusively for them without having to register on each visit. Cookies can also be used to measure audience and traffic parameters, monitor progress and the number of entries, etc. In these cases, cookies are technically unnecessary but beneficial to the user. This website will not install non-essential cookies without the user&#8217;s prior consent.<\/span><\/p>\n<p>The user has the option of configuring their browser to be notified of the receipt of cookies and to prevent their installation on their device. Please consult your browser&#8217;s instructions for more information.<\/p>\n<p>Link Policy<\/p>\n<p>From the website, you may be redirected to content on third-party websites. Since the CONTROLLER cannot always control the content posted by third parties on their respective websites, it assumes no responsibility for such content. In any case, the CONTROLLER will immediately remove any content that may contravene national or international legislation, morality, or public order, and will immediately remove the redirection to said website and inform the competent authorities of the content in question.<\/p>\n<p><span style=\"font-weight: 400;\">The CONTROLLER is not responsible for the information and content stored, including but not limited to, forums, chats, blog generators, comments, social networks, or any other means that allows third parties to publish content independently on the CONTROLLER&#8217;s website. However, and in compliance with the provisions of Articles 11 and 16 of the LSSICE (Spanish Law on the Use of Personal Data), the CONTROLLER makes itself available to all users, authorities, and security forces, actively collaborating in the removal or, where appropriate, blocking of all content that may affect or contravene national or international legislation, the rights of third parties, or morality and public order. If the user believes that there is any content on the website that could be classified as such, please notify the website administrator immediately. <\/span><\/p>\n<p><span style=\"font-weight: 400;\">This website has been reviewed and tested to ensure proper operation. In principle, proper operation can be guaranteed 365 days a year, 24 hours a day. However, the CONTROLLER does not rule out the possibility of certain programming errors, or the occurrence of force majeure, natural disasters, strikes, or similar circumstances that make access to the website impossible.<\/span><\/p>\n<p><b>IP Addresses<\/b><\/p>\n<p><span style=\"font-weight: 400;\">The website&#8217;s servers can automatically detect the IP address and domain name used by the user. An IP address is a number automatically assigned to a computer when it connects to the Internet. All this information is recorded in a server activity file that allows for subsequent processing of the data for the purpose of obtaining purely statistical measurements that allow us to know the number of page impressions, the number of visits made to the web servers, the order of visits, the access point, etc. <\/span><\/p>\n<ol start=\"4\">\n<li><b>APPLICABLE LAW AND JURISDICTION<\/b><\/li>\n<\/ol>\n<p><span style=\"font-weight: 400;\">For the resolution of all disputes or questions related to this websiteb or the activities carried out therein, Spanish legislation will apply, to which the parties expressly submit, with the Courts and Tribunals of the USER&#8217;s domicile or the place of fulfillment of the obligation being competent for the resolution of all conflicts arising from or related to its use.<\/span><\/p>\n\t\t\t\t\t\t\t\t<\/div>\n\t\t\t\t<\/div>\n\t\t\t\t\t<\/div>\n\t\t\t\t<\/div>\n\t\t\t\t<\/div>\n\t\t","protected":false},"excerpt":{"rendered":"<p>Legal Notice \u00a0Law on Information Society Services (LSSI) \u00a0\u00c1LVARO FR\u00cdAS, responsible for the website, hereinafter CONTROLLER, makes this document available to users, which aims to comply with the obligations set forth in Law 34\/2002, of July 11, on Information Society Services and Electronic Commerce (LSSICE), BOE No. 166, as well as informing all users of [&hellip;]<\/p>\n","protected":false},"author":1,"featured_media":0,"parent":0,"menu_order":0,"comment_status":"closed","ping_status":"closed","template":"","meta":{"_joinchat":[],"footnotes":""},"class_list":["post-901","page","type-page","status-publish","hentry"],"yoast_head":"<!-- This site is optimized with the Yoast SEO Premium plugin v27.4 (Yoast SEO v27.5) - https:\/\/yoast.com\/product\/yoast-seo-premium-wordpress\/ -->\n<title>Legal notice | \u00c1lvaro Fr\u00edas<\/title>\n<meta name=\"robots\" content=\"noindex, nofollow\" \/>\n<meta property=\"og:locale\" content=\"en_US\" \/>\n<meta property=\"og:type\" content=\"article\" \/>\n<meta property=\"og:title\" content=\"Legal notice\" \/>\n<meta property=\"og:description\" content=\"Legal Notice \u00a0Law on Information Society Services (LSSI) \u00a0\u00c1LVARO FR\u00cdAS, responsible for the website, hereinafter CONTROLLER, makes this document available to users, which aims to comply with the obligations set forth in Law 34\/2002, of July 11, on Information Society Services and Electronic Commerce (LSSICE), BOE No. 166, as well as informing all users of [&hellip;]\" \/>\n<meta property=\"og:url\" content=\"https:\/\/alvarofrias.com\/aviso-legal\/\" \/>\n<meta property=\"og:site_name\" content=\"\u00c1lvaro Fr\u00edas\" \/>\n<meta property=\"article:publisher\" content=\"https:\/\/www.facebook.com\/p\/--Imaginero-y-Restaurador-61553494449802\/\" \/>\n<meta property=\"article:modified_time\" content=\"2026-05-04T09:08:36+00:00\" \/>\n<meta property=\"og:image\" content=\"https:\/\/alvarofrias.com\/wp-content\/uploads\/2025\/07\/Logo-vertical-scaled.jpg\" \/>\n\t<meta property=\"og:image:width\" content=\"2560\" \/>\n\t<meta property=\"og:image:height\" content=\"1440\" \/>\n\t<meta property=\"og:image:type\" content=\"image\/jpeg\" \/>\n<meta name=\"twitter:card\" content=\"summary_large_image\" \/>\n<meta name=\"twitter:label1\" content=\"Est. reading time\" \/>\n\t<meta name=\"twitter:data1\" content=\"6 minutes\" \/>\n<script type=\"application\/ld+json\" class=\"yoast-schema-graph\">{\"@context\":\"https:\\\/\\\/schema.org\",\"@graph\":[{\"@type\":\"WebPage\",\"@id\":\"https:\\\/\\\/alvarofrias.com\\\/aviso-legal\\\/\",\"url\":\"https:\\\/\\\/alvarofrias.com\\\/aviso-legal\\\/\",\"name\":\"Legal notice | \u00c1lvaro Fr\u00edas\",\"isPartOf\":{\"@id\":\"https:\\\/\\\/alvarofrias.com\\\/#website\"},\"datePublished\":\"2025-05-20T14:50:37+00:00\",\"dateModified\":\"2026-05-04T09:08:36+00:00\",\"breadcrumb\":{\"@id\":\"https:\\\/\\\/alvarofrias.com\\\/aviso-legal\\\/#breadcrumb\"},\"inLanguage\":\"en-US\",\"potentialAction\":[{\"@type\":\"ReadAction\",\"target\":[\"https:\\\/\\\/alvarofrias.com\\\/aviso-legal\\\/\"]}]},{\"@type\":\"BreadcrumbList\",\"@id\":\"https:\\\/\\\/alvarofrias.com\\\/aviso-legal\\\/#breadcrumb\",\"itemListElement\":[{\"@type\":\"ListItem\",\"position\":1,\"name\":\"Portada\",\"item\":\"https:\\\/\\\/alvarofrias.com\\\/\"},{\"@type\":\"ListItem\",\"position\":2,\"name\":\"Legal notice\"}]},{\"@type\":\"WebSite\",\"@id\":\"https:\\\/\\\/alvarofrias.com\\\/#website\",\"url\":\"https:\\\/\\\/alvarofrias.com\\\/\",\"name\":\"\u00c1lvaro Fr\u00edas\",\"description\":\"Imaginero y Restaurador\",\"publisher\":{\"@id\":\"https:\\\/\\\/alvarofrias.com\\\/#\\\/schema\\\/person\\\/3840bca3322ad7c84fa331dc30692152\"},\"alternateName\":\"\u00c1lvaro Fr\u00edas\",\"potentialAction\":[{\"@type\":\"SearchAction\",\"target\":{\"@type\":\"EntryPoint\",\"urlTemplate\":\"https:\\\/\\\/alvarofrias.com\\\/?s={search_term_string}\"},\"query-input\":{\"@type\":\"PropertyValueSpecification\",\"valueRequired\":true,\"valueName\":\"search_term_string\"}}],\"inLanguage\":\"en-US\"},{\"@type\":[\"Person\",\"Organization\"],\"@id\":\"https:\\\/\\\/alvarofrias.com\\\/#\\\/schema\\\/person\\\/3840bca3322ad7c84fa331dc30692152\",\"name\":\"\u00c1lvaro Fr\u00edas\",\"image\":{\"@type\":\"ImageObject\",\"inLanguage\":\"en-US\",\"@id\":\"https:\\\/\\\/alvarofrias.com\\\/wp-content\\\/uploads\\\/2025\\\/05\\\/cropped-Picsart_25-05-27_01-33-14-792-scaled-1.png\",\"url\":\"https:\\\/\\\/alvarofrias.com\\\/wp-content\\\/uploads\\\/2025\\\/05\\\/cropped-Picsart_25-05-27_01-33-14-792-scaled-1.png\",\"contentUrl\":\"https:\\\/\\\/alvarofrias.com\\\/wp-content\\\/uploads\\\/2025\\\/05\\\/cropped-Picsart_25-05-27_01-33-14-792-scaled-1.png\",\"width\":512,\"height\":512,\"caption\":\"\u00c1lvaro Fr\u00edas\"},\"logo\":{\"@id\":\"https:\\\/\\\/alvarofrias.com\\\/wp-content\\\/uploads\\\/2025\\\/05\\\/cropped-Picsart_25-05-27_01-33-14-792-scaled-1.png\"},\"description\":\"\u00c1lvaro Fr\u00edas, imaginero y restaurador, con taller en Alcal\u00e1 de Guada\u00edra. Formado en el taller del imaginero Antonio Jos\u00e9 Mart\u00ednez Rodr\u00edguez. Curs\u00f3 el Grado de Conservaci\u00f3n y Restauraci\u00f3n de Bienes Culturales en la Escuela Superior de Madrid, donde se especializ\u00f3 en Escultura. Su obra muestra un claro estilo naturalista, asimilado en el taller de su maestro, pero con grandes reminiscencias barrocas, influenciadas por la escuela sevillana. Adem\u00e1s, sus sentimientos religiosos hacen que sus obras transmitan piedad y devoci\u00f3n, siendo esculturas plenamente catequ\u00e9ticas con una clara funci\u00f3n evangelizadora y devocional.\",\"sameAs\":[\"http:\\\/\\\/www.alvarofrias.com\",\"https:\\\/\\\/www.facebook.com\\\/p\\\/--Imaginero-y-Restaurador-61553494449802\\\/\",\"https:\\\/\\\/www.instagram.com\\\/imaginero_alvarofrias\\\/\",\"https:\\\/\\\/es.linkedin.com\\\/in\\\/alvaro-frias-nisa\"],\"knowsLanguage\":[\"espa\u00f1ol\",\"ingl\u00e9s\"],\"jobTitle\":\"Imaginero y Restaurador\",\"worksFor\":\"\u00c1lvaro Fr\u00edas\"}]}<\/script>\n<!-- \/ Yoast SEO Premium plugin. -->","yoast_head_json":{"title":"Legal notice | \u00c1lvaro Fr\u00edas","robots":{"index":"noindex","follow":"nofollow"},"og_locale":"en_US","og_type":"article","og_title":"Legal notice","og_description":"Legal Notice \u00a0Law on Information Society Services (LSSI) \u00a0\u00c1LVARO FR\u00cdAS, responsible for the website, hereinafter CONTROLLER, makes this document available to users, which aims to comply with the obligations set forth in Law 34\/2002, of July 11, on Information Society Services and Electronic Commerce (LSSICE), BOE No. 166, as well as informing all users of [&hellip;]","og_url":"https:\/\/alvarofrias.com\/aviso-legal\/","og_site_name":"\u00c1lvaro Fr\u00edas","article_publisher":"https:\/\/www.facebook.com\/p\/--Imaginero-y-Restaurador-61553494449802\/","article_modified_time":"2026-05-04T09:08:36+00:00","og_image":[{"width":2560,"height":1440,"url":"https:\/\/alvarofrias.com\/wp-content\/uploads\/2025\/07\/Logo-vertical-scaled.jpg","type":"image\/jpeg"}],"twitter_card":"summary_large_image","twitter_misc":{"Est. reading time":"6 minutes"},"schema":{"@context":"https:\/\/schema.org","@graph":[{"@type":"WebPage","@id":"https:\/\/alvarofrias.com\/aviso-legal\/","url":"https:\/\/alvarofrias.com\/aviso-legal\/","name":"Legal notice | \u00c1lvaro Fr\u00edas","isPartOf":{"@id":"https:\/\/alvarofrias.com\/#website"},"datePublished":"2025-05-20T14:50:37+00:00","dateModified":"2026-05-04T09:08:36+00:00","breadcrumb":{"@id":"https:\/\/alvarofrias.com\/aviso-legal\/#breadcrumb"},"inLanguage":"en-US","potentialAction":[{"@type":"ReadAction","target":["https:\/\/alvarofrias.com\/aviso-legal\/"]}]},{"@type":"BreadcrumbList","@id":"https:\/\/alvarofrias.com\/aviso-legal\/#breadcrumb","itemListElement":[{"@type":"ListItem","position":1,"name":"Portada","item":"https:\/\/alvarofrias.com\/"},{"@type":"ListItem","position":2,"name":"Legal notice"}]},{"@type":"WebSite","@id":"https:\/\/alvarofrias.com\/#website","url":"https:\/\/alvarofrias.com\/","name":"\u00c1lvaro Fr\u00edas","description":"Imaginero y Restaurador","publisher":{"@id":"https:\/\/alvarofrias.com\/#\/schema\/person\/3840bca3322ad7c84fa331dc30692152"},"alternateName":"\u00c1lvaro Fr\u00edas","potentialAction":[{"@type":"SearchAction","target":{"@type":"EntryPoint","urlTemplate":"https:\/\/alvarofrias.com\/?s={search_term_string}"},"query-input":{"@type":"PropertyValueSpecification","valueRequired":true,"valueName":"search_term_string"}}],"inLanguage":"en-US"},{"@type":["Person","Organization"],"@id":"https:\/\/alvarofrias.com\/#\/schema\/person\/3840bca3322ad7c84fa331dc30692152","name":"\u00c1lvaro Fr\u00edas","image":{"@type":"ImageObject","inLanguage":"en-US","@id":"https:\/\/alvarofrias.com\/wp-content\/uploads\/2025\/05\/cropped-Picsart_25-05-27_01-33-14-792-scaled-1.png","url":"https:\/\/alvarofrias.com\/wp-content\/uploads\/2025\/05\/cropped-Picsart_25-05-27_01-33-14-792-scaled-1.png","contentUrl":"https:\/\/alvarofrias.com\/wp-content\/uploads\/2025\/05\/cropped-Picsart_25-05-27_01-33-14-792-scaled-1.png","width":512,"height":512,"caption":"\u00c1lvaro Fr\u00edas"},"logo":{"@id":"https:\/\/alvarofrias.com\/wp-content\/uploads\/2025\/05\/cropped-Picsart_25-05-27_01-33-14-792-scaled-1.png"},"description":"\u00c1lvaro Fr\u00edas, imaginero y restaurador, con taller en Alcal\u00e1 de Guada\u00edra. Formado en el taller del imaginero Antonio Jos\u00e9 Mart\u00ednez Rodr\u00edguez. Curs\u00f3 el Grado de Conservaci\u00f3n y Restauraci\u00f3n de Bienes Culturales en la Escuela Superior de Madrid, donde se especializ\u00f3 en Escultura. Su obra muestra un claro estilo naturalista, asimilado en el taller de su maestro, pero con grandes reminiscencias barrocas, influenciadas por la escuela sevillana. Adem\u00e1s, sus sentimientos religiosos hacen que sus obras transmitan piedad y devoci\u00f3n, siendo esculturas plenamente catequ\u00e9ticas con una clara funci\u00f3n evangelizadora y devocional.","sameAs":["http:\/\/www.alvarofrias.com","https:\/\/www.facebook.com\/p\/--Imaginero-y-Restaurador-61553494449802\/","https:\/\/www.instagram.com\/imaginero_alvarofrias\/","https:\/\/es.linkedin.com\/in\/alvaro-frias-nisa"],"knowsLanguage":["espa\u00f1ol","ingl\u00e9s"],"jobTitle":"Imaginero y Restaurador","worksFor":"\u00c1lvaro Fr\u00edas"}]}},"_links":{"self":[{"href":"https:\/\/alvarofrias.com\/en\/wp-json\/wp\/v2\/pages\/901","targetHints":{"allow":["GET"]}}],"collection":[{"href":"https:\/\/alvarofrias.com\/en\/wp-json\/wp\/v2\/pages"}],"about":[{"href":"https:\/\/alvarofrias.com\/en\/wp-json\/wp\/v2\/types\/page"}],"author":[{"embeddable":true,"href":"https:\/\/alvarofrias.com\/en\/wp-json\/wp\/v2\/users\/1"}],"replies":[{"embeddable":true,"href":"https:\/\/alvarofrias.com\/en\/wp-json\/wp\/v2\/comments?post=901"}],"version-history":[{"count":2,"href":"https:\/\/alvarofrias.com\/en\/wp-json\/wp\/v2\/pages\/901\/revisions"}],"predecessor-version":[{"id":1177,"href":"https:\/\/alvarofrias.com\/en\/wp-json\/wp\/v2\/pages\/901\/revisions\/1177"}],"wp:attachment":[{"href":"https:\/\/alvarofrias.com\/en\/wp-json\/wp\/v2\/media?parent=901"}],"curies":[{"name":"wp","href":"https:\/\/api.w.org\/{rel}","templated":true}]}}