{"id":888,"date":"2025-05-20T16:50:58","date_gmt":"2025-05-20T14:50:58","guid":{"rendered":"https:\/\/alvarofrias.com\/cookie-policy\/"},"modified":"2025-06-02T22:13:46","modified_gmt":"2025-06-02T20:13:46","slug":"cookie-policy","status":"publish","type":"page","link":"https:\/\/alvarofrias.com\/en\/cookie-policy\/","title":{"rendered":"COOKIE POLICY"},"content":{"rendered":"\t\t<div data-elementor-type=\"wp-page\" data-elementor-id=\"888\" class=\"elementor elementor-888 elementor-225\" data-elementor-post-type=\"page\">\n\t\t\t\t<div class=\"elementor-element elementor-element-6833bf6 e-flex e-con-boxed e-con e-parent\" data-id=\"6833bf6\" data-element_type=\"container\" data-e-type=\"container\">\n\t\t\t\t\t<div class=\"e-con-inner\">\n\t\t\t\t<div class=\"elementor-element elementor-element-867b131 elementor-widget elementor-widget-text-editor\" data-id=\"867b131\" data-element_type=\"widget\" data-e-type=\"widget\" data-widget_type=\"text-editor.default\">\n\t\t\t\t<div class=\"elementor-widget-container\">\n\t\t\t\t\t\t\t\t\t<h1><b>COOKIE POLICY<\/b><\/h1>\n<p><b>INFORMATION ABOUT COOKIES<\/b><\/p>\n<p><span style=\"font-weight: 400;\">In accordance with Law 34\/2002, of July 11, on information society services and electronic commerce (LSSI), in relation to Regulation (EU) 2016\/679 of the European Parliament and of the Council, of April 27, 2016, General Data Protection (GDPR) and Organic Law 3\/2018, of December 5, on Data Protection and Guarantee of Digital Rights (LOPDGDD), it is mandatory to obtain the express consent of the user of all websites that use non-essential cookies, before browsing them. <\/span><\/p>\n<p><span style=\"font-weight: 400;\">\u00a0<\/span><\/p>\n<p><span style=\"font-weight: 400;\">\u00a0<\/span><b>WHAT ARE COOKIES?<\/b><\/p>\n<p><span style=\"font-weight: 400;\">Cookies <\/span><span style=\"font-weight: 400;\">and other similar technologies such as local shared objects, Flash <\/span><i><span style=\"font-weight: 400;\">cookies <\/span><\/i><span style=\"font-weight: 400;\">or pixels, are tools used by web servers to store and retrieve information about their visitors, as well as to ensure the proper functioning of the site.<\/span><\/p>\n<p><span style=\"font-weight: 400;\"><br \/>\n<\/span><span style=\"font-weight: 400;\">By using these devices, the Web server is allowed to remember some data about the user, such as their preferences for viewing the pages on that server, their username and password, the products they are most interested in, etc.<\/span><\/p>\n<p><b><i>COOKIES <\/i><\/b><b>AFFECTED BY THE REGULATIONS AND EXCEPTED COOKIES<\/b><\/p>\n<p><span style=\"font-weight: 400;\">According to the EU directive, the <\/span><i><span style=\"font-weight: 400;\">cookies <\/span><\/i><span style=\"font-weight: 400;\">that require informed consent from the user are the <\/span><i><span style=\"font-weight: 400;\">cookies <\/span><\/i><span style=\"font-weight: 400;\">analytics, advertising, and affiliation cookies, with the exception of technical cookies and those necessary for the operation of the website or the provision of services expressly requested by the user.<\/span><\/p>\n<p><span style=\"font-weight: 400;\">\u00a0<\/span><\/p>\n<p><b>TYPES OF COOKIES<\/b><\/p>\n<p><b>Depending on the purpose<\/b><span style=\"font-weight: 400;\">\u00a0<\/span><\/p>\n<ul>\n<li style=\"font-weight: 400;\" aria-level=\"1\"><b><i>Technical and functional cookies<\/i><\/b><span style=\"font-weight: 400;\">: these are cookies that allow the user to navigate through a website, platform or application and use the different options or services that exist therein.<\/span><i><span style=\"font-weight: 400;\">.<\/span><\/i><span style=\"font-weight: 400;\">\u00a0<\/span><\/li>\n<li style=\"font-weight: 400;\" aria-level=\"1\"><b><i>Analytical cookies<\/i><\/b><span style=\"font-weight: 400;\">: these are cookies that allow the person responsible for them to monitor and analyze the behavior of the users of the websites to which they are linked. The information collected through this type of <\/span><i><span style=\"font-weight: 400;\">cookies<\/span><\/i><span style=\"font-weight: 400;\"> is used to measure the activity of the websites, applications or platforms and to create browsing profiles of the users of said sites, applications and platforms, in order to introduce improvements based on the analysis of the usage data made by users of the service.<\/span><\/li>\n<li style=\"font-weight: 400;\" aria-level=\"1\"><b><i>Cookies<\/i><\/b> <b>Advertising:<\/b><span style=\"font-weight: 400;\"> are those that allow the management, in the most efficient way possible, of the advertising spaces that, where appropriate, the editor has included on a web page, application or platform from which the requested service is provided based on criteria such as the edited content or the frequency with which the ads are displayed. <\/span><\/li>\n<li style=\"font-weight: 400;\" aria-level=\"1\"><b><i>Behavioral advertising cookies<\/i><\/b><span style=\"font-weight: 400;\">: these collect information about the user&#8217;s preferences and personal choices (<\/span><i><span style=\"font-weight: 400;\">retargeting<\/span><\/i><span style=\"font-weight: 400;\">) to allow the most efficient management possible of any advertising space that the publisher may have included on a website, application, or platform from which the requested service is provided.<\/span><\/li>\n<li style=\"font-weight: 400;\" aria-level=\"1\"><b><i>Social Cookies<\/i><\/b><span style=\"font-weight: 400;\">: These are set by social media platforms on the Services to allow you to share content with your friends and networks. Social media platforms have the ability to track your online activity outside of the Services. This may affect the content and messages you see on other Services you visit.<\/span><\/li>\n<li style=\"font-weight: 400;\" aria-level=\"1\"><b><i>Affiliate Cookies<\/i><\/b><span style=\"font-weight: 400;\">: These cookies allow tracking of visits from other websites with which the website has an affiliation contract (affiliate companies).<\/span><\/li>\n<li style=\"font-weight: 400;\" aria-level=\"1\"><b><i>Security cookies<\/i><\/b><span style=\"font-weight: 400;\">: These store encrypted information to prevent the data stored in them from being vulnerable to malicious attacks by third parties.<\/span><\/li>\n<\/ul>\n<p><span style=\"font-weight: 400;\"><br \/>\n<\/span><b>DEPENDING ON THE OWNER<\/b><span style=\"font-weight: 400;\">\u00a0<\/span><\/p>\n<ul>\n<li style=\"font-weight: 400;\" aria-level=\"1\"><b><i>Own cookies<\/i><\/b><b>: These are cookies that are sent to the user&#8217;s terminal equipment from a computer or domain managed by the publisher itself and from which the service requested by the user is provided. <\/b><\/li>\n<li style=\"font-weight: 400;\" aria-level=\"1\"><b><i>Third-party cookies<\/i><\/b> <b>Third-party cookies<\/b><span style=\"font-weight: 400;\"> are those that are sent to the user&#8217;s terminal equipment from a computer or domain that is not managed by the publisher, but by another entity that processes the data obtained through the cookies.<\/span><\/li>\n<\/ul>\n<p><span style=\"font-weight: 400;\"><br \/>\n<\/span><b>ACCORDING TO THE CONSERVATION PERIOD<\/b><span style=\"font-weight: 400;\">\u00a0<\/span><\/p>\n<ul>\n<li style=\"font-weight: 400;\" aria-level=\"1\"><b><i>Session cookies<\/i><\/b><b>:<\/b><span style=\"font-weight: 400;\"> are a type of <\/span><i><span style=\"font-weight: 400;\">cookie<\/span><\/i><span style=\"font-weight: 400;\"> designed to collect and store data while the user accesses a website. <\/span><\/li>\n<li style=\"font-weight: 400;\" aria-level=\"1\"><b><i>Persistent Cookies<\/i><\/b><b>:<\/b><span style=\"font-weight: 400;\"> are a type of cookie in which the data remains stored on the terminal and can be accessed and processed for a period defined by the person responsible for the <\/span><i><span style=\"font-weight: 400;\">cookie<\/span><\/i><span style=\"font-weight: 400;\">, which can range from a few minutes to several years.<\/span><\/li>\n<\/ul>\n<p><span style=\"font-weight: 400;\"><br \/>\n<\/span><b>PROCESSING OF PERSONAL DATA<\/b><span style=\"font-weight: 400;\">\u00a0<\/span><\/p>\n<p><span style=\"font-weight: 400;\">\u00c1lvaro Fr\u00edas is the <\/span><b>Controller of the processing of the personal data of the interested party and informs you that these data will be processed in accordance with the provisions of Regulation (EU) 2016\/679 of April 27, 2016 (GDPR), and therefore the following processing information is provided:<\/b><\/p>\n<p><b>Purposes of the processing: as specified in the section on cookies used on this website.<\/b><\/p>\n<p><b>Legitimacy of the processing: except in cases where that is necessary for browsing the website, with the consent of the data subject (Article 6.1 GDPR).<\/b><\/p>\n<p><b>Data retention criteria<\/b><span style=\"font-weight: 400;\">: as specified in the section on cookies used on the website.<\/span><\/p>\n<p><b>Data communication<\/b><span style=\"font-weight: 400;\">: data will not be communicated to third parties, except for cookies owned by third parties or by legal obligation.<\/span><\/p>\n<p><b>Rights of the Data Subject<\/b><span style=\"font-weight: 400;\">:<\/span><\/p>\n<ul>\n<li style=\"font-weight: 400;\" aria-level=\"1\"><span style=\"font-weight: 400;\">Right to withdraw consent at any time.<\/span><\/li>\n<li style=\"font-weight: 400;\" aria-level=\"1\"><span style=\"font-weight: 400;\">Right to access, rectify, transfer, and delete your data, and to limit or oppose its processing.<\/span><\/li>\n<li style=\"font-weight: 400;\" aria-level=\"1\"><span style=\"font-weight: 400;\">Right to lodge a complaint with the Supervisory Authority (<span style=\"text-decoration: underline;\"><span style=\"color: #800080; text-decoration: underline;\"><a style=\"color: #800080; text-decoration: underline;\" href=\"http:\/\/www.aepd.es\">www.aepd.es<\/a><\/span><\/span>) if you consider that the processing does not comply with current regulations.<\/span><\/li>\n<\/ul>\n<p><b>Contact details to exercise your rights:<\/b><\/p>\n<p><span style=\"font-weight: 400;\">You can exercise your data protection rights by writing to <span style=\"color: #800080;\"><a style=\"color: #800080;\" href=\"mailto:administracion@alvarofrias.com\"><span style=\"text-decoration: underline;\">administracion@alvarofrias.com<\/span><\/a><\/span>.<\/span><span style=\"font-weight: 400;\"><br \/>\n<\/span><\/p>\n<p><b>COOKIES USED ON THIS WEBSITE<\/b><\/p>\n<h4><b>COOKIES CONTROLLED BY THE PUBLISHER<\/b><\/h4>\n<p>No cookies controlled by the publisher are installed<\/p>\n<p><span style=\"font-weight: 400;\">\u00a0<\/span><\/p>\n<p><span style=\"font-weight: 400;\">\u00a0<\/span><\/p>\n<h4><b>THIRD-PARTY COOKIES<\/b><\/h4>\n<p><span style=\"font-weight: 400;\">Third-party services are beyond the publisher&#8217;s control. Providers may modify their terms of service, purpose, and use of cookies, etc., at any time.<\/span><\/p>\n<p><b>External providers of this website:<\/b><\/p>\n<p><span style=\"font-weight: 400;\">No cookies controlled by third parties are installed.<\/span><\/p>\n<p><span style=\"font-weight: 400;\">\u00a0<\/span><\/p>\n<p><span style=\"font-weight: 400;\">\u00a0<\/span><\/p>\n<table>\n<tbody>\n<tr>\n<td><b>HOW TO MANAGE COOKIES FROM THE BROWSER<\/b><\/td>\n<\/tr>\n<tr>\n<td><b>Delete cookies from the device\u00a0<\/b><\/td>\n<td><span style=\"font-weight: 400;\">Cookies already on a device can be deleted by clearing the browser history, which will delete cookies from all devices. visited websites.<\/span><span style=\"font-weight: 400;\"><br \/>\n<\/span><span style=\"font-weight: 400;\">However, some saved information (such as login information or website preferences) may also be lost.<\/span><\/td>\n<\/tr>\n<tr>\n<td><b>Manage site-specific cookies<\/b><\/td>\n<td><span style=\"font-weight: 400;\">For more precise control over site-specific cookies, users can adjust their privacy and cookie settings in their browser.<\/span><\/td>\n<\/tr>\n<tr>\n<td><b>Block cookies<\/b><\/td>\n<td><span style=\"font-weight: 400;\">Although most modern browsers can be configured to prevent cookies from being placed on devices, this may require manual adjustment of certain preferences each time you visit a site or page. In addition, some services and features may not work properly (for example, profile logins).<\/span><\/td>\n<\/tr>\n<\/tbody>\n<\/table>\n<p><\/p>\n<h1><\/h1>\n<p><\/p>\n<table>\n<tbody>\n<tr>\n<td><b>HOW TO DELETE COOKIES FROM THE MOST COMMON BROWSERS<\/b><\/td>\n<\/tr>\n<tr>\n<td><b>Chrome<\/b><\/td>\n<td><a href=\"http:\/\/support.google.com\/chrome\/answer\/95647?hl=es\"><span style=\"font-weight: 400;\">http:\/\/support.google.com\/chrome\/answer\/95647?hl=es<\/span><\/a><\/td>\n<\/tr>\n<tr>\n<td><b>Edge<\/b><\/td>\n<td><a href=\"https:\/\/support.microsoft.com\/es-es\/microsoft-edge\/eliminar-las-cookies-en-microsoft-edge-63947406-40ac-c3b8-57b9-2a946a29ae09\"><span style=\"font-weight: 400;\">https:\/\/support.microsoft.com\/es-es\/microsoft-edge\/eliminar-las-cookies-en-microsoft-edge-63947406-40ac-c3b8-57b9-2a946a29ae09<\/span><\/a><\/td>\n<\/tr>\n<tr>\n<td><b>Explorer<\/b><\/td>\n<td><a href=\"https:\/\/support.microsoft.com\/es-es\/help\/278835\/how-to-delete-cookie-files-in-internet-explorer\"><span style=\"font-weight: 400;\">https:\/\/support.microsoft.com\/es-es\/help\/278835\/how-to-delete-cookie-files-in-internet-explorer<\/span><\/a><\/td>\n<\/tr>\n<tr>\n<td><b>Firefox <\/b><\/td>\n<td><a href=\"https:\/\/www.mozilla.org\/es-ES\/privacy\/websites\/#cookies\"><span style=\"font-weight: 400;\">https:\/\/www.mozilla.org\/es-ES\/privacy\/websites\/#cookies<\/span><\/a><\/td>\n<\/tr>\n<tr>\n<td><b>Safari<\/b><\/td>\n<td><a href=\"https:\/\/support.apple.com\/es-es\/guide\/safari\/sfri11471\/mac\"><span style=\"font-weight: 400;\">https:\/\/support.apple.com\/es-es\/guide\/safari\/sfri11471\/mac<\/span><\/a><\/td>\n<\/tr>\n<tr>\n<td><b>Opera<\/b><\/td>\n<td><a href=\"https:\/\/help.opera.com\/en\/latest\/security-and-privacy\/#clearBrowsingData\"><span style=\"font-weight: 400;\">https:\/\/help.opera.com\/en\/latest\/security-and-privacy\/#clearBrowsingData<\/span><\/a><\/td>\n<\/tr>\n<\/tbody>\n<\/table>\n\t\t\t\t\t\t\t\t<\/div>\n\t\t\t\t<\/div>\n\t\t\t\t\t<\/div>\n\t\t\t\t<\/div>\n\t\t\t\t<\/div>\n\t\t","protected":false},"excerpt":{"rendered":"<p>COOKIE POLICY INFORMATION ABOUT COOKIES In accordance with Law 34\/2002, of July 11, on information society services and electronic commerce (LSSI), in relation to Regulation (EU) 2016\/679 of the European Parliament and of the Council, of April 27, 2016, General Data Protection (GDPR) and Organic Law 3\/2018, of December 5, on Data Protection and Guarantee [&hellip;]<\/p>\n","protected":false},"author":1,"featured_media":0,"parent":0,"menu_order":0,"comment_status":"closed","ping_status":"closed","template":"","meta":{"_joinchat":[],"footnotes":""},"class_list":["post-888","page","type-page","status-publish","hentry"],"yoast_head":"<!-- This site is optimized with the Yoast SEO Premium plugin v27.4 (Yoast SEO v27.5) - https:\/\/yoast.com\/product\/yoast-seo-premium-wordpress\/ -->\n<title>COOKIE POLICY | \u00c1lvaro Fr\u00edas<\/title>\n<meta name=\"robots\" content=\"noindex, nofollow\" \/>\n<meta property=\"og:locale\" content=\"en_US\" \/>\n<meta property=\"og:type\" content=\"article\" \/>\n<meta property=\"og:title\" content=\"COOKIE POLICY\" \/>\n<meta property=\"og:description\" content=\"COOKIE POLICY INFORMATION ABOUT COOKIES In accordance with Law 34\/2002, of July 11, on information society services and electronic commerce (LSSI), in relation to Regulation (EU) 2016\/679 of the European Parliament and of the Council, of April 27, 2016, General Data Protection (GDPR) and Organic Law 3\/2018, of December 5, on Data Protection and Guarantee [&hellip;]\" \/>\n<meta property=\"og:url\" content=\"https:\/\/alvarofrias.com\/politica-de-cookies\/\" \/>\n<meta property=\"og:site_name\" content=\"\u00c1lvaro Fr\u00edas\" \/>\n<meta property=\"article:publisher\" content=\"https:\/\/www.facebook.com\/p\/--Imaginero-y-Restaurador-61553494449802\/\" \/>\n<meta property=\"article:modified_time\" content=\"2025-06-02T20:13:46+00:00\" \/>\n<meta property=\"og:image\" content=\"https:\/\/alvarofrias.com\/wp-content\/uploads\/2025\/07\/Logo-vertical-scaled.jpg\" \/>\n\t<meta property=\"og:image:width\" content=\"2560\" \/>\n\t<meta property=\"og:image:height\" content=\"1440\" \/>\n\t<meta property=\"og:image:type\" content=\"image\/jpeg\" \/>\n<meta name=\"twitter:card\" content=\"summary_large_image\" \/>\n<meta name=\"twitter:label1\" content=\"Est. reading time\" \/>\n\t<meta name=\"twitter:data1\" content=\"6 minutes\" \/>\n<script type=\"application\/ld+json\" class=\"yoast-schema-graph\">{\"@context\":\"https:\\\/\\\/schema.org\",\"@graph\":[{\"@type\":\"WebPage\",\"@id\":\"https:\\\/\\\/alvarofrias.com\\\/politica-de-cookies\\\/\",\"url\":\"https:\\\/\\\/alvarofrias.com\\\/politica-de-cookies\\\/\",\"name\":\"COOKIE POLICY | \u00c1lvaro Fr\u00edas\",\"isPartOf\":{\"@id\":\"https:\\\/\\\/alvarofrias.com\\\/#website\"},\"datePublished\":\"2025-05-20T14:50:58+00:00\",\"dateModified\":\"2025-06-02T20:13:46+00:00\",\"breadcrumb\":{\"@id\":\"https:\\\/\\\/alvarofrias.com\\\/politica-de-cookies\\\/#breadcrumb\"},\"inLanguage\":\"en-US\",\"potentialAction\":[{\"@type\":\"ReadAction\",\"target\":[\"https:\\\/\\\/alvarofrias.com\\\/politica-de-cookies\\\/\"]}]},{\"@type\":\"BreadcrumbList\",\"@id\":\"https:\\\/\\\/alvarofrias.com\\\/politica-de-cookies\\\/#breadcrumb\",\"itemListElement\":[{\"@type\":\"ListItem\",\"position\":1,\"name\":\"Portada\",\"item\":\"https:\\\/\\\/alvarofrias.com\\\/\"},{\"@type\":\"ListItem\",\"position\":2,\"name\":\"COOKIE POLICY\"}]},{\"@type\":\"WebSite\",\"@id\":\"https:\\\/\\\/alvarofrias.com\\\/#website\",\"url\":\"https:\\\/\\\/alvarofrias.com\\\/\",\"name\":\"\u00c1lvaro Fr\u00edas\",\"description\":\"Imaginero y Restaurador\",\"publisher\":{\"@id\":\"https:\\\/\\\/alvarofrias.com\\\/#\\\/schema\\\/person\\\/3840bca3322ad7c84fa331dc30692152\"},\"alternateName\":\"\u00c1lvaro Fr\u00edas\",\"potentialAction\":[{\"@type\":\"SearchAction\",\"target\":{\"@type\":\"EntryPoint\",\"urlTemplate\":\"https:\\\/\\\/alvarofrias.com\\\/?s={search_term_string}\"},\"query-input\":{\"@type\":\"PropertyValueSpecification\",\"valueRequired\":true,\"valueName\":\"search_term_string\"}}],\"inLanguage\":\"en-US\"},{\"@type\":[\"Person\",\"Organization\"],\"@id\":\"https:\\\/\\\/alvarofrias.com\\\/#\\\/schema\\\/person\\\/3840bca3322ad7c84fa331dc30692152\",\"name\":\"\u00c1lvaro Fr\u00edas\",\"image\":{\"@type\":\"ImageObject\",\"inLanguage\":\"en-US\",\"@id\":\"https:\\\/\\\/alvarofrias.com\\\/wp-content\\\/uploads\\\/2025\\\/05\\\/cropped-Picsart_25-05-27_01-33-14-792-scaled-1.png\",\"url\":\"https:\\\/\\\/alvarofrias.com\\\/wp-content\\\/uploads\\\/2025\\\/05\\\/cropped-Picsart_25-05-27_01-33-14-792-scaled-1.png\",\"contentUrl\":\"https:\\\/\\\/alvarofrias.com\\\/wp-content\\\/uploads\\\/2025\\\/05\\\/cropped-Picsart_25-05-27_01-33-14-792-scaled-1.png\",\"width\":512,\"height\":512,\"caption\":\"\u00c1lvaro Fr\u00edas\"},\"logo\":{\"@id\":\"https:\\\/\\\/alvarofrias.com\\\/wp-content\\\/uploads\\\/2025\\\/05\\\/cropped-Picsart_25-05-27_01-33-14-792-scaled-1.png\"},\"description\":\"\u00c1lvaro Fr\u00edas, imaginero y restaurador, con taller en Alcal\u00e1 de Guada\u00edra. Formado en el taller del imaginero Antonio Jos\u00e9 Mart\u00ednez Rodr\u00edguez. Curs\u00f3 el Grado de Conservaci\u00f3n y Restauraci\u00f3n de Bienes Culturales en la Escuela Superior de Madrid, donde se especializ\u00f3 en Escultura. Su obra muestra un claro estilo naturalista, asimilado en el taller de su maestro, pero con grandes reminiscencias barrocas, influenciadas por la escuela sevillana. Adem\u00e1s, sus sentimientos religiosos hacen que sus obras transmitan piedad y devoci\u00f3n, siendo esculturas plenamente catequ\u00e9ticas con una clara funci\u00f3n evangelizadora y devocional.\",\"sameAs\":[\"http:\\\/\\\/www.alvarofrias.com\",\"https:\\\/\\\/www.facebook.com\\\/p\\\/--Imaginero-y-Restaurador-61553494449802\\\/\",\"https:\\\/\\\/www.instagram.com\\\/imaginero_alvarofrias\\\/\",\"https:\\\/\\\/es.linkedin.com\\\/in\\\/alvaro-frias-nisa\"],\"knowsLanguage\":[\"espa\u00f1ol\",\"ingl\u00e9s\"],\"jobTitle\":\"Imaginero y Restaurador\",\"worksFor\":\"\u00c1lvaro Fr\u00edas\"}]}<\/script>\n<!-- \/ Yoast SEO Premium plugin. -->","yoast_head_json":{"title":"COOKIE POLICY | \u00c1lvaro Fr\u00edas","robots":{"index":"noindex","follow":"nofollow"},"og_locale":"en_US","og_type":"article","og_title":"COOKIE POLICY","og_description":"COOKIE POLICY INFORMATION ABOUT COOKIES In accordance with Law 34\/2002, of July 11, on information society services and electronic commerce (LSSI), in relation to Regulation (EU) 2016\/679 of the European Parliament and of the Council, of April 27, 2016, General Data Protection (GDPR) and Organic Law 3\/2018, of December 5, on Data Protection and Guarantee [&hellip;]","og_url":"https:\/\/alvarofrias.com\/politica-de-cookies\/","og_site_name":"\u00c1lvaro Fr\u00edas","article_publisher":"https:\/\/www.facebook.com\/p\/--Imaginero-y-Restaurador-61553494449802\/","article_modified_time":"2025-06-02T20:13:46+00:00","og_image":[{"width":2560,"height":1440,"url":"https:\/\/alvarofrias.com\/wp-content\/uploads\/2025\/07\/Logo-vertical-scaled.jpg","type":"image\/jpeg"}],"twitter_card":"summary_large_image","twitter_misc":{"Est. reading time":"6 minutes"},"schema":{"@context":"https:\/\/schema.org","@graph":[{"@type":"WebPage","@id":"https:\/\/alvarofrias.com\/politica-de-cookies\/","url":"https:\/\/alvarofrias.com\/politica-de-cookies\/","name":"COOKIE POLICY | \u00c1lvaro Fr\u00edas","isPartOf":{"@id":"https:\/\/alvarofrias.com\/#website"},"datePublished":"2025-05-20T14:50:58+00:00","dateModified":"2025-06-02T20:13:46+00:00","breadcrumb":{"@id":"https:\/\/alvarofrias.com\/politica-de-cookies\/#breadcrumb"},"inLanguage":"en-US","potentialAction":[{"@type":"ReadAction","target":["https:\/\/alvarofrias.com\/politica-de-cookies\/"]}]},{"@type":"BreadcrumbList","@id":"https:\/\/alvarofrias.com\/politica-de-cookies\/#breadcrumb","itemListElement":[{"@type":"ListItem","position":1,"name":"Portada","item":"https:\/\/alvarofrias.com\/"},{"@type":"ListItem","position":2,"name":"COOKIE POLICY"}]},{"@type":"WebSite","@id":"https:\/\/alvarofrias.com\/#website","url":"https:\/\/alvarofrias.com\/","name":"\u00c1lvaro Fr\u00edas","description":"Imaginero y Restaurador","publisher":{"@id":"https:\/\/alvarofrias.com\/#\/schema\/person\/3840bca3322ad7c84fa331dc30692152"},"alternateName":"\u00c1lvaro Fr\u00edas","potentialAction":[{"@type":"SearchAction","target":{"@type":"EntryPoint","urlTemplate":"https:\/\/alvarofrias.com\/?s={search_term_string}"},"query-input":{"@type":"PropertyValueSpecification","valueRequired":true,"valueName":"search_term_string"}}],"inLanguage":"en-US"},{"@type":["Person","Organization"],"@id":"https:\/\/alvarofrias.com\/#\/schema\/person\/3840bca3322ad7c84fa331dc30692152","name":"\u00c1lvaro Fr\u00edas","image":{"@type":"ImageObject","inLanguage":"en-US","@id":"https:\/\/alvarofrias.com\/wp-content\/uploads\/2025\/05\/cropped-Picsart_25-05-27_01-33-14-792-scaled-1.png","url":"https:\/\/alvarofrias.com\/wp-content\/uploads\/2025\/05\/cropped-Picsart_25-05-27_01-33-14-792-scaled-1.png","contentUrl":"https:\/\/alvarofrias.com\/wp-content\/uploads\/2025\/05\/cropped-Picsart_25-05-27_01-33-14-792-scaled-1.png","width":512,"height":512,"caption":"\u00c1lvaro Fr\u00edas"},"logo":{"@id":"https:\/\/alvarofrias.com\/wp-content\/uploads\/2025\/05\/cropped-Picsart_25-05-27_01-33-14-792-scaled-1.png"},"description":"\u00c1lvaro Fr\u00edas, imaginero y restaurador, con taller en Alcal\u00e1 de Guada\u00edra. Formado en el taller del imaginero Antonio Jos\u00e9 Mart\u00ednez Rodr\u00edguez. Curs\u00f3 el Grado de Conservaci\u00f3n y Restauraci\u00f3n de Bienes Culturales en la Escuela Superior de Madrid, donde se especializ\u00f3 en Escultura. Su obra muestra un claro estilo naturalista, asimilado en el taller de su maestro, pero con grandes reminiscencias barrocas, influenciadas por la escuela sevillana. Adem\u00e1s, sus sentimientos religiosos hacen que sus obras transmitan piedad y devoci\u00f3n, siendo esculturas plenamente catequ\u00e9ticas con una clara funci\u00f3n evangelizadora y devocional.","sameAs":["http:\/\/www.alvarofrias.com","https:\/\/www.facebook.com\/p\/--Imaginero-y-Restaurador-61553494449802\/","https:\/\/www.instagram.com\/imaginero_alvarofrias\/","https:\/\/es.linkedin.com\/in\/alvaro-frias-nisa"],"knowsLanguage":["espa\u00f1ol","ingl\u00e9s"],"jobTitle":"Imaginero y Restaurador","worksFor":"\u00c1lvaro Fr\u00edas"}]}},"_links":{"self":[{"href":"https:\/\/alvarofrias.com\/en\/wp-json\/wp\/v2\/pages\/888","targetHints":{"allow":["GET"]}}],"collection":[{"href":"https:\/\/alvarofrias.com\/en\/wp-json\/wp\/v2\/pages"}],"about":[{"href":"https:\/\/alvarofrias.com\/en\/wp-json\/wp\/v2\/types\/page"}],"author":[{"embeddable":true,"href":"https:\/\/alvarofrias.com\/en\/wp-json\/wp\/v2\/users\/1"}],"replies":[{"embeddable":true,"href":"https:\/\/alvarofrias.com\/en\/wp-json\/wp\/v2\/comments?post=888"}],"version-history":[{"count":0,"href":"https:\/\/alvarofrias.com\/en\/wp-json\/wp\/v2\/pages\/888\/revisions"}],"wp:attachment":[{"href":"https:\/\/alvarofrias.com\/en\/wp-json\/wp\/v2\/media?parent=888"}],"curies":[{"name":"wp","href":"https:\/\/api.w.org\/{rel}","templated":true}]}}