{"id":886,"date":"2025-05-20T16:51:25","date_gmt":"2025-05-20T14:51:25","guid":{"rendered":"https:\/\/alvarofrias.com\/privacy-policy\/"},"modified":"2025-06-02T22:12:44","modified_gmt":"2025-06-02T20:12:44","slug":"privacy-policy","status":"publish","type":"page","link":"https:\/\/alvarofrias.com\/en\/privacy-policy\/","title":{"rendered":"PRIVACY POLICY"},"content":{"rendered":"\t\t<div data-elementor-type=\"wp-page\" data-elementor-id=\"886\" class=\"elementor elementor-886 elementor-228\" data-elementor-post-type=\"page\">\n\t\t\t\t<div class=\"elementor-element elementor-element-4d8d423 e-flex e-con-boxed e-con e-parent\" data-id=\"4d8d423\" data-element_type=\"container\" data-e-type=\"container\">\n\t\t\t\t\t<div class=\"e-con-inner\">\n\t\t\t\t<div class=\"elementor-element elementor-element-b6e1a30 elementor-widget elementor-widget-text-editor\" data-id=\"b6e1a30\" data-element_type=\"widget\" data-e-type=\"widget\" data-widget_type=\"text-editor.default\">\n\t\t\t\t<div class=\"elementor-widget-container\">\n\t\t\t\t\t\t\t\t\t<h1><b>PRIVACY POLICY<\/b><\/h1>\n<p><\/p>\n<ol>\n<li><b>USER INFORMATION<\/b><\/li>\n<\/ol>\n<p><b>Who is responsible for the processing of your personal data?<\/b><\/p>\n<p><span style=\"font-weight: 400;\">\u00c1lvaro Fr\u00edas is the CONTROLLER of the USER&#8217;s personal data and informs you that these data will be processed in accordance with the provisions of Regulation (EU) 2016\/679 of April 27 (GDPR) and Organic Law 3\/2018 of December 5 (LOPDGDD).<\/span><\/p>\n<p><b>Why do we process your personal data and why do we do it?<\/b><\/p>\n<p><span style=\"font-weight: 400;\">According to the form where we obtained your personal data, we will treat them confidentially to achieve the following: Purposes:<\/span><\/p>\n<p><span style=\"font-weight: 400;\">In the <\/span><b>Comments<\/b> form<\/p>\n<ul>\n<li style=\"font-weight: 400;\" aria-level=\"1\"><span style=\"font-weight: 400;\">Moderate and publish opinions about a post on the website. <\/span><span style=\"font-weight: 400;\"><br \/>\n<\/span><span style=\"font-weight: 400;\">(<\/span><i><span style=\"font-weight: 400;\">by the consent of the interested party, 6.1.a GDPR<\/span><\/i><span style=\"font-weight: 400;\">)<\/span><\/li>\n<\/ul>\n<p><span style=\"font-weight: 400;\">In the <\/span><b>Contact<\/b> form<\/p>\n<ul>\n<li style=\"font-weight: 400;\" aria-level=\"1\"><span style=\"font-weight: 400;\">Respond to queries or any type of request made by the user through any of the contact forms made available on the controller&#8217;s website. <\/span><span style=\"font-weight: 400;\"><br \/>\n<\/span><span style=\"font-weight: 400;\">(<\/span><i><span style=\"font-weight: 400;\">for the legitimate interest of the person responsible, art. 6.1.f GDPR<\/span><\/i><span style=\"font-weight: 400;\">)<\/span><\/li>\n<li style=\"font-weight: 400;\" aria-level=\"1\"><span style=\"font-weight: 400;\">Perform statistical analysis and market studies. <\/span><span style=\"font-weight: 400;\"><br \/>\n<\/span><span style=\"font-weight: 400;\">(<\/span><i><span style=\"font-weight: 400;\">based on the legitimate interest of the controller, Article 6.1.f GDPR<\/span><\/i><span style=\"font-weight: 400;\">)<\/span><\/li>\n<\/ul>\n<p><b>How long will we keep your personal data?<\/b><\/p>\n<p><span style=\"font-weight: 400;\">They will be kept for no longer than necessary to maintain the purpose of the processing or there are legal requirements that dictate their custody and when it is no longer necessary for this, they will be deleted with appropriate security measures to guarantee the anonymization of the data or their total destruction. <\/span><\/p>\n<p><b>To whom do we provide your personal data?<\/b><\/p>\n<p><span style=\"font-weight: 400;\">No communication of personal data to third parties is planned, except, if necessary for the development and execution of the purposes of the processing, to our communication-related service providers, with whom the CONTROLLER has signed the confidentiality and data processor agreements required by current privacy regulations.<\/span><\/p>\n<p><b>What are your rights?<\/b><\/p>\n<p><span style=\"font-weight: 400;\">The rights of the USER are:<\/span><\/p>\n<ul>\n<li style=\"font-weight: 400;\" aria-level=\"1\"><span style=\"font-weight: 400;\">Right to withdraw consent at any time.<\/span><\/li>\n<li style=\"font-weight: 400;\" aria-level=\"1\"><span style=\"font-weight: 400;\">Right to access, rectify, transfer, and delete your data, and to limit or oppose its processing.<\/span><\/li>\n<li style=\"font-weight: 400;\" aria-level=\"1\"><span style=\"font-weight: 400;\">Right to lodge a complaint with the supervisory authority (<span style=\"text-decoration: underline;\"><span style=\"color: #800080; text-decoration: underline;\"><a style=\"color: #800080; text-decoration: underline;\" href=\"http:\/\/www.aepd.es\">www.aepd.es<\/a><\/span><\/span>) if you consider that the processing does not comply with current regulations.<\/span><\/li>\n<\/ul>\n<p><b>Contact details to exercise your rights<\/b><span style=\"font-weight: 400;\">:<\/span><\/p>\n<p><span style=\"font-weight: 400;\">You can exercise your data protection rights by writing to <span style=\"text-decoration: underline;\"><span style=\"color: #800080; text-decoration: underline;\"><a style=\"color: #800080; text-decoration: underline;\" href=\"mailto:administracion@alvarofrias.com\">administracion@alvarofrias.com<\/a><\/span><\/span>.<\/span><\/p>\n<ol start=\"2\">\n<li><b>MANDATORY OR OPTIONAL NATURE OF THE INFORMATION PROVIDED BY THE USER<\/b><\/li>\n<\/ol>\n<p><span style=\"font-weight: 400;\">By checking the corresponding boxes and entering data in the fields marked with an asterisk (*) in the contact form or presented in download forms, USERS expressly, freely, and unequivocally accept that their data is necessary for the provider to process their request. The inclusion of data in the remaining fields is voluntary.The USER guarantees that the personal data provided to the CONTROLLER is accurate and is responsible for communicating any changes to it.<\/span><\/p>\n<p>The CONTROLLER informs you that all data requested through the website is mandatory, as it is necessary to provide the USER with an optimal service. In the event that not all data is provided, there is no guarantee that the information and services provided will be completely tailored to your needs.<\/p>\n<ol start=\"3\">\n<li><b>SECURITY MEASURES<\/b><\/li>\n<\/ol>\n<p><span style=\"font-weight: 400;\">In accordance with the provisions of current regulations on personal data protection, the CONTROLLER is complying with all provisions of the GDPR and LOPDGDD regulations for the processing of personal data under its responsibility, and manifestly with the principles described in Article 5 of the GDPR, by which they are processed lawfully, fairly, and transparently in relation to the data subject and adequate, relevant, and limited to what is necessary in relation to the purposes for which they are processed.<\/span><\/p>\n<p><span style=\"font-weight: 400;\">The CONTROLLER guarantees that it has implemented appropriate technical and organizational policies to apply the security measures established by the GDPR and the LOPDGDD in order to protect the rights and freedoms of USERS and has provided them with the appropriate information so they can exercise them.<\/span><\/p>\n<p><span style=\"font-weight: 400;\">For more information on privacy guarantees, you can contact the<\/span> <span style=\"font-weight: 400;\">RESPONSIBLE via email <span style=\"text-decoration: underline;\"><span style=\"color: #800080; text-decoration: underline;\"><a style=\"color: #800080; text-decoration: underline;\" href=\"mailto:administracion@alvarofrias.com\"><span style=\"color: #800080; text-decoration: underline;\">administracion@alvarofrias.co<\/span><\/a><\/span><span style=\"color: #800080; text-decoration: underline;\">m<\/span><\/span>.<\/span><\/p>\n\t\t\t\t\t\t\t\t<\/div>\n\t\t\t\t<\/div>\n\t\t\t\t\t<\/div>\n\t\t\t\t<\/div>\n\t\t\t\t<\/div>\n\t\t","protected":false},"excerpt":{"rendered":"<p>PRIVACY POLICY USER INFORMATION Who is responsible for the processing of your personal data? \u00c1lvaro Fr\u00edas is the CONTROLLER of the USER&#8217;s personal data and informs you that these data will be processed in accordance with the provisions of Regulation (EU) 2016\/679 of April 27 (GDPR) and Organic Law 3\/2018 of December 5 (LOPDGDD). Why [&hellip;]<\/p>\n","protected":false},"author":1,"featured_media":0,"parent":0,"menu_order":0,"comment_status":"closed","ping_status":"closed","template":"","meta":{"_joinchat":[],"footnotes":""},"class_list":["post-886","page","type-page","status-publish","hentry"],"yoast_head":"<!-- This site is optimized with the Yoast SEO Premium plugin v27.4 (Yoast SEO v27.5) - https:\/\/yoast.com\/product\/yoast-seo-premium-wordpress\/ -->\n<title>PRIVACY POLICY | \u00c1lvaro Fr\u00edas<\/title>\n<meta name=\"robots\" content=\"noindex, nofollow\" \/>\n<meta property=\"og:locale\" content=\"en_US\" \/>\n<meta property=\"og:type\" content=\"article\" \/>\n<meta property=\"og:title\" content=\"PRIVACY POLICY\" \/>\n<meta property=\"og:description\" content=\"PRIVACY POLICY USER INFORMATION Who is responsible for the processing of your personal data? \u00c1lvaro Fr\u00edas is the CONTROLLER of the USER&#8217;s personal data and informs you that these data will be processed in accordance with the provisions of Regulation (EU) 2016\/679 of April 27 (GDPR) and Organic Law 3\/2018 of December 5 (LOPDGDD). Why [&hellip;]\" \/>\n<meta property=\"og:url\" content=\"https:\/\/alvarofrias.com\/politica-de-privacidad\/\" \/>\n<meta property=\"og:site_name\" content=\"\u00c1lvaro Fr\u00edas\" \/>\n<meta property=\"article:publisher\" content=\"https:\/\/www.facebook.com\/p\/--Imaginero-y-Restaurador-61553494449802\/\" \/>\n<meta property=\"article:modified_time\" content=\"2025-06-02T20:12:44+00:00\" \/>\n<meta property=\"og:image\" content=\"https:\/\/alvarofrias.com\/wp-content\/uploads\/2025\/07\/Logo-vertical-scaled.jpg\" \/>\n\t<meta property=\"og:image:width\" content=\"2560\" \/>\n\t<meta property=\"og:image:height\" content=\"1440\" \/>\n\t<meta property=\"og:image:type\" content=\"image\/jpeg\" \/>\n<meta name=\"twitter:card\" content=\"summary_large_image\" \/>\n<meta name=\"twitter:label1\" content=\"Est. reading time\" \/>\n\t<meta name=\"twitter:data1\" content=\"3 minutes\" \/>\n<script type=\"application\/ld+json\" class=\"yoast-schema-graph\">{\"@context\":\"https:\\\/\\\/schema.org\",\"@graph\":[{\"@type\":\"WebPage\",\"@id\":\"https:\\\/\\\/alvarofrias.com\\\/politica-de-privacidad\\\/\",\"url\":\"https:\\\/\\\/alvarofrias.com\\\/politica-de-privacidad\\\/\",\"name\":\"PRIVACY POLICY | \u00c1lvaro Fr\u00edas\",\"isPartOf\":{\"@id\":\"https:\\\/\\\/alvarofrias.com\\\/#website\"},\"datePublished\":\"2025-05-20T14:51:25+00:00\",\"dateModified\":\"2025-06-02T20:12:44+00:00\",\"breadcrumb\":{\"@id\":\"https:\\\/\\\/alvarofrias.com\\\/politica-de-privacidad\\\/#breadcrumb\"},\"inLanguage\":\"en-US\",\"potentialAction\":[{\"@type\":\"ReadAction\",\"target\":[\"https:\\\/\\\/alvarofrias.com\\\/politica-de-privacidad\\\/\"]}]},{\"@type\":\"BreadcrumbList\",\"@id\":\"https:\\\/\\\/alvarofrias.com\\\/politica-de-privacidad\\\/#breadcrumb\",\"itemListElement\":[{\"@type\":\"ListItem\",\"position\":1,\"name\":\"Portada\",\"item\":\"https:\\\/\\\/alvarofrias.com\\\/\"},{\"@type\":\"ListItem\",\"position\":2,\"name\":\"PRIVACY POLICY\"}]},{\"@type\":\"WebSite\",\"@id\":\"https:\\\/\\\/alvarofrias.com\\\/#website\",\"url\":\"https:\\\/\\\/alvarofrias.com\\\/\",\"name\":\"\u00c1lvaro Fr\u00edas\",\"description\":\"Imaginero y Restaurador\",\"publisher\":{\"@id\":\"https:\\\/\\\/alvarofrias.com\\\/#\\\/schema\\\/person\\\/3840bca3322ad7c84fa331dc30692152\"},\"alternateName\":\"\u00c1lvaro Fr\u00edas\",\"potentialAction\":[{\"@type\":\"SearchAction\",\"target\":{\"@type\":\"EntryPoint\",\"urlTemplate\":\"https:\\\/\\\/alvarofrias.com\\\/?s={search_term_string}\"},\"query-input\":{\"@type\":\"PropertyValueSpecification\",\"valueRequired\":true,\"valueName\":\"search_term_string\"}}],\"inLanguage\":\"en-US\"},{\"@type\":[\"Person\",\"Organization\"],\"@id\":\"https:\\\/\\\/alvarofrias.com\\\/#\\\/schema\\\/person\\\/3840bca3322ad7c84fa331dc30692152\",\"name\":\"\u00c1lvaro Fr\u00edas\",\"image\":{\"@type\":\"ImageObject\",\"inLanguage\":\"en-US\",\"@id\":\"https:\\\/\\\/alvarofrias.com\\\/wp-content\\\/uploads\\\/2025\\\/05\\\/cropped-Picsart_25-05-27_01-33-14-792-scaled-1.png\",\"url\":\"https:\\\/\\\/alvarofrias.com\\\/wp-content\\\/uploads\\\/2025\\\/05\\\/cropped-Picsart_25-05-27_01-33-14-792-scaled-1.png\",\"contentUrl\":\"https:\\\/\\\/alvarofrias.com\\\/wp-content\\\/uploads\\\/2025\\\/05\\\/cropped-Picsart_25-05-27_01-33-14-792-scaled-1.png\",\"width\":512,\"height\":512,\"caption\":\"\u00c1lvaro Fr\u00edas\"},\"logo\":{\"@id\":\"https:\\\/\\\/alvarofrias.com\\\/wp-content\\\/uploads\\\/2025\\\/05\\\/cropped-Picsart_25-05-27_01-33-14-792-scaled-1.png\"},\"description\":\"\u00c1lvaro Fr\u00edas, imaginero y restaurador, con taller en Alcal\u00e1 de Guada\u00edra. Formado en el taller del imaginero Antonio Jos\u00e9 Mart\u00ednez Rodr\u00edguez. Curs\u00f3 el Grado de Conservaci\u00f3n y Restauraci\u00f3n de Bienes Culturales en la Escuela Superior de Madrid, donde se especializ\u00f3 en Escultura. Su obra muestra un claro estilo naturalista, asimilado en el taller de su maestro, pero con grandes reminiscencias barrocas, influenciadas por la escuela sevillana. Adem\u00e1s, sus sentimientos religiosos hacen que sus obras transmitan piedad y devoci\u00f3n, siendo esculturas plenamente catequ\u00e9ticas con una clara funci\u00f3n evangelizadora y devocional.\",\"sameAs\":[\"http:\\\/\\\/www.alvarofrias.com\",\"https:\\\/\\\/www.facebook.com\\\/p\\\/--Imaginero-y-Restaurador-61553494449802\\\/\",\"https:\\\/\\\/www.instagram.com\\\/imaginero_alvarofrias\\\/\",\"https:\\\/\\\/es.linkedin.com\\\/in\\\/alvaro-frias-nisa\"],\"knowsLanguage\":[\"espa\u00f1ol\",\"ingl\u00e9s\"],\"jobTitle\":\"Imaginero y Restaurador\",\"worksFor\":\"\u00c1lvaro Fr\u00edas\"}]}<\/script>\n<!-- \/ Yoast SEO Premium plugin. -->","yoast_head_json":{"title":"PRIVACY POLICY | \u00c1lvaro Fr\u00edas","robots":{"index":"noindex","follow":"nofollow"},"og_locale":"en_US","og_type":"article","og_title":"PRIVACY POLICY","og_description":"PRIVACY POLICY USER INFORMATION Who is responsible for the processing of your personal data? \u00c1lvaro Fr\u00edas is the CONTROLLER of the USER&#8217;s personal data and informs you that these data will be processed in accordance with the provisions of Regulation (EU) 2016\/679 of April 27 (GDPR) and Organic Law 3\/2018 of December 5 (LOPDGDD). Why [&hellip;]","og_url":"https:\/\/alvarofrias.com\/politica-de-privacidad\/","og_site_name":"\u00c1lvaro Fr\u00edas","article_publisher":"https:\/\/www.facebook.com\/p\/--Imaginero-y-Restaurador-61553494449802\/","article_modified_time":"2025-06-02T20:12:44+00:00","og_image":[{"width":2560,"height":1440,"url":"https:\/\/alvarofrias.com\/wp-content\/uploads\/2025\/07\/Logo-vertical-scaled.jpg","type":"image\/jpeg"}],"twitter_card":"summary_large_image","twitter_misc":{"Est. reading time":"3 minutes"},"schema":{"@context":"https:\/\/schema.org","@graph":[{"@type":"WebPage","@id":"https:\/\/alvarofrias.com\/politica-de-privacidad\/","url":"https:\/\/alvarofrias.com\/politica-de-privacidad\/","name":"PRIVACY POLICY | \u00c1lvaro Fr\u00edas","isPartOf":{"@id":"https:\/\/alvarofrias.com\/#website"},"datePublished":"2025-05-20T14:51:25+00:00","dateModified":"2025-06-02T20:12:44+00:00","breadcrumb":{"@id":"https:\/\/alvarofrias.com\/politica-de-privacidad\/#breadcrumb"},"inLanguage":"en-US","potentialAction":[{"@type":"ReadAction","target":["https:\/\/alvarofrias.com\/politica-de-privacidad\/"]}]},{"@type":"BreadcrumbList","@id":"https:\/\/alvarofrias.com\/politica-de-privacidad\/#breadcrumb","itemListElement":[{"@type":"ListItem","position":1,"name":"Portada","item":"https:\/\/alvarofrias.com\/"},{"@type":"ListItem","position":2,"name":"PRIVACY POLICY"}]},{"@type":"WebSite","@id":"https:\/\/alvarofrias.com\/#website","url":"https:\/\/alvarofrias.com\/","name":"\u00c1lvaro Fr\u00edas","description":"Imaginero y Restaurador","publisher":{"@id":"https:\/\/alvarofrias.com\/#\/schema\/person\/3840bca3322ad7c84fa331dc30692152"},"alternateName":"\u00c1lvaro Fr\u00edas","potentialAction":[{"@type":"SearchAction","target":{"@type":"EntryPoint","urlTemplate":"https:\/\/alvarofrias.com\/?s={search_term_string}"},"query-input":{"@type":"PropertyValueSpecification","valueRequired":true,"valueName":"search_term_string"}}],"inLanguage":"en-US"},{"@type":["Person","Organization"],"@id":"https:\/\/alvarofrias.com\/#\/schema\/person\/3840bca3322ad7c84fa331dc30692152","name":"\u00c1lvaro Fr\u00edas","image":{"@type":"ImageObject","inLanguage":"en-US","@id":"https:\/\/alvarofrias.com\/wp-content\/uploads\/2025\/05\/cropped-Picsart_25-05-27_01-33-14-792-scaled-1.png","url":"https:\/\/alvarofrias.com\/wp-content\/uploads\/2025\/05\/cropped-Picsart_25-05-27_01-33-14-792-scaled-1.png","contentUrl":"https:\/\/alvarofrias.com\/wp-content\/uploads\/2025\/05\/cropped-Picsart_25-05-27_01-33-14-792-scaled-1.png","width":512,"height":512,"caption":"\u00c1lvaro Fr\u00edas"},"logo":{"@id":"https:\/\/alvarofrias.com\/wp-content\/uploads\/2025\/05\/cropped-Picsart_25-05-27_01-33-14-792-scaled-1.png"},"description":"\u00c1lvaro Fr\u00edas, imaginero y restaurador, con taller en Alcal\u00e1 de Guada\u00edra. Formado en el taller del imaginero Antonio Jos\u00e9 Mart\u00ednez Rodr\u00edguez. Curs\u00f3 el Grado de Conservaci\u00f3n y Restauraci\u00f3n de Bienes Culturales en la Escuela Superior de Madrid, donde se especializ\u00f3 en Escultura. Su obra muestra un claro estilo naturalista, asimilado en el taller de su maestro, pero con grandes reminiscencias barrocas, influenciadas por la escuela sevillana. Adem\u00e1s, sus sentimientos religiosos hacen que sus obras transmitan piedad y devoci\u00f3n, siendo esculturas plenamente catequ\u00e9ticas con una clara funci\u00f3n evangelizadora y devocional.","sameAs":["http:\/\/www.alvarofrias.com","https:\/\/www.facebook.com\/p\/--Imaginero-y-Restaurador-61553494449802\/","https:\/\/www.instagram.com\/imaginero_alvarofrias\/","https:\/\/es.linkedin.com\/in\/alvaro-frias-nisa"],"knowsLanguage":["espa\u00f1ol","ingl\u00e9s"],"jobTitle":"Imaginero y Restaurador","worksFor":"\u00c1lvaro Fr\u00edas"}]}},"_links":{"self":[{"href":"https:\/\/alvarofrias.com\/en\/wp-json\/wp\/v2\/pages\/886","targetHints":{"allow":["GET"]}}],"collection":[{"href":"https:\/\/alvarofrias.com\/en\/wp-json\/wp\/v2\/pages"}],"about":[{"href":"https:\/\/alvarofrias.com\/en\/wp-json\/wp\/v2\/types\/page"}],"author":[{"embeddable":true,"href":"https:\/\/alvarofrias.com\/en\/wp-json\/wp\/v2\/users\/1"}],"replies":[{"embeddable":true,"href":"https:\/\/alvarofrias.com\/en\/wp-json\/wp\/v2\/comments?post=886"}],"version-history":[{"count":0,"href":"https:\/\/alvarofrias.com\/en\/wp-json\/wp\/v2\/pages\/886\/revisions"}],"wp:attachment":[{"href":"https:\/\/alvarofrias.com\/en\/wp-json\/wp\/v2\/media?parent=886"}],"curies":[{"name":"wp","href":"https:\/\/api.w.org\/{rel}","templated":true}]}}