{"id":877,"date":"2025-05-19T20:33:23","date_gmt":"2025-05-19T18:33:23","guid":{"rendered":"https:\/\/alvarofrias.com\/imagery\/"},"modified":"2025-06-03T11:19:28","modified_gmt":"2025-06-03T09:19:28","slug":"imagery","status":"publish","type":"page","link":"https:\/\/alvarofrias.com\/en\/services\/imagery\/","title":{"rendered":"Imagery"},"content":{"rendered":"\t\t<div data-elementor-type=\"wp-page\" data-elementor-id=\"877\" class=\"elementor elementor-877 elementor-97\" data-elementor-post-type=\"page\">\n\t\t\t\t\t\t<section class=\"elementor-section elementor-top-section elementor-element elementor-element-005e717 elementor-section-boxed elementor-section-height-default elementor-section-height-default elementor-invisible\" data-id=\"005e717\" data-element_type=\"section\" data-e-type=\"section\" data-settings=\"{&quot;background_background&quot;:&quot;classic&quot;,&quot;animation&quot;:&quot;fadeIn&quot;}\">\n\t\t\t\t\t\t\t<div class=\"elementor-background-overlay\"><\/div>\n\t\t\t\t\t\t\t<div class=\"elementor-container elementor-column-gap-default\">\n\t\t\t\t\t<div class=\"elementor-column elementor-col-100 elementor-top-column elementor-element elementor-element-9e0743c\" data-id=\"9e0743c\" data-element_type=\"column\" data-e-type=\"column\">\n\t\t\t<div class=\"elementor-widget-wrap elementor-element-populated\">\n\t\t\t\t\t\t<div class=\"elementor-element elementor-element-768537d elementor-widget__width-auto elementor-invisible elementor-widget elementor-widget-heading\" data-id=\"768537d\" data-element_type=\"widget\" data-e-type=\"widget\" data-settings=\"{&quot;_animation&quot;:&quot;fadeInLeft&quot;}\" data-widget_type=\"heading.default\">\n\t\t\t\t<div class=\"elementor-widget-container\">\n\t\t\t\t\t<h6 class=\"elementor-heading-title elementor-size-default\">Service<\/h6>\t\t\t\t<\/div>\n\t\t\t\t<\/div>\n\t\t\t\t<div class=\"elementor-element elementor-element-b42386b elementor-invisible elementor-widget elementor-widget-heading\" data-id=\"b42386b\" data-element_type=\"widget\" data-e-type=\"widget\" data-settings=\"{&quot;_animation&quot;:&quot;fadeInUp&quot;}\" data-widget_type=\"heading.default\">\n\t\t\t\t<div class=\"elementor-widget-container\">\n\t\t\t\t\t<h1 class=\"elementor-heading-title elementor-size-default\">IMAGERY<\/h1>\t\t\t\t<\/div>\n\t\t\t\t<\/div>\n\t\t\t\t<div class=\"elementor-element elementor-element-3ece69f elementor-invisible elementor-widget elementor-widget-text-editor\" data-id=\"3ece69f\" data-element_type=\"widget\" data-e-type=\"widget\" data-settings=\"{&quot;_animation&quot;:&quot;fadeInUp&quot;}\" data-widget_type=\"text-editor.default\">\n\t\t\t\t<div class=\"elementor-widget-container\">\n\t\t\t\t\t\t\t\t\t<p><span style=\"font-weight: 400;\">\u00ab<\/span><i><span style=\"font-weight: 400;\">Sculpture does not consist in the mere carving of the form of a thing, but in the carving of its effect.<\/span><\/i><span style=\"font-weight: 400;\">\u00bb <\/span><b>John Ruskin<\/b><\/p>\n\t\t\t\t\t\t\t\t<\/div>\n\t\t\t\t<\/div>\n\t\t\t\t\t<\/div>\n\t\t<\/div>\n\t\t\t\t\t<\/div>\n\t\t<\/section>\n\t\t\t\t<section class=\"elementor-section elementor-top-section elementor-element elementor-element-2a62ab1 elementor-reverse-tablet elementor-section-boxed elementor-section-height-default elementor-section-height-default\" data-id=\"2a62ab1\" data-element_type=\"section\" data-e-type=\"section\">\n\t\t\t\t\t\t<div class=\"elementor-container elementor-column-gap-default\">\n\t\t\t\t\t<div class=\"elementor-column elementor-col-50 elementor-top-column elementor-element elementor-element-e1742ca\" data-id=\"e1742ca\" data-element_type=\"column\" data-e-type=\"column\">\n\t\t\t<div class=\"elementor-widget-wrap elementor-element-populated\">\n\t\t\t\t\t\t<div class=\"elementor-element elementor-element-1d762ba elementor-widget-mobile__width-inherit elementor-invisible elementor-widget elementor-widget-text-editor\" data-id=\"1d762ba\" data-element_type=\"widget\" data-e-type=\"widget\" data-settings=\"{&quot;_animation&quot;:&quot;fadeInUp&quot;}\" data-widget_type=\"text-editor.default\">\n\t\t\t\t<div class=\"elementor-widget-container\">\n\t\t\t\t\t\t\t\t\t<p>Religious imagery is a specialty of sculpture dedicated to the visual representation of religious themes specific to the Catholic religion and culture. These representations have devotional, liturgical, processional, or catechetical purposes.<\/p>\n<p>The first sculptural manifestations of Christianity date back to the 3rd century AD, although with a more symbolic character. However, it was not until the Council of Trent (1545-1563) that sacred art took on the prominence it has today. This is due to the Protestant Counter-Reformation, where Catholicism, in opposition to it, placed great importance on devotional artistic expressions.<\/p>\n<p>From then on, and especially in Spain, artists were at the service of the Church. Thanks to this, different schools of sculpture emerged throughout the country, with artists who laid the foundations of modern religious imagery: Gregorio Fern\u00e1ndez, Pablo de Rojas, Juan Mart\u00ednez Monta\u00f1\u00e9s, Juan de Mesa, Pedro Rold\u00e1n, and many others.<\/p>\n<p>Therefore, imagery is a very complex art. Personally, I like to distinguish between the sculptor and the image-maker. The sculptor is the one who creates art by playing with the three dimensions, regardless of emotions. However, the image-maker should not represent the reality of a historical event with naturalistic forms; rather, their images should convey feelings of devotion and piety. When a person sees an image of the Lord and His Blessed Mother, whether they are a believer or not, it must move something within. This is what we call &#8220;anointing.&#8221;<\/p>\n\t\t\t\t\t\t\t\t<\/div>\n\t\t\t\t<\/div>\n\t\t\t\t\t<\/div>\n\t\t<\/div>\n\t\t\t\t<div class=\"elementor-column elementor-col-50 elementor-top-column elementor-element elementor-element-d1c77e5\" data-id=\"d1c77e5\" data-element_type=\"column\" data-e-type=\"column\">\n\t\t\t<div class=\"elementor-widget-wrap elementor-element-populated\">\n\t\t\t\t\t\t<div class=\"elementor-element elementor-element-e85ab44 elementor-invisible elementor-widget elementor-widget-image\" data-id=\"e85ab44\" data-element_type=\"widget\" data-e-type=\"widget\" data-settings=\"{&quot;_animation&quot;:&quot;fadeInRight&quot;}\" data-widget_type=\"image.default\">\n\t\t\t\t<div class=\"elementor-widget-container\">\n\t\t\t\t\t\t\t\t\t\t\t\t\t\t\t<img fetchpriority=\"high\" decoding=\"async\" width=\"500\" height=\"750\" src=\"https:\/\/alvarofrias.com\/wp-content\/uploads\/2025\/05\/45.jpg\" class=\"attachment-full size-full wp-image-38\" alt=\"\" srcset=\"https:\/\/alvarofrias.com\/wp-content\/uploads\/2025\/05\/45.jpg 500w, https:\/\/alvarofrias.com\/wp-content\/uploads\/2025\/05\/45-200x300.jpg 200w\" sizes=\"(max-width: 500px) 100vw, 500px\" \/>\t\t\t\t\t\t\t\t\t\t\t\t\t\t\t<\/div>\n\t\t\t\t<\/div>\n\t\t\t\t\t<\/div>\n\t\t<\/div>\n\t\t\t\t\t<\/div>\n\t\t<\/section>\n\t\t\t\t<section class=\"elementor-section elementor-top-section elementor-element elementor-element-61345e94 elementor-section-boxed elementor-section-height-default elementor-section-height-default\" data-id=\"61345e94\" data-element_type=\"section\" data-e-type=\"section\" data-settings=\"{&quot;background_background&quot;:&quot;classic&quot;}\">\n\t\t\t\t\t\t<div class=\"elementor-container elementor-column-gap-default\">\n\t\t\t\t\t<div class=\"elementor-column elementor-col-50 elementor-top-column elementor-element elementor-element-22f2fbe6\" data-id=\"22f2fbe6\" data-element_type=\"column\" data-e-type=\"column\">\n\t\t\t<div class=\"elementor-widget-wrap elementor-element-populated\">\n\t\t\t\t\t\t<div class=\"elementor-element elementor-element-3f461500 elementor-invisible elementor-widget elementor-widget-image\" data-id=\"3f461500\" data-element_type=\"widget\" data-e-type=\"widget\" data-settings=\"{&quot;_animation&quot;:&quot;fadeInUp&quot;}\" data-widget_type=\"image.default\">\n\t\t\t\t<div class=\"elementor-widget-container\">\n\t\t\t\t\t\t\t\t\t\t\t\t\t\t\t<img decoding=\"async\" width=\"1152\" height=\"2560\" src=\"https:\/\/alvarofrias.com\/wp-content\/uploads\/2025\/05\/Tallando-medinaceli-1-1-scaled.jpg\" class=\"attachment-full size-full wp-image-634\" alt=\"\" srcset=\"https:\/\/alvarofrias.com\/wp-content\/uploads\/2025\/05\/Tallando-medinaceli-1-1-scaled.jpg 1152w, https:\/\/alvarofrias.com\/wp-content\/uploads\/2025\/05\/Tallando-medinaceli-1-1-135x300.jpg 135w, https:\/\/alvarofrias.com\/wp-content\/uploads\/2025\/05\/Tallando-medinaceli-1-1-461x1024.jpg 461w, https:\/\/alvarofrias.com\/wp-content\/uploads\/2025\/05\/Tallando-medinaceli-1-1-768x1707.jpg 768w, https:\/\/alvarofrias.com\/wp-content\/uploads\/2025\/05\/Tallando-medinaceli-1-1-691x1536.jpg 691w, https:\/\/alvarofrias.com\/wp-content\/uploads\/2025\/05\/Tallando-medinaceli-1-1-922x2048.jpg 922w\" sizes=\"(max-width: 1152px) 100vw, 1152px\" \/>\t\t\t\t\t\t\t\t\t\t\t\t\t\t\t<\/div>\n\t\t\t\t<\/div>\n\t\t\t\t\t<\/div>\n\t\t<\/div>\n\t\t\t\t<div class=\"elementor-column elementor-col-50 elementor-top-column elementor-element elementor-element-606150d1\" data-id=\"606150d1\" data-element_type=\"column\" data-e-type=\"column\">\n\t\t\t<div class=\"elementor-widget-wrap elementor-element-populated\">\n\t\t\t\t\t\t<div class=\"elementor-element elementor-element-4af11ac9 elementor-invisible elementor-widget elementor-widget-text-editor\" data-id=\"4af11ac9\" data-element_type=\"widget\" data-e-type=\"widget\" data-settings=\"{&quot;_animation&quot;:&quot;fadeInUp&quot;,&quot;_animation_delay&quot;:250}\" data-widget_type=\"text-editor.default\">\n\t\t\t\t<div class=\"elementor-widget-container\">\n\t\t\t\t\t\t\t\t\t<h2><span style=\"color: #800080;\"><b><i>Creative Process<\/i><\/b><\/span><\/h2>\n<p><span style=\"font-weight: 400;\">To create an image, a clay sketch is first made so the client can see if it fits with their idea and if they like it, and then approve it.<\/span><\/p>\n<p><span style=\"font-weight: 400;\">After receiving a positive response, the image is carved in wood. Cedar wood is typically used, as it has a bitter smell and taste that repels wood-eating insects. It is, therefore, the best wood to ensure the image&#8217;s preservation.<\/span><\/p>\n<p><span style=\"font-weight: 400;\">Once the carving phase is complete, the wood must be treated and prepared with animal glue and stucco to be able to receive the oil polychrome.<\/span><\/p>\n<p><span style=\"font-weight: 400;\">A finished image is finished with artificial elements, such as natural hair eyelashes, glass tears, natural hair wigs, among others.<\/span><\/p>\n<p><span style=\"font-weight: 400;\">In my workshop, traditional methods are combined with modern contributions. Thanks to my university training in Conservation and Restoration, I can use more contemporary, technically proven materials and tools that ensure better conservation and durability of an image, thanks to their stability and compatibility.<\/span><\/p>\n\t\t\t\t\t\t\t\t<\/div>\n\t\t\t\t<\/div>\n\t\t\t\t\t<\/div>\n\t\t<\/div>\n\t\t\t\t\t<\/div>\n\t\t<\/section>\n\t\t\t\t<\/div>\n\t\t","protected":false},"excerpt":{"rendered":"<p>Service IMAGERY \u00abSculpture does not consist in the mere carving of the form of a thing, but in the carving of its effect.\u00bb John Ruskin Religious imagery is a specialty of sculpture dedicated to the visual representation of religious themes specific to the Catholic religion and culture. These representations have devotional, liturgical, processional, or catechetical [&hellip;]<\/p>\n","protected":false},"author":1,"featured_media":0,"parent":936,"menu_order":0,"comment_status":"closed","ping_status":"closed","template":"elementor_header_footer","meta":{"_joinchat":[],"footnotes":""},"class_list":["post-877","page","type-page","status-publish","hentry"],"yoast_head":"<!-- This site is optimized with the Yoast SEO Premium plugin v27.4 (Yoast SEO v27.5) - https:\/\/yoast.com\/product\/yoast-seo-premium-wordpress\/ -->\n<title>Imagery | \u00c1lvaro Fr\u00edas<\/title>\n<meta name=\"robots\" content=\"index, follow, max-snippet:-1, max-image-preview:large, max-video-preview:-1\" \/>\n<link rel=\"canonical\" href=\"https:\/\/alvarofrias.com\/servicios\/imagineria\/\" \/>\n<meta property=\"og:locale\" content=\"en_US\" \/>\n<meta property=\"og:type\" content=\"article\" \/>\n<meta property=\"og:title\" content=\"Imagery\" \/>\n<meta property=\"og:description\" content=\"Service IMAGERY \u00abSculpture does not consist in the mere carving of the form of a thing, but in the carving of its effect.\u00bb John Ruskin Religious imagery is a specialty of sculpture dedicated to the visual representation of religious themes specific to the Catholic religion and culture. These representations have devotional, liturgical, processional, or catechetical [&hellip;]\" \/>\n<meta property=\"og:url\" content=\"https:\/\/alvarofrias.com\/servicios\/imagineria\/\" \/>\n<meta property=\"og:site_name\" content=\"\u00c1lvaro Fr\u00edas\" \/>\n<meta property=\"article:publisher\" content=\"https:\/\/www.facebook.com\/p\/--Imaginero-y-Restaurador-61553494449802\/\" \/>\n<meta property=\"article:modified_time\" content=\"2025-06-03T09:19:28+00:00\" \/>\n<meta property=\"og:image\" content=\"https:\/\/alvarofrias.com\/wp-content\/uploads\/2025\/05\/45.jpg\" \/>\n\t<meta property=\"og:image:width\" content=\"500\" \/>\n\t<meta property=\"og:image:height\" content=\"750\" \/>\n\t<meta property=\"og:image:type\" content=\"image\/jpeg\" \/>\n<meta name=\"twitter:card\" content=\"summary_large_image\" \/>\n<meta name=\"twitter:label1\" content=\"Est. reading time\" \/>\n\t<meta name=\"twitter:data1\" content=\"2 minutes\" \/>\n<script type=\"application\/ld+json\" class=\"yoast-schema-graph\">{\"@context\":\"https:\\\/\\\/schema.org\",\"@graph\":[{\"@type\":\"WebPage\",\"@id\":\"https:\\\/\\\/alvarofrias.com\\\/servicios\\\/imagineria\\\/\",\"url\":\"https:\\\/\\\/alvarofrias.com\\\/servicios\\\/imagineria\\\/\",\"name\":\"Imagery | \u00c1lvaro Fr\u00edas\",\"isPartOf\":{\"@id\":\"https:\\\/\\\/alvarofrias.com\\\/#website\"},\"primaryImageOfPage\":{\"@id\":\"https:\\\/\\\/alvarofrias.com\\\/servicios\\\/imagineria\\\/#primaryimage\"},\"image\":{\"@id\":\"https:\\\/\\\/alvarofrias.com\\\/servicios\\\/imagineria\\\/#primaryimage\"},\"thumbnailUrl\":\"https:\\\/\\\/alvarofrias.com\\\/wp-content\\\/uploads\\\/2025\\\/05\\\/45.jpg\",\"datePublished\":\"2025-05-19T18:33:23+00:00\",\"dateModified\":\"2025-06-03T09:19:28+00:00\",\"breadcrumb\":{\"@id\":\"https:\\\/\\\/alvarofrias.com\\\/servicios\\\/imagineria\\\/#breadcrumb\"},\"inLanguage\":\"en-US\",\"potentialAction\":[{\"@type\":\"ReadAction\",\"target\":[\"https:\\\/\\\/alvarofrias.com\\\/servicios\\\/imagineria\\\/\"]}]},{\"@type\":\"ImageObject\",\"inLanguage\":\"en-US\",\"@id\":\"https:\\\/\\\/alvarofrias.com\\\/servicios\\\/imagineria\\\/#primaryimage\",\"url\":\"https:\\\/\\\/alvarofrias.com\\\/wp-content\\\/uploads\\\/2025\\\/05\\\/45.jpg\",\"contentUrl\":\"https:\\\/\\\/alvarofrias.com\\\/wp-content\\\/uploads\\\/2025\\\/05\\\/45.jpg\"},{\"@type\":\"BreadcrumbList\",\"@id\":\"https:\\\/\\\/alvarofrias.com\\\/servicios\\\/imagineria\\\/#breadcrumb\",\"itemListElement\":[{\"@type\":\"ListItem\",\"position\":1,\"name\":\"Portada\",\"item\":\"https:\\\/\\\/alvarofrias.com\\\/\"},{\"@type\":\"ListItem\",\"position\":2,\"name\":\"Services\",\"item\":\"https:\\\/\\\/alvarofrias.com\\\/services\\\/\"},{\"@type\":\"ListItem\",\"position\":3,\"name\":\"Imagery\"}]},{\"@type\":\"WebSite\",\"@id\":\"https:\\\/\\\/alvarofrias.com\\\/#website\",\"url\":\"https:\\\/\\\/alvarofrias.com\\\/\",\"name\":\"\u00c1lvaro Fr\u00edas\",\"description\":\"Imaginero y Restaurador\",\"publisher\":{\"@id\":\"https:\\\/\\\/alvarofrias.com\\\/#\\\/schema\\\/person\\\/3840bca3322ad7c84fa331dc30692152\"},\"alternateName\":\"\u00c1lvaro Fr\u00edas\",\"potentialAction\":[{\"@type\":\"SearchAction\",\"target\":{\"@type\":\"EntryPoint\",\"urlTemplate\":\"https:\\\/\\\/alvarofrias.com\\\/?s={search_term_string}\"},\"query-input\":{\"@type\":\"PropertyValueSpecification\",\"valueRequired\":true,\"valueName\":\"search_term_string\"}}],\"inLanguage\":\"en-US\"},{\"@type\":[\"Person\",\"Organization\"],\"@id\":\"https:\\\/\\\/alvarofrias.com\\\/#\\\/schema\\\/person\\\/3840bca3322ad7c84fa331dc30692152\",\"name\":\"\u00c1lvaro Fr\u00edas\",\"image\":{\"@type\":\"ImageObject\",\"inLanguage\":\"en-US\",\"@id\":\"https:\\\/\\\/alvarofrias.com\\\/wp-content\\\/uploads\\\/2025\\\/05\\\/cropped-Picsart_25-05-27_01-33-14-792-scaled-1.png\",\"url\":\"https:\\\/\\\/alvarofrias.com\\\/wp-content\\\/uploads\\\/2025\\\/05\\\/cropped-Picsart_25-05-27_01-33-14-792-scaled-1.png\",\"contentUrl\":\"https:\\\/\\\/alvarofrias.com\\\/wp-content\\\/uploads\\\/2025\\\/05\\\/cropped-Picsart_25-05-27_01-33-14-792-scaled-1.png\",\"width\":512,\"height\":512,\"caption\":\"\u00c1lvaro Fr\u00edas\"},\"logo\":{\"@id\":\"https:\\\/\\\/alvarofrias.com\\\/wp-content\\\/uploads\\\/2025\\\/05\\\/cropped-Picsart_25-05-27_01-33-14-792-scaled-1.png\"},\"description\":\"\u00c1lvaro Fr\u00edas, imaginero y restaurador, con taller en Alcal\u00e1 de Guada\u00edra. Formado en el taller del imaginero Antonio Jos\u00e9 Mart\u00ednez Rodr\u00edguez. Curs\u00f3 el Grado de Conservaci\u00f3n y Restauraci\u00f3n de Bienes Culturales en la Escuela Superior de Madrid, donde se especializ\u00f3 en Escultura. Su obra muestra un claro estilo naturalista, asimilado en el taller de su maestro, pero con grandes reminiscencias barrocas, influenciadas por la escuela sevillana. Adem\u00e1s, sus sentimientos religiosos hacen que sus obras transmitan piedad y devoci\u00f3n, siendo esculturas plenamente catequ\u00e9ticas con una clara funci\u00f3n evangelizadora y devocional.\",\"sameAs\":[\"http:\\\/\\\/www.alvarofrias.com\",\"https:\\\/\\\/www.facebook.com\\\/p\\\/--Imaginero-y-Restaurador-61553494449802\\\/\",\"https:\\\/\\\/www.instagram.com\\\/imaginero_alvarofrias\\\/\",\"https:\\\/\\\/es.linkedin.com\\\/in\\\/alvaro-frias-nisa\"],\"knowsLanguage\":[\"espa\u00f1ol\",\"ingl\u00e9s\"],\"jobTitle\":\"Imaginero y Restaurador\",\"worksFor\":\"\u00c1lvaro Fr\u00edas\"}]}<\/script>\n<!-- \/ Yoast SEO Premium plugin. -->","yoast_head_json":{"title":"Imagery | \u00c1lvaro Fr\u00edas","robots":{"index":"index","follow":"follow","max-snippet":"max-snippet:-1","max-image-preview":"max-image-preview:large","max-video-preview":"max-video-preview:-1"},"canonical":"https:\/\/alvarofrias.com\/servicios\/imagineria\/","og_locale":"en_US","og_type":"article","og_title":"Imagery","og_description":"Service IMAGERY \u00abSculpture does not consist in the mere carving of the form of a thing, but in the carving of its effect.\u00bb John Ruskin Religious imagery is a specialty of sculpture dedicated to the visual representation of religious themes specific to the Catholic religion and culture. These representations have devotional, liturgical, processional, or catechetical [&hellip;]","og_url":"https:\/\/alvarofrias.com\/servicios\/imagineria\/","og_site_name":"\u00c1lvaro Fr\u00edas","article_publisher":"https:\/\/www.facebook.com\/p\/--Imaginero-y-Restaurador-61553494449802\/","article_modified_time":"2025-06-03T09:19:28+00:00","og_image":[{"width":500,"height":750,"url":"https:\/\/alvarofrias.com\/wp-content\/uploads\/2025\/05\/45.jpg","type":"image\/jpeg"}],"twitter_card":"summary_large_image","twitter_misc":{"Est. reading time":"2 minutes"},"schema":{"@context":"https:\/\/schema.org","@graph":[{"@type":"WebPage","@id":"https:\/\/alvarofrias.com\/servicios\/imagineria\/","url":"https:\/\/alvarofrias.com\/servicios\/imagineria\/","name":"Imagery | \u00c1lvaro Fr\u00edas","isPartOf":{"@id":"https:\/\/alvarofrias.com\/#website"},"primaryImageOfPage":{"@id":"https:\/\/alvarofrias.com\/servicios\/imagineria\/#primaryimage"},"image":{"@id":"https:\/\/alvarofrias.com\/servicios\/imagineria\/#primaryimage"},"thumbnailUrl":"https:\/\/alvarofrias.com\/wp-content\/uploads\/2025\/05\/45.jpg","datePublished":"2025-05-19T18:33:23+00:00","dateModified":"2025-06-03T09:19:28+00:00","breadcrumb":{"@id":"https:\/\/alvarofrias.com\/servicios\/imagineria\/#breadcrumb"},"inLanguage":"en-US","potentialAction":[{"@type":"ReadAction","target":["https:\/\/alvarofrias.com\/servicios\/imagineria\/"]}]},{"@type":"ImageObject","inLanguage":"en-US","@id":"https:\/\/alvarofrias.com\/servicios\/imagineria\/#primaryimage","url":"https:\/\/alvarofrias.com\/wp-content\/uploads\/2025\/05\/45.jpg","contentUrl":"https:\/\/alvarofrias.com\/wp-content\/uploads\/2025\/05\/45.jpg"},{"@type":"BreadcrumbList","@id":"https:\/\/alvarofrias.com\/servicios\/imagineria\/#breadcrumb","itemListElement":[{"@type":"ListItem","position":1,"name":"Portada","item":"https:\/\/alvarofrias.com\/"},{"@type":"ListItem","position":2,"name":"Services","item":"https:\/\/alvarofrias.com\/services\/"},{"@type":"ListItem","position":3,"name":"Imagery"}]},{"@type":"WebSite","@id":"https:\/\/alvarofrias.com\/#website","url":"https:\/\/alvarofrias.com\/","name":"\u00c1lvaro Fr\u00edas","description":"Imaginero y Restaurador","publisher":{"@id":"https:\/\/alvarofrias.com\/#\/schema\/person\/3840bca3322ad7c84fa331dc30692152"},"alternateName":"\u00c1lvaro Fr\u00edas","potentialAction":[{"@type":"SearchAction","target":{"@type":"EntryPoint","urlTemplate":"https:\/\/alvarofrias.com\/?s={search_term_string}"},"query-input":{"@type":"PropertyValueSpecification","valueRequired":true,"valueName":"search_term_string"}}],"inLanguage":"en-US"},{"@type":["Person","Organization"],"@id":"https:\/\/alvarofrias.com\/#\/schema\/person\/3840bca3322ad7c84fa331dc30692152","name":"\u00c1lvaro Fr\u00edas","image":{"@type":"ImageObject","inLanguage":"en-US","@id":"https:\/\/alvarofrias.com\/wp-content\/uploads\/2025\/05\/cropped-Picsart_25-05-27_01-33-14-792-scaled-1.png","url":"https:\/\/alvarofrias.com\/wp-content\/uploads\/2025\/05\/cropped-Picsart_25-05-27_01-33-14-792-scaled-1.png","contentUrl":"https:\/\/alvarofrias.com\/wp-content\/uploads\/2025\/05\/cropped-Picsart_25-05-27_01-33-14-792-scaled-1.png","width":512,"height":512,"caption":"\u00c1lvaro Fr\u00edas"},"logo":{"@id":"https:\/\/alvarofrias.com\/wp-content\/uploads\/2025\/05\/cropped-Picsart_25-05-27_01-33-14-792-scaled-1.png"},"description":"\u00c1lvaro Fr\u00edas, imaginero y restaurador, con taller en Alcal\u00e1 de Guada\u00edra. Formado en el taller del imaginero Antonio Jos\u00e9 Mart\u00ednez Rodr\u00edguez. Curs\u00f3 el Grado de Conservaci\u00f3n y Restauraci\u00f3n de Bienes Culturales en la Escuela Superior de Madrid, donde se especializ\u00f3 en Escultura. Su obra muestra un claro estilo naturalista, asimilado en el taller de su maestro, pero con grandes reminiscencias barrocas, influenciadas por la escuela sevillana. Adem\u00e1s, sus sentimientos religiosos hacen que sus obras transmitan piedad y devoci\u00f3n, siendo esculturas plenamente catequ\u00e9ticas con una clara funci\u00f3n evangelizadora y devocional.","sameAs":["http:\/\/www.alvarofrias.com","https:\/\/www.facebook.com\/p\/--Imaginero-y-Restaurador-61553494449802\/","https:\/\/www.instagram.com\/imaginero_alvarofrias\/","https:\/\/es.linkedin.com\/in\/alvaro-frias-nisa"],"knowsLanguage":["espa\u00f1ol","ingl\u00e9s"],"jobTitle":"Imaginero y Restaurador","worksFor":"\u00c1lvaro Fr\u00edas"}]}},"_links":{"self":[{"href":"https:\/\/alvarofrias.com\/en\/wp-json\/wp\/v2\/pages\/877","targetHints":{"allow":["GET"]}}],"collection":[{"href":"https:\/\/alvarofrias.com\/en\/wp-json\/wp\/v2\/pages"}],"about":[{"href":"https:\/\/alvarofrias.com\/en\/wp-json\/wp\/v2\/types\/page"}],"author":[{"embeddable":true,"href":"https:\/\/alvarofrias.com\/en\/wp-json\/wp\/v2\/users\/1"}],"replies":[{"embeddable":true,"href":"https:\/\/alvarofrias.com\/en\/wp-json\/wp\/v2\/comments?post=877"}],"version-history":[{"count":0,"href":"https:\/\/alvarofrias.com\/en\/wp-json\/wp\/v2\/pages\/877\/revisions"}],"up":[{"embeddable":true,"href":"https:\/\/alvarofrias.com\/en\/wp-json\/wp\/v2\/pages\/936"}],"wp:attachment":[{"href":"https:\/\/alvarofrias.com\/en\/wp-json\/wp\/v2\/media?parent=877"}],"curies":[{"name":"wp","href":"https:\/\/api.w.org\/{rel}","templated":true}]}}